{"id":211127,"date":"2026-04-06T21:51:10","date_gmt":"2026-04-06T21:51:10","guid":{"rendered":"https:\/\/modesthanim.com\/product\/bej-bisiklet-yaka-minecraft-baskili-erkek-cocuk-tisort\/"},"modified":"2026-04-06T21:51:23","modified_gmt":"2026-04-06T21:51:23","slug":"bej-bisiklet-yaka-minecraft-baskili-erkek-cocuk-tisort","status":"publish","type":"product","link":"https:\/\/mod.wisdar.net\/tr\/urun\/bej-bisiklet-yaka-minecraft-baskili-erkek-cocuk-tisort\/","title":{"rendered":"Bej Bisiklet Yaka Minecraft Bask\u0131l\u0131 Erkek \u00c7ocuk Ti\u015f\u00f6rt"},"content":{"rendered":"<p>LCW Kids Bej Bisiklet Yaka Minecraft Bask\u0131l\u0131 Erkek \u00c7ocuk Ti\u015f\u00f6rt size \u00f6zel indirim, taksit ve kap\u0131da \u00f6deme avantajlar\u0131yla LCW&#8217;de! Hemen online al\u0131\u015fveri\u015f yap, \u00fcr\u00fcn kap\u0131na gelsin! \u2013 S6GS18Z1-QVK<\/p>\n<p>\u2014 Technical Details \u2014<br \/>\nKal\u0131p: Loose &amp; Bol<br \/>\nYaka: Bisiklet Yaka<br \/>\nDesen: Bask\u0131l\u0131<br \/>\nKuma\u015f: Penye<br \/>\nKal\u0131nl\u0131k: \u0130nce<br \/>\nKol Boyu: K\u0131sa Kollu<br \/>\nLisans: Minecraft<\/p>\n","protected":false},"excerpt":{"rendered":"<p>LCW Kids Bej Bisiklet Yaka Minecraft Bask\u0131l\u0131 Erkek \u00c7ocuk Ti\u015f\u00f6rt size \u00f6zel indirim, taksit ve kap\u0131da \u00f6deme avantajlar\u0131yla LCW&#8217;de! Hemen online al\u0131\u015fveri\u015f yap, \u00fcr\u00fcn kap\u0131na gelsin! \u2013 S6GS18Z1-QVK \u2014 Technical Details \u2014 Kal\u0131p: Loose &amp; Bol Yaka: Bisiklet Yaka Desen: Bask\u0131l\u0131 Kuma\u015f: Penye Kal\u0131nl\u0131k: \u0130nce Kol Boyu: K\u0131sa Kollu Lisans: Minecraft<\/p>\n","protected":false},"featured_media":211124,"comment_status":"open","ping_status":"closed","template":"","meta":[],"product_brand":[],"product_cat":[8739,8694,8742],"product_tag":[7426],"class_list":{"0":"post-211127","1":"product","2":"type-product","3":"status-publish","4":"has-post-thumbnail","6":"product_cat-erkek-cocuklar-2-14-yas","7":"product_cat-cocuklar","8":"product_cat-tisortler-gomlekler","9":"product_tag-gunluk-giyim-3","10":"pa_brand-lcw-kids","11":"pa_color-bej","12":"pa_size-4-5-yas","13":"pa_size-5-6-yas","14":"pa_size-6-7-yas","15":"pa_size-7-8-yas","17":"first","18":"instock","19":"sale","20":"shipping-taxable","21":"purchasable","22":"product-type-variable"},"_links":{"self":[{"href":"https:\/\/mod.wisdar.net\/tr\/wp-json\/wp\/v2\/product\/211127","targetHints":{"allow":["GET"]}}],"collection":[{"href":"https:\/\/mod.wisdar.net\/tr\/wp-json\/wp\/v2\/product"}],"about":[{"href":"https:\/\/mod.wisdar.net\/tr\/wp-json\/wp\/v2\/types\/product"}],"replies":[{"embeddable":true,"href":"https:\/\/mod.wisdar.net\/tr\/wp-json\/wp\/v2\/comments?post=211127"}],"wp:featuredmedia":[{"embeddable":true,"href":"https:\/\/mod.wisdar.net\/tr\/wp-json\/wp\/v2\/media\/211124"}],"wp:attachment":[{"href":"https:\/\/mod.wisdar.net\/tr\/wp-json\/wp\/v2\/media?parent=211127"}],"wp:term":[{"taxonomy":"product_brand","embeddable":true,"href":"https:\/\/mod.wisdar.net\/tr\/wp-json\/wp\/v2\/product_brand?post=211127"},{"taxonomy":"product_cat","embeddable":true,"href":"https:\/\/mod.wisdar.net\/tr\/wp-json\/wp\/v2\/product_cat?post=211127"},{"taxonomy":"product_tag","embeddable":true,"href":"https:\/\/mod.wisdar.net\/tr\/wp-json\/wp\/v2\/product_tag?post=211127"}],"curies":[{"name":"wp","href":"https:\/\/api.w.org\/{rel}","templated":true}]}}