{"id":211250,"date":"2026-04-06T21:52:09","date_gmt":"2026-04-06T21:52:09","guid":{"rendered":"https:\/\/modesthanim.com\/product\/beyaz-paw-patrol-baskili-erkek-cocuk-tisort-ve-sort-2li\/"},"modified":"2026-04-15T22:16:41","modified_gmt":"2026-04-15T22:16:41","slug":"beyaz-paw-patrol-baskili-erkek-cocuk-tisort-ve-sort-2li","status":"publish","type":"product","link":"https:\/\/mod.wisdar.net\/tr\/urun\/beyaz-paw-patrol-baskili-erkek-cocuk-tisort-ve-sort-2li\/","title":{"rendered":"Beyaz Paw Patrol Bask\u0131l\u0131 Erkek \u00c7ocuk Ti\u015f\u00f6rt Ve \u015eort 2&#8217;li"},"content":{"rendered":"<p>LCW Kids Beyaz Paw Patrol Bask\u0131l\u0131 Erkek \u00c7ocuk Ti\u015f\u00f6rt ve \u015eort 2&#8217;li size \u00f6zel indirim, taksit ve kap\u0131da \u00f6deme avantajlar\u0131yla LCW&#8217;de! Hemen online al\u0131\u015fveri\u015f yap, \u00fcr\u00fcn kap\u0131na gelsin! \u2013 S5NM69Z1-Q6K<\/p>\n<p>\u2014 Technical Details \u2014<br \/>\nMen\u015fei: Turk\u0131ye<br \/>\nSat\u0131c\u0131: LC Waikiki<br \/>\nMarka: LCW Kids<br \/>\n\u00dcr\u00fcn Tipi: Tak\u0131m<br \/>\nCinsiyet: Erkek \u00c7ocuk<br \/>\nKal\u0131p: Standart &amp; Regular<br \/>\nKuma\u015f: Penye<br \/>\nBel Fiti: Beli Lastikli<br \/>\nDesen: Bask\u0131l\u0131<br \/>\nYaka: Bisiklet Yaka<br \/>\nKal\u0131nl\u0131k: \u0130nce<br \/>\nKol Boyu: K\u0131sa Kollu<br \/>\nLisans: Paw Patrol<br \/>\nMalzeme: %100 Pamuk<br \/>\nPar\u00e7a Say\u0131s\u0131: 2 Par\u00e7a<\/p>\n","protected":false},"excerpt":{"rendered":"<p>LCW Kids Beyaz Paw Patrol Bask\u0131l\u0131 Erkek \u00c7ocuk Ti\u015f\u00f6rt ve \u015eort 2&#8217;li size \u00f6zel indirim, taksit ve kap\u0131da \u00f6deme avantajlar\u0131yla LCW&#8217;de! Hemen online al\u0131\u015fveri\u015f yap, \u00fcr\u00fcn kap\u0131na gelsin! \u2013 S5NM69Z1-Q6K \u2014 Technical Details \u2014 Men\u015fei: Turk\u0131ye Sat\u0131c\u0131: LC Waikiki Marka: LCW Kids \u00dcr\u00fcn Tipi: Tak\u0131m Cinsiyet: Erkek \u00c7ocuk Kal\u0131p: Standart &amp; Regular Kuma\u015f: Penye Bel [&hellip;]<\/p>\n","protected":false},"featured_media":211240,"comment_status":"open","ping_status":"closed","template":"","meta":[],"product_brand":[],"product_cat":[8745,8739,8694],"product_tag":[4579,4560,8022,8110,7444,6765],"class_list":{"0":"post-211250","1":"product","2":"type-product","3":"status-publish","4":"has-post-thumbnail","6":"product_cat-erkek-cocuk-takimlari","7":"product_cat-erkek-cocuklar-2-14-yas","8":"product_cat-cocuklar","9":"product_tag-100-cotton","10":"product_tag-2-pieces","11":"product_tag-baskili-2","12":"product_tag-bisiklet-yaka-2","13":"product_tag-jarse","14":"product_tag-lastikli-bel","15":"pa_brand-lcw-kids","16":"pa_color-buxe-beyazi","17":"pa_size-1-2-yas","18":"pa_size-2-3-yas","19":"pa_size-3-4-yas","20":"pa_size-4-5-yas","21":"pa_size-5-6-yas","22":"pa_size-6-7-yas","23":"pa_size-7-8-yas","24":"pa_size-9-12-ay","26":"first","27":"instock","28":"sale","29":"shipping-taxable","30":"purchasable","31":"product-type-variable"},"_links":{"self":[{"href":"https:\/\/mod.wisdar.net\/tr\/wp-json\/wp\/v2\/product\/211250","targetHints":{"allow":["GET"]}}],"collection":[{"href":"https:\/\/mod.wisdar.net\/tr\/wp-json\/wp\/v2\/product"}],"about":[{"href":"https:\/\/mod.wisdar.net\/tr\/wp-json\/wp\/v2\/types\/product"}],"replies":[{"embeddable":true,"href":"https:\/\/mod.wisdar.net\/tr\/wp-json\/wp\/v2\/comments?post=211250"}],"wp:featuredmedia":[{"embeddable":true,"href":"https:\/\/mod.wisdar.net\/tr\/wp-json\/wp\/v2\/media\/211240"}],"wp:attachment":[{"href":"https:\/\/mod.wisdar.net\/tr\/wp-json\/wp\/v2\/media?parent=211250"}],"wp:term":[{"taxonomy":"product_brand","embeddable":true,"href":"https:\/\/mod.wisdar.net\/tr\/wp-json\/wp\/v2\/product_brand?post=211250"},{"taxonomy":"product_cat","embeddable":true,"href":"https:\/\/mod.wisdar.net\/tr\/wp-json\/wp\/v2\/product_cat?post=211250"},{"taxonomy":"product_tag","embeddable":true,"href":"https:\/\/mod.wisdar.net\/tr\/wp-json\/wp\/v2\/product_tag?post=211250"}],"curies":[{"name":"wp","href":"https:\/\/api.w.org\/{rel}","templated":true}]}}