{"id":211295,"date":"2026-04-06T21:52:37","date_gmt":"2026-04-06T21:52:37","guid":{"rendered":"https:\/\/modesthanim.com\/product\/ekru-bisiklet-yaka-cicekli-kiz-cocuk-atlet-2li\/"},"modified":"2026-04-13T22:51:10","modified_gmt":"2026-04-13T22:51:10","slug":"ekru-bisiklet-yaka-cicekli-kiz-cocuk-atlet-2li","status":"publish","type":"product","link":"https:\/\/mod.wisdar.net\/tr\/urun\/ekru-bisiklet-yaka-cicekli-kiz-cocuk-atlet-2li\/","title":{"rendered":"Ekru Bisiklet Yaka \u00c7i\u00e7ekli K\u0131z \u00c7ocuk Atlet 2&#8217;li"},"content":{"rendered":"<p>LCW Kids Ekru Bisiklet Yaka \u00c7i\u00e7ekli K\u0131z \u00c7ocuk Atlet 2&#8217;li size \u00f6zel indirim, taksit ve kap\u0131da \u00f6deme avantajlar\u0131yla LCW&#8217;de! Hemen online al\u0131\u015fveri\u015f yap, \u00fcr\u00fcn kap\u0131na gelsin! \u2013 S6N174Z1-LRB<\/p>\n<p>\u2014 Technical Details \u2014<br \/>\n\u00dcr\u00fcn Tipi: \u0130\u00e7 Giyim Atlet<br \/>\nCinsiyet: K\u0131z \u00c7ocuk<br \/>\nKal\u0131p: Standart &amp; Regular<br \/>\nKuma\u015f: Penye<br \/>\nDesen: \u00c7i\u00e7ekli<br \/>\nYaka: Bisiklet Yaka<br \/>\nKol Boyu: Kolsuz<br \/>\nPaket \u0130\u00e7eri\u011fi: 2&#8217;li Paket<br \/>\nMalzeme: %100 Pamuk<br \/>\nPar\u00e7a Say\u0131s\u0131: 2 Par\u00e7a<\/p>\n","protected":false},"excerpt":{"rendered":"<p>LCW Kids Ekru Bisiklet Yaka \u00c7i\u00e7ekli K\u0131z \u00c7ocuk Atlet 2&#8217;li size \u00f6zel indirim, taksit ve kap\u0131da \u00f6deme avantajlar\u0131yla LCW&#8217;de! Hemen online al\u0131\u015fveri\u015f yap, \u00fcr\u00fcn kap\u0131na gelsin! \u2013 S6N174Z1-LRB \u2014 Technical Details \u2014 \u00dcr\u00fcn Tipi: \u0130\u00e7 Giyim Atlet Cinsiyet: K\u0131z \u00c7ocuk Kal\u0131p: Standart &amp; Regular Kuma\u015f: Penye Desen: \u00c7i\u00e7ekli Yaka: Bisiklet Yaka Kol Boyu: Kolsuz Paket [&hellip;]<\/p>\n","protected":false},"featured_media":211289,"comment_status":"open","ping_status":"closed","template":"","meta":[],"product_brand":[],"product_cat":[8733,8715,8694],"product_tag":[8950,4968,9639,8899,12625,9360,8906],"class_list":{"0":"post-211295","1":"product","2":"type-product","3":"status-publish","4":"has-post-thumbnail","6":"product_cat-ic-giyim","7":"product_cat-kiz-cocuklari-2-14-yas","8":"product_cat-cocuklar","9":"product_tag-2-pack","10":"product_tag-bicycle-neck","11":"product_tag-cotton-underwear","12":"product_tag-floral-print","13":"product_tag-girls-tank-top","14":"product_tag-kids-wear","15":"product_tag-lcw-kids","16":"pa_brand-lcw-kids","17":"pa_color-ekru","18":"pa_size-2-3-yas","19":"pa_size-3-4-yas","20":"pa_size-5-6-yas","21":"pa_size-7-8-yas","23":"first","24":"instock","25":"sale","26":"shipping-taxable","27":"purchasable","28":"product-type-variable"},"_links":{"self":[{"href":"https:\/\/mod.wisdar.net\/tr\/wp-json\/wp\/v2\/product\/211295","targetHints":{"allow":["GET"]}}],"collection":[{"href":"https:\/\/mod.wisdar.net\/tr\/wp-json\/wp\/v2\/product"}],"about":[{"href":"https:\/\/mod.wisdar.net\/tr\/wp-json\/wp\/v2\/types\/product"}],"replies":[{"embeddable":true,"href":"https:\/\/mod.wisdar.net\/tr\/wp-json\/wp\/v2\/comments?post=211295"}],"wp:featuredmedia":[{"embeddable":true,"href":"https:\/\/mod.wisdar.net\/tr\/wp-json\/wp\/v2\/media\/211289"}],"wp:attachment":[{"href":"https:\/\/mod.wisdar.net\/tr\/wp-json\/wp\/v2\/media?parent=211295"}],"wp:term":[{"taxonomy":"product_brand","embeddable":true,"href":"https:\/\/mod.wisdar.net\/tr\/wp-json\/wp\/v2\/product_brand?post=211295"},{"taxonomy":"product_cat","embeddable":true,"href":"https:\/\/mod.wisdar.net\/tr\/wp-json\/wp\/v2\/product_cat?post=211295"},{"taxonomy":"product_tag","embeddable":true,"href":"https:\/\/mod.wisdar.net\/tr\/wp-json\/wp\/v2\/product_tag?post=211295"}],"curies":[{"name":"wp","href":"https:\/\/api.w.org\/{rel}","templated":true}]}}