{"id":211359,"date":"2026-04-06T21:53:16","date_gmt":"2026-04-06T21:53:16","guid":{"rendered":"https:\/\/modesthanim.com\/product\/ekru-2li-bisiklet-yaka-kiz-cocuk-bustiyer\/"},"modified":"2026-04-06T22:39:43","modified_gmt":"2026-04-06T22:39:43","slug":"ekru-2li-bisiklet-yaka-kiz-cocuk-bustiyer","status":"publish","type":"product","link":"https:\/\/mod.wisdar.net\/tr\/urun\/ekru-2li-bisiklet-yaka-kiz-cocuk-bustiyer\/","title":{"rendered":"Ekru 2&#8217;li Bisiklet Yaka K\u0131z \u00c7ocuk B\u00fcstiyer"},"content":{"rendered":"<p>LC WAIKIKI Ekru 2&#8217;li Bisiklet Yaka K\u0131z \u00c7ocuk B\u00fcstiyer size \u00f6zel indirim, taksit ve kap\u0131da \u00f6deme avantajlar\u0131yla LCW&#8217;de! Hemen online al\u0131\u015fveri\u015f yap, \u00fcr\u00fcn kap\u0131na gelsin! \u2013 S6H625Z4-FDU<\/p>\n<p>\u2014 Technical Details \u2014<br \/>\nMen\u015fei: Turk\u0131ye<br \/>\nSat\u0131c\u0131: LC Waikiki<br \/>\nMarka: LC WAIKIKI<br \/>\n\u00dcr\u00fcn Tipi: B\u00fcstiyer<br \/>\nCinsiyet: K\u0131z \u00c7ocuk<br \/>\nDesen: Bask\u0131l\u0131<br \/>\nPaket \u0130\u00e7eri\u011fi: 2&#8217;li Paket<br \/>\nMalzeme: Y\u00fcksek Pamuk \u0130\u00e7erir<br \/>\nPar\u00e7a Say\u0131s\u0131: 2 Par\u00e7a<br \/>\nKol Boyu: Kolsuz<br \/>\nKal\u0131p: Standart &amp; Regular<\/p>\n","protected":false},"excerpt":{"rendered":"<p>LC WAIKIKI Ekru 2&#8217;li Bisiklet Yaka K\u0131z \u00c7ocuk B\u00fcstiyer size \u00f6zel indirim, taksit ve kap\u0131da \u00f6deme avantajlar\u0131yla LCW&#8217;de! Hemen online al\u0131\u015fveri\u015f yap, \u00fcr\u00fcn kap\u0131na gelsin! \u2013 S6H625Z4-FDU \u2014 Technical Details \u2014 Men\u015fei: Turk\u0131ye Sat\u0131c\u0131: LC Waikiki Marka: LC WAIKIKI \u00dcr\u00fcn Tipi: B\u00fcstiyer Cinsiyet: K\u0131z \u00c7ocuk Desen: Bask\u0131l\u0131 Paket \u0130\u00e7eri\u011fi: 2&#8217;li Paket Malzeme: Y\u00fcksek Pamuk \u0130\u00e7erir [&hellip;]<\/p>\n","protected":false},"featured_media":211351,"comment_status":"open","ping_status":"closed","template":"","meta":[],"product_brand":[],"product_cat":[8733,8715,8694],"product_tag":[6753,7700],"class_list":{"0":"post-211359","1":"product","2":"type-product","3":"status-publish","4":"has-post-thumbnail","6":"product_cat-ic-giyim","7":"product_cat-kiz-cocuklari-2-14-yas","8":"product_cat-cocuklar","9":"product_tag-bej","10":"product_tag-lc-waikiki","11":"pa_brand-lc-waikiki","12":"pa_color-ekru","13":"pa_size-11-12-yas","14":"pa_size-13-14-yas","15":"pa_size-9-10-yas","17":"first","18":"instock","19":"sale","20":"shipping-taxable","21":"purchasable","22":"product-type-variable"},"_links":{"self":[{"href":"https:\/\/mod.wisdar.net\/tr\/wp-json\/wp\/v2\/product\/211359","targetHints":{"allow":["GET"]}}],"collection":[{"href":"https:\/\/mod.wisdar.net\/tr\/wp-json\/wp\/v2\/product"}],"about":[{"href":"https:\/\/mod.wisdar.net\/tr\/wp-json\/wp\/v2\/types\/product"}],"replies":[{"embeddable":true,"href":"https:\/\/mod.wisdar.net\/tr\/wp-json\/wp\/v2\/comments?post=211359"}],"wp:featuredmedia":[{"embeddable":true,"href":"https:\/\/mod.wisdar.net\/tr\/wp-json\/wp\/v2\/media\/211351"}],"wp:attachment":[{"href":"https:\/\/mod.wisdar.net\/tr\/wp-json\/wp\/v2\/media?parent=211359"}],"wp:term":[{"taxonomy":"product_brand","embeddable":true,"href":"https:\/\/mod.wisdar.net\/tr\/wp-json\/wp\/v2\/product_brand?post=211359"},{"taxonomy":"product_cat","embeddable":true,"href":"https:\/\/mod.wisdar.net\/tr\/wp-json\/wp\/v2\/product_cat?post=211359"},{"taxonomy":"product_tag","embeddable":true,"href":"https:\/\/mod.wisdar.net\/tr\/wp-json\/wp\/v2\/product_tag?post=211359"}],"curies":[{"name":"wp","href":"https:\/\/api.w.org\/{rel}","templated":true}]}}