{"id":211493,"date":"2026-04-06T21:54:35","date_gmt":"2026-04-06T21:54:35","guid":{"rendered":"https:\/\/modesthanim.com\/product\/pembe-basic-kiz-cocuk-kulot-5li\/"},"modified":"2026-04-06T21:54:49","modified_gmt":"2026-04-06T21:54:49","slug":"pembe-basic-kiz-cocuk-kulot-5li","status":"publish","type":"product","link":"https:\/\/mod.wisdar.net\/tr\/urun\/pembe-basic-kiz-cocuk-kulot-5li\/","title":{"rendered":"Pembe Basic K\u0131z \u00c7ocuk K\u00fclot 5&#8217;li"},"content":{"rendered":"<p>LCW Kids Pembe Basic K\u0131z \u00c7ocuk K\u00fclot 5&#8217;li size \u00f6zel indirim, taksit ve kap\u0131da \u00f6deme avantajlar\u0131yla LCW&#8217;de! Hemen online al\u0131\u015fveri\u015f yap, \u00fcr\u00fcn kap\u0131na gelsin! \u2013 S62250Z4-FWW<\/p>\n<p>\u2014 Technical Details \u2014<br \/>\nMen\u015fei: Banglade\u015f,Turk\u0131ye<br \/>\nSat\u0131c\u0131: LC Waikiki<br \/>\nMarka: LCW Kids<br \/>\n\u00dcr\u00fcn Tipi: K\u00fclot<br \/>\nCinsiyet: K\u0131z \u00c7ocuk<br \/>\nKuma\u015f: Penye<br \/>\nDesen: D\u00fcz<br \/>\nPaket \u0130\u00e7eri\u011fi: 5&#8217;li Paket<br \/>\nPar\u00e7a Say\u0131s\u0131: 5 Par\u00e7a<br \/>\nMalzeme: %100 Pamuk<br \/>\nKal\u0131p: Standart &amp; Regular<\/p>\n","protected":false},"excerpt":{"rendered":"<p>LCW Kids Pembe Basic K\u0131z \u00c7ocuk K\u00fclot 5&#8217;li size \u00f6zel indirim, taksit ve kap\u0131da \u00f6deme avantajlar\u0131yla LCW&#8217;de! Hemen online al\u0131\u015fveri\u015f yap, \u00fcr\u00fcn kap\u0131na gelsin! \u2013 S62250Z4-FWW \u2014 Technical Details \u2014 Men\u015fei: Banglade\u015f,Turk\u0131ye Sat\u0131c\u0131: LC Waikiki Marka: LCW Kids \u00dcr\u00fcn Tipi: K\u00fclot Cinsiyet: K\u0131z \u00c7ocuk Kuma\u015f: Penye Desen: D\u00fcz Paket \u0130\u00e7eri\u011fi: 5&#8217;li Paket Par\u00e7a Say\u0131s\u0131: 5 [&hellip;]<\/p>\n","protected":false},"featured_media":211478,"comment_status":"open","ping_status":"closed","template":"","meta":[],"product_brand":[],"product_cat":[8733,8715,8694],"product_tag":[7744],"class_list":{"0":"post-211493","1":"product","2":"type-product","3":"status-publish","4":"has-post-thumbnail","6":"product_cat-ic-giyim","7":"product_cat-kiz-cocuklari-2-14-yas","8":"product_cat-cocuklar","9":"product_tag-pembe","10":"pa_brand-lcw-kids","11":"pa_color-acik-pembe","12":"pa_size-11-12-yas","13":"pa_size-13-14-yas","14":"pa_size-7-8-yas","15":"pa_size-9-10-yas","17":"first","18":"instock","19":"sale","20":"shipping-taxable","21":"purchasable","22":"product-type-variable"},"_links":{"self":[{"href":"https:\/\/mod.wisdar.net\/tr\/wp-json\/wp\/v2\/product\/211493","targetHints":{"allow":["GET"]}}],"collection":[{"href":"https:\/\/mod.wisdar.net\/tr\/wp-json\/wp\/v2\/product"}],"about":[{"href":"https:\/\/mod.wisdar.net\/tr\/wp-json\/wp\/v2\/types\/product"}],"replies":[{"embeddable":true,"href":"https:\/\/mod.wisdar.net\/tr\/wp-json\/wp\/v2\/comments?post=211493"}],"wp:featuredmedia":[{"embeddable":true,"href":"https:\/\/mod.wisdar.net\/tr\/wp-json\/wp\/v2\/media\/211478"}],"wp:attachment":[{"href":"https:\/\/mod.wisdar.net\/tr\/wp-json\/wp\/v2\/media?parent=211493"}],"wp:term":[{"taxonomy":"product_brand","embeddable":true,"href":"https:\/\/mod.wisdar.net\/tr\/wp-json\/wp\/v2\/product_brand?post=211493"},{"taxonomy":"product_cat","embeddable":true,"href":"https:\/\/mod.wisdar.net\/tr\/wp-json\/wp\/v2\/product_cat?post=211493"},{"taxonomy":"product_tag","embeddable":true,"href":"https:\/\/mod.wisdar.net\/tr\/wp-json\/wp\/v2\/product_tag?post=211493"}],"curies":[{"name":"wp","href":"https:\/\/api.w.org\/{rel}","templated":true}]}}