{"id":211556,"date":"2026-04-06T21:55:22","date_gmt":"2026-04-06T21:55:22","guid":{"rendered":"https:\/\/modesthanim.com\/product\/pembe-kiz-cocuk-baskili-kulot-5li\/"},"modified":"2026-04-06T21:55:33","modified_gmt":"2026-04-06T21:55:33","slug":"pembe-kiz-cocuk-baskili-kulot-5li","status":"publish","type":"product","link":"https:\/\/mod.wisdar.net\/tr\/urun\/pembe-kiz-cocuk-baskili-kulot-5li\/","title":{"rendered":"Pembe K\u0131z \u00c7ocuk Bask\u0131l\u0131 K\u00fclot 5&#8217;li"},"content":{"rendered":"<p>LCW Kids Pembe K\u0131z \u00c7ocuk Bask\u0131l\u0131 K\u00fclot 5&#8217;li size \u00f6zel indirim, taksit ve kap\u0131da \u00f6deme avantajlar\u0131yla LCW&#8217;de! Hemen online al\u0131\u015fveri\u015f yap, \u00fcr\u00fcn kap\u0131na gelsin! \u2013 S62339Z4-FSA<\/p>\n<p>\u2014 Technical Details \u2014<br \/>\nMen\u015fei: Turk\u0131ye<br \/>\nSat\u0131c\u0131: LC Waikiki<br \/>\nMarka: LCW Kids<br \/>\n\u00dcr\u00fcn Tipi: K\u00fclot<br \/>\nCinsiyet: K\u0131z \u00c7ocuk<br \/>\nKuma\u015f: Penye<br \/>\nDesen: Bask\u0131l\u0131<br \/>\nPaket \u0130\u00e7eri\u011fi: 5&#8217;li Paket<br \/>\nPar\u00e7a Say\u0131s\u0131: 5 Par\u00e7a<br \/>\nMalzeme: %100 Pamuk<br \/>\nKal\u0131p: Standart &amp; Regular<\/p>\n","protected":false},"excerpt":{"rendered":"<p>LCW Kids Pembe K\u0131z \u00c7ocuk Bask\u0131l\u0131 K\u00fclot 5&#8217;li size \u00f6zel indirim, taksit ve kap\u0131da \u00f6deme avantajlar\u0131yla LCW&#8217;de! Hemen online al\u0131\u015fveri\u015f yap, \u00fcr\u00fcn kap\u0131na gelsin! \u2013 S62339Z4-FSA \u2014 Technical Details \u2014 Men\u015fei: Turk\u0131ye Sat\u0131c\u0131: LC Waikiki Marka: LCW Kids \u00dcr\u00fcn Tipi: K\u00fclot Cinsiyet: K\u0131z \u00c7ocuk Kuma\u015f: Penye Desen: Bask\u0131l\u0131 Paket \u0130\u00e7eri\u011fi: 5&#8217;li Paket Par\u00e7a Say\u0131s\u0131: 5 [&hellip;]<\/p>\n","protected":false},"featured_media":211554,"comment_status":"open","ping_status":"closed","template":"","meta":[],"product_brand":[],"product_cat":[8733,8715,8694],"product_tag":[4579,8022,7444,8244],"class_list":{"0":"post-211556","1":"product","2":"type-product","3":"status-publish","4":"has-post-thumbnail","6":"product_cat-ic-giyim","7":"product_cat-kiz-cocuklari-2-14-yas","8":"product_cat-cocuklar","9":"product_tag-100-cotton","10":"product_tag-baskili-2","11":"product_tag-jarse","12":"product_tag-standart-normal","13":"pa_brand-lcw-kids","14":"pa_color-acik-pembe","15":"pa_size-11-12-yas","16":"pa_size-13-14-yas","17":"pa_size-7-8-yas","18":"pa_size-9-10-yas","20":"first","21":"instock","22":"sale","23":"shipping-taxable","24":"purchasable","25":"product-type-variable"},"_links":{"self":[{"href":"https:\/\/mod.wisdar.net\/tr\/wp-json\/wp\/v2\/product\/211556","targetHints":{"allow":["GET"]}}],"collection":[{"href":"https:\/\/mod.wisdar.net\/tr\/wp-json\/wp\/v2\/product"}],"about":[{"href":"https:\/\/mod.wisdar.net\/tr\/wp-json\/wp\/v2\/types\/product"}],"replies":[{"embeddable":true,"href":"https:\/\/mod.wisdar.net\/tr\/wp-json\/wp\/v2\/comments?post=211556"}],"wp:featuredmedia":[{"embeddable":true,"href":"https:\/\/mod.wisdar.net\/tr\/wp-json\/wp\/v2\/media\/211554"}],"wp:attachment":[{"href":"https:\/\/mod.wisdar.net\/tr\/wp-json\/wp\/v2\/media?parent=211556"}],"wp:term":[{"taxonomy":"product_brand","embeddable":true,"href":"https:\/\/mod.wisdar.net\/tr\/wp-json\/wp\/v2\/product_brand?post=211556"},{"taxonomy":"product_cat","embeddable":true,"href":"https:\/\/mod.wisdar.net\/tr\/wp-json\/wp\/v2\/product_cat?post=211556"},{"taxonomy":"product_tag","embeddable":true,"href":"https:\/\/mod.wisdar.net\/tr\/wp-json\/wp\/v2\/product_tag?post=211556"}],"curies":[{"name":"wp","href":"https:\/\/api.w.org\/{rel}","templated":true}]}}