{"id":211624,"date":"2026-04-06T21:55:59","date_gmt":"2026-04-06T21:55:59","guid":{"rendered":"https:\/\/modesthanim.com\/product\/ekru-stitch-ve-angel-baskili-kiz-cocuk-3lu-boxer\/"},"modified":"2026-04-13T23:33:27","modified_gmt":"2026-04-13T23:33:27","slug":"ekru-stitch-ve-angel-baskili-kiz-cocuk-3lu-boxer","status":"publish","type":"product","link":"https:\/\/mod.wisdar.net\/tr\/urun\/ekru-stitch-ve-angel-baskili-kiz-cocuk-3lu-boxer\/","title":{"rendered":"Ekru Stitch ve Angel Bask\u0131l\u0131 K\u0131z \u00c7ocuk 3&#8217;l\u00fc Boxer"},"content":{"rendered":"<p>LCW Kids Ekru Stitch ve Angel Bask\u0131l\u0131 K\u0131z \u00c7ocuk 3&#8217;l\u00fc Boxer size \u00f6zel indirim, taksit ve kap\u0131da \u00f6deme avantajlar\u0131yla LCW&#8217;de! Hemen online al\u0131\u015fveri\u015f yap, \u00fcr\u00fcn kap\u0131na gelsin! \u2013 S62305Z4-LRB<\/p>\n<p>\u2014 Technical Details \u2014<br \/>\nMen\u015fei: Banglade\u015f,Turk\u0131ye<br \/>\nSat\u0131c\u0131: LC Waikiki<br \/>\nMarka: LCW Kids<br \/>\n\u00dcr\u00fcn Tipi: Boxer<br \/>\nCinsiyet: K\u0131z \u00c7ocuk<br \/>\nDesen: Bask\u0131l\u0131<br \/>\nLisans: Lilo &amp; Stitch<br \/>\nPaket \u0130\u00e7eri\u011fi: 3&#8217;l\u00fc Paket<br \/>\nMalzeme: Y\u00fcksek Pamuk \u0130\u00e7erir<br \/>\nPar\u00e7a Say\u0131s\u0131: 3 Par\u00e7a<br \/>\nBel Fiti: Beli Lastikli<\/p>\n","protected":false},"excerpt":{"rendered":"<p>LCW Kids Ekru Stitch ve Angel Bask\u0131l\u0131 K\u0131z \u00c7ocuk 3&#8217;l\u00fc Boxer size \u00f6zel indirim, taksit ve kap\u0131da \u00f6deme avantajlar\u0131yla LCW&#8217;de! Hemen online al\u0131\u015fveri\u015f yap, \u00fcr\u00fcn kap\u0131na gelsin! \u2013 S62305Z4-LRB \u2014 Technical Details \u2014 Men\u015fei: Banglade\u015f,Turk\u0131ye Sat\u0131c\u0131: LC Waikiki Marka: LCW Kids \u00dcr\u00fcn Tipi: Boxer Cinsiyet: K\u0131z \u00c7ocuk Desen: Bask\u0131l\u0131 Lisans: Lilo &amp; Stitch Paket \u0130\u00e7eri\u011fi: [&hellip;]<\/p>\n","protected":false},"featured_media":211615,"comment_status":"open","ping_status":"closed","template":"","meta":[],"product_brand":[],"product_cat":[8733,8715,8694],"product_tag":[8926,12540,12634,8906,10389,12635],"class_list":{"0":"post-211624","1":"product","2":"type-product","3":"status-publish","4":"has-post-thumbnail","6":"product_cat-ic-giyim","7":"product_cat-kiz-cocuklari-2-14-yas","8":"product_cat-cocuklar","9":"product_tag-3-pack","10":"product_tag-cotton-boxers","11":"product_tag-girls-boxers-2","12":"product_tag-lcw-kids","13":"product_tag-lilo-stitch","14":"product_tag-printed-boxers","15":"pa_brand-lcw-kids","16":"pa_color-ekru","17":"pa_size-11-12-yas","18":"pa_size-13-14-yas","19":"pa_size-7-8-yas","20":"pa_size-9-10-yas","22":"first","23":"instock","24":"sale","25":"shipping-taxable","26":"purchasable","27":"product-type-variable"},"_links":{"self":[{"href":"https:\/\/mod.wisdar.net\/tr\/wp-json\/wp\/v2\/product\/211624","targetHints":{"allow":["GET"]}}],"collection":[{"href":"https:\/\/mod.wisdar.net\/tr\/wp-json\/wp\/v2\/product"}],"about":[{"href":"https:\/\/mod.wisdar.net\/tr\/wp-json\/wp\/v2\/types\/product"}],"replies":[{"embeddable":true,"href":"https:\/\/mod.wisdar.net\/tr\/wp-json\/wp\/v2\/comments?post=211624"}],"wp:featuredmedia":[{"embeddable":true,"href":"https:\/\/mod.wisdar.net\/tr\/wp-json\/wp\/v2\/media\/211615"}],"wp:attachment":[{"href":"https:\/\/mod.wisdar.net\/tr\/wp-json\/wp\/v2\/media?parent=211624"}],"wp:term":[{"taxonomy":"product_brand","embeddable":true,"href":"https:\/\/mod.wisdar.net\/tr\/wp-json\/wp\/v2\/product_brand?post=211624"},{"taxonomy":"product_cat","embeddable":true,"href":"https:\/\/mod.wisdar.net\/tr\/wp-json\/wp\/v2\/product_cat?post=211624"},{"taxonomy":"product_tag","embeddable":true,"href":"https:\/\/mod.wisdar.net\/tr\/wp-json\/wp\/v2\/product_tag?post=211624"}],"curies":[{"name":"wp","href":"https:\/\/api.w.org\/{rel}","templated":true}]}}