{"id":211699,"date":"2026-04-06T21:56:41","date_gmt":"2026-04-06T21:56:41","guid":{"rendered":"https:\/\/modesthanim.com\/product\/ekru-baskili-kiz-cocuk-boxer-3lu-2\/"},"modified":"2026-04-13T22:55:31","modified_gmt":"2026-04-13T22:55:31","slug":"ekru-baskili-kiz-cocuk-boxer-3lu-2","status":"publish","type":"product","link":"https:\/\/mod.wisdar.net\/tr\/urun\/ekru-baskili-kiz-cocuk-boxer-3lu-2\/","title":{"rendered":"Ekru Bask\u0131l\u0131 K\u0131z \u00c7ocuk Boxer 3&#8217;l\u00fc"},"content":{"rendered":"<p>LCW Kids Ekru Bask\u0131l\u0131 K\u0131z \u00c7ocuk Boxer 3&#8217;l\u00fc size \u00f6zel indirim, taksit ve kap\u0131da \u00f6deme avantajlar\u0131yla LCW&#8217;de! Hemen online al\u0131\u015fveri\u015f yap, \u00fcr\u00fcn kap\u0131na gelsin! \u2013 S62281Z4-LRA<\/p>\n<p>\u2014 Technical Details \u2014<br \/>\n\u00dcr\u00fcn Tipi: Boxer<br \/>\nCinsiyet: K\u0131z \u00c7ocuk<br \/>\nKal\u0131p: Standart &amp; Regular<br \/>\nDesen: Bask\u0131l\u0131<br \/>\nPaket \u0130\u00e7eri\u011fi: 3&#8217;l\u00fc Paket<br \/>\nMalzeme: Y\u00fcksek Pamuk \u0130\u00e7erir<br \/>\nPar\u00e7a Say\u0131s\u0131: 3 Par\u00e7a<\/p>\n","protected":false},"excerpt":{"rendered":"<p>LCW Kids Ekru Bask\u0131l\u0131 K\u0131z \u00c7ocuk Boxer 3&#8217;l\u00fc size \u00f6zel indirim, taksit ve kap\u0131da \u00f6deme avantajlar\u0131yla LCW&#8217;de! Hemen online al\u0131\u015fveri\u015f yap, \u00fcr\u00fcn kap\u0131na gelsin! \u2013 S62281Z4-LRA \u2014 Technical Details \u2014 \u00dcr\u00fcn Tipi: Boxer Cinsiyet: K\u0131z \u00c7ocuk Kal\u0131p: Standart &amp; Regular Desen: Bask\u0131l\u0131 Paket \u0130\u00e7eri\u011fi: 3&#8217;l\u00fc Paket Malzeme: Y\u00fcksek Pamuk \u0130\u00e7erir Par\u00e7a Say\u0131s\u0131: 3 Par\u00e7a<\/p>\n","protected":false},"featured_media":211688,"comment_status":"open","ping_status":"closed","template":"","meta":[],"product_brand":[],"product_cat":[8733,8715,8694],"product_tag":[8926,9639,8827,12636,9201],"class_list":{"0":"post-211699","1":"product","2":"type-product","3":"status-publish","4":"has-post-thumbnail","6":"product_cat-ic-giyim","7":"product_cat-kiz-cocuklari-2-14-yas","8":"product_cat-cocuklar","9":"product_tag-3-pack","10":"product_tag-cotton-underwear","11":"product_tag-ecru-print","12":"product_tag-girls-boxer","13":"product_tag-kids-fashion","14":"pa_brand-lcw-kids","15":"pa_color-ekru","16":"pa_size-11-12-yas","17":"pa_size-13-14-yas","18":"pa_size-7-8-yas","19":"pa_size-9-10-yas","21":"first","22":"instock","23":"sale","24":"shipping-taxable","25":"purchasable","26":"product-type-variable"},"_links":{"self":[{"href":"https:\/\/mod.wisdar.net\/tr\/wp-json\/wp\/v2\/product\/211699","targetHints":{"allow":["GET"]}}],"collection":[{"href":"https:\/\/mod.wisdar.net\/tr\/wp-json\/wp\/v2\/product"}],"about":[{"href":"https:\/\/mod.wisdar.net\/tr\/wp-json\/wp\/v2\/types\/product"}],"replies":[{"embeddable":true,"href":"https:\/\/mod.wisdar.net\/tr\/wp-json\/wp\/v2\/comments?post=211699"}],"wp:featuredmedia":[{"embeddable":true,"href":"https:\/\/mod.wisdar.net\/tr\/wp-json\/wp\/v2\/media\/211688"}],"wp:attachment":[{"href":"https:\/\/mod.wisdar.net\/tr\/wp-json\/wp\/v2\/media?parent=211699"}],"wp:term":[{"taxonomy":"product_brand","embeddable":true,"href":"https:\/\/mod.wisdar.net\/tr\/wp-json\/wp\/v2\/product_brand?post=211699"},{"taxonomy":"product_cat","embeddable":true,"href":"https:\/\/mod.wisdar.net\/tr\/wp-json\/wp\/v2\/product_cat?post=211699"},{"taxonomy":"product_tag","embeddable":true,"href":"https:\/\/mod.wisdar.net\/tr\/wp-json\/wp\/v2\/product_tag?post=211699"}],"curies":[{"name":"wp","href":"https:\/\/api.w.org\/{rel}","templated":true}]}}