{"id":211800,"date":"2026-04-06T22:02:05","date_gmt":"2026-04-06T22:02:05","guid":{"rendered":"https:\/\/modesthanim.com\/product\/antrasit-rahat-pantolonlu-takim\/"},"modified":"2026-04-15T21:20:50","modified_gmt":"2026-04-15T21:20:50","slug":"antrasit-rahat-pantolonlu-takim","status":"publish","type":"product","link":"https:\/\/mod.wisdar.net\/tr\/urun\/antrasit-rahat-pantolonlu-takim\/","title":{"rendered":"Antrasit-Rahat Pantolonlu Tak\u0131m"},"content":{"rendered":"<p>Antrasit-Rahat Pantolonlu Tak\u0131m ile modern ve rahat bir tarz yakalay\u0131n. ALLDAY&#8217;in Kategori b\u00f6l\u00fcm\u00fcndeki di\u011fer modelleri ke\u015ffedin. Kombininizi tamamlayacak Antrasit-Rahat Pantolonlu Tak\u0131m i\u00e7in hemen Ke\u015ffedin!<\/p>\n<p>\u2014 Teknik Detaylar \u2014<br \/>\nPa\u00e7a: Geni\u015f Pa\u00e7a<br \/>\nMalzeme T\u00fcr\u00fc: Dokuma<br \/>\nY\u0131kama Talimat\u0131: 30\u00b0 dereceye kadar y\u0131kama yap\u0131labilir<br \/>\nSezon Sat\u0131\u015f D\u00f6nemi: Yaz<br \/>\n\u00dcr\u00fcn Kalitesi: A Kalite<br \/>\nKoleksiyon: PREM<br \/>\nTema: 2. Tema<br \/>\nDesen: D\u00fcz<br \/>\nBel: Fermuarl\u0131<br \/>\nSezon: 26 YAZ<br \/>\nKal\u0131p: OVERSIZE<br \/>\nTasar\u0131m D\u00f6nemi: 26 SS<br \/>\nUzunluk: 105 CM<br \/>\nKol Kal\u0131b\u0131: D\u00fc\u015f\u00fck<br \/>\nYaka: G\u00f6mlek<br \/>\nCep Detay\u0131: Yan Cep<br \/>\nKuma\u015f Grubu: L\u0130YOSEL POLYESTER<br \/>\nKuma\u015f \u0130\u00e7eri\u011fi: %71 Cly %29 Pes<\/p>\n","protected":false},"excerpt":{"rendered":"<p>Antrasit-Rahat Pantolonlu Tak\u0131m ile modern ve rahat bir tarz yakalay\u0131n. ALLDAY&#8217;in Kategori b\u00f6l\u00fcm\u00fcndeki di\u011fer modelleri ke\u015ffedin. Kombininizi tamamlayacak Antrasit-Rahat Pantolonlu Tak\u0131m i\u00e7in hemen Ke\u015ffedin! \u2014 Teknik Detaylar \u2014 Pa\u00e7a: Geni\u015f Pa\u00e7a Malzeme T\u00fcr\u00fc: Dokuma Y\u0131kama Talimat\u0131: 30\u00b0 dereceye kadar y\u0131kama yap\u0131labilir Sezon Sat\u0131\u015f D\u00f6nemi: Yaz \u00dcr\u00fcn Kalitesi: A Kalite Koleksiyon: PREM Tema: 2. Tema Desen: [&hellip;]<\/p>\n","protected":false},"featured_media":211789,"comment_status":"open","ping_status":"closed","template":"","meta":[],"product_brand":[],"product_cat":[1900],"product_tag":[],"class_list":{"0":"post-211800","1":"product","2":"type-product","3":"status-publish","4":"has-post-thumbnail","6":"product_cat-koordinatlar-setler","7":"pa_brand-allday","8":"pa_color-antrasit","9":"pa_size-l","10":"pa_size-m","11":"pa_size-s","13":"first","14":"instock","15":"sale","16":"shipping-taxable","17":"purchasable","18":"product-type-variable"},"_links":{"self":[{"href":"https:\/\/mod.wisdar.net\/tr\/wp-json\/wp\/v2\/product\/211800","targetHints":{"allow":["GET"]}}],"collection":[{"href":"https:\/\/mod.wisdar.net\/tr\/wp-json\/wp\/v2\/product"}],"about":[{"href":"https:\/\/mod.wisdar.net\/tr\/wp-json\/wp\/v2\/types\/product"}],"replies":[{"embeddable":true,"href":"https:\/\/mod.wisdar.net\/tr\/wp-json\/wp\/v2\/comments?post=211800"}],"wp:featuredmedia":[{"embeddable":true,"href":"https:\/\/mod.wisdar.net\/tr\/wp-json\/wp\/v2\/media\/211789"}],"wp:attachment":[{"href":"https:\/\/mod.wisdar.net\/tr\/wp-json\/wp\/v2\/media?parent=211800"}],"wp:term":[{"taxonomy":"product_brand","embeddable":true,"href":"https:\/\/mod.wisdar.net\/tr\/wp-json\/wp\/v2\/product_brand?post=211800"},{"taxonomy":"product_cat","embeddable":true,"href":"https:\/\/mod.wisdar.net\/tr\/wp-json\/wp\/v2\/product_cat?post=211800"},{"taxonomy":"product_tag","embeddable":true,"href":"https:\/\/mod.wisdar.net\/tr\/wp-json\/wp\/v2\/product_tag?post=211800"}],"curies":[{"name":"wp","href":"https:\/\/api.w.org\/{rel}","templated":true}]}}