{"id":211923,"date":"2026-04-06T22:03:46","date_gmt":"2026-04-06T22:03:46","guid":{"rendered":"https:\/\/modesthanim.com\/product\/siyah-garni-detayli-esofman-takimi\/"},"modified":"2026-04-13T23:42:29","modified_gmt":"2026-04-13T23:42:29","slug":"siyah-garni-detayli-esofman-takimi","status":"publish","type":"product","link":"https:\/\/mod.wisdar.net\/tr\/urun\/siyah-garni-detayli-esofman-takimi\/","title":{"rendered":"Siyah-Garni Detayl\u0131 E\u015fofman Tak\u0131m\u0131"},"content":{"rendered":"<p>\u015e\u0131kl\u0131\u011f\u0131 detaylarda arayanlara \u00f6zel Siyah-Garni Detayl\u0131 E\u015fofman Tak\u0131m\u0131 ile zarif bir g\u00f6r\u00fcn\u00fcm yakalay\u0131n. G\u00fcnl\u00fck ve \u00f6zel kombinler i\u00e7in ideal tasar\u0131m<\/p>\n<p>\u2014 Technical Details \u2014<br \/>\nKal\u0131p: RELAX<br \/>\nMalzeme T\u00fcr\u00fc: Dokuma<br \/>\nY\u0131kama Talimat\u0131: 30\u00b0 dereceye kadar y\u0131kama yap\u0131labilir<br \/>\nSezon Sat\u0131\u015f D\u00f6nemi: Yaz<br \/>\n\u00dcr\u00fcn Ligi: A Kalite<br \/>\nLine: ELEGANCE<br \/>\nTema: 1.Tema<br \/>\nDesen: D\u00fcz<br \/>\nBel: Lastikli<br \/>\nSezon: 26 YAZ<br \/>\nTasar\u0131m D\u00f6nemi: 26 SS<br \/>\nEbat \/ Boy: 85 CM<br \/>\nKol Kal\u0131p: D\u00fc\u015f\u00fck<br \/>\nYaka: Bisiklet<br \/>\nCep Detay: Cepli<br \/>\nKuma\u015f Grubu: Pamuk<br \/>\nKuma\u015f \u0130\u00e7eri\u011fi: %100 PAMUK<\/p>\n","protected":false},"excerpt":{"rendered":"<p>\u015e\u0131kl\u0131\u011f\u0131 detaylarda arayanlara \u00f6zel Siyah-Garni Detayl\u0131 E\u015fofman Tak\u0131m\u0131 ile zarif bir g\u00f6r\u00fcn\u00fcm yakalay\u0131n. G\u00fcnl\u00fck ve \u00f6zel kombinler i\u00e7in ideal tasar\u0131m \u2014 Technical Details \u2014 Kal\u0131p: RELAX Malzeme T\u00fcr\u00fc: Dokuma Y\u0131kama Talimat\u0131: 30\u00b0 dereceye kadar y\u0131kama yap\u0131labilir Sezon Sat\u0131\u015f D\u00f6nemi: Yaz \u00dcr\u00fcn Ligi: A Kalite Line: ELEGANCE Tema: 1.Tema Desen: D\u00fcz Bel: Lastikli Sezon: 26 YAZ [&hellip;]<\/p>\n","protected":false},"featured_media":211919,"comment_status":"open","ping_status":"closed","template":"","meta":[],"product_brand":[],"product_cat":[1900],"product_tag":[5012,7426,7488,7074,7424],"class_list":{"0":"post-211923","1":"product","2":"type-product","3":"status-publish","4":"has-post-thumbnail","6":"product_cat-koordinatlar-setler","7":"product_tag-elegant","8":"product_tag-gunluk-giyim-3","9":"product_tag-pamuk","10":"product_tag-siyah","11":"product_tag-spor-giyim","12":"pa_brand-allday","13":"pa_color-siyah","14":"pa_size-l","15":"pa_size-m","16":"pa_size-s","17":"pa_size-xl","19":"first","20":"instock","21":"sale","22":"shipping-taxable","23":"purchasable","24":"product-type-variable"},"_links":{"self":[{"href":"https:\/\/mod.wisdar.net\/tr\/wp-json\/wp\/v2\/product\/211923","targetHints":{"allow":["GET"]}}],"collection":[{"href":"https:\/\/mod.wisdar.net\/tr\/wp-json\/wp\/v2\/product"}],"about":[{"href":"https:\/\/mod.wisdar.net\/tr\/wp-json\/wp\/v2\/types\/product"}],"replies":[{"embeddable":true,"href":"https:\/\/mod.wisdar.net\/tr\/wp-json\/wp\/v2\/comments?post=211923"}],"wp:featuredmedia":[{"embeddable":true,"href":"https:\/\/mod.wisdar.net\/tr\/wp-json\/wp\/v2\/media\/211919"}],"wp:attachment":[{"href":"https:\/\/mod.wisdar.net\/tr\/wp-json\/wp\/v2\/media?parent=211923"}],"wp:term":[{"taxonomy":"product_brand","embeddable":true,"href":"https:\/\/mod.wisdar.net\/tr\/wp-json\/wp\/v2\/product_brand?post=211923"},{"taxonomy":"product_cat","embeddable":true,"href":"https:\/\/mod.wisdar.net\/tr\/wp-json\/wp\/v2\/product_cat?post=211923"},{"taxonomy":"product_tag","embeddable":true,"href":"https:\/\/mod.wisdar.net\/tr\/wp-json\/wp\/v2\/product_tag?post=211923"}],"curies":[{"name":"wp","href":"https:\/\/api.w.org\/{rel}","templated":true}]}}