{"id":211958,"date":"2026-04-06T22:04:33","date_gmt":"2026-04-06T22:04:33","guid":{"rendered":"https:\/\/modesthanim.com\/product\/murdum-utu-izi-detay-palazzo-pantolon\/"},"modified":"2026-04-06T22:04:55","modified_gmt":"2026-04-06T22:04:55","slug":"murdum-utu-izi-detay-palazzo-pantolon","status":"publish","type":"product","link":"https:\/\/mod.wisdar.net\/tr\/urun\/murdum-utu-izi-detay-palazzo-pantolon\/","title":{"rendered":"M\u00fcrd\u00fcm-\u00dct\u00fc \u0130zi Detay Palazzo Pantolon"},"content":{"rendered":"<p>\u015e\u0131kl\u0131\u011f\u0131 detaylarda arayanlara \u00f6zel M\u00fcrd\u00fcm-\u00dct\u00fc \u0130zi Detay Palazzo Pantolon ile zarif bir g\u00f6r\u00fcn\u00fcm yakalay\u0131n. G\u00fcnl\u00fck ve \u00f6zel kombinler i\u00e7in ideal tasar\u0131m<\/p>\n<p>\u2014 Technical Details \u2014<br \/>\nSezon: 26 YAZ<br \/>\nKuma\u015f \u0130\u00e7eri\u011fi: %87 V\u0130SCON %13 PE<br \/>\nKuma\u015f Grubu: Viskon Polyester<br \/>\nCep Detay: Cepli<br \/>\nEbat \/ Boy: 105 CM<br \/>\nTasar\u0131m D\u00f6nemi: 26 SS<br \/>\nKal\u0131p: PALAZZO<br \/>\nPa\u00e7a: palazzo<br \/>\nBel: Fermuarl\u0131<br \/>\nDesen: D\u00fcz<br \/>\nTema: 2.Tema<br \/>\nLine: PREM<br \/>\n\u00dcr\u00fcn Ligi: A Kalite<br \/>\nSezon Sat\u0131\u015f D\u00f6nemi: Yaz<br \/>\nY\u0131kama Talimat\u0131: 30\u00b0 dereceye kadar y\u0131kama yap\u0131labilir<br \/>\nMalzeme T\u00fcru: Dokuma<\/p>\n","protected":false},"excerpt":{"rendered":"<p>\u015e\u0131kl\u0131\u011f\u0131 detaylarda arayanlara \u00f6zel M\u00fcrd\u00fcm-\u00dct\u00fc \u0130zi Detay Palazzo Pantolon ile zarif bir g\u00f6r\u00fcn\u00fcm yakalay\u0131n. G\u00fcnl\u00fck ve \u00f6zel kombinler i\u00e7in ideal tasar\u0131m \u2014 Technical Details \u2014 Sezon: 26 YAZ Kuma\u015f \u0130\u00e7eri\u011fi: %87 V\u0130SCON %13 PE Kuma\u015f Grubu: Viskon Polyester Cep Detay: Cepli Ebat \/ Boy: 105 CM Tasar\u0131m D\u00f6nemi: 26 SS Kal\u0131p: PALAZZO Pa\u00e7a: palazzo Bel: [&hellip;]<\/p>\n","protected":false},"featured_media":211953,"comment_status":"open","ping_status":"closed","template":"","meta":[],"product_brand":[],"product_cat":[1882],"product_tag":[6907],"class_list":{"0":"post-211958","1":"product","2":"type-product","3":"status-publish","4":"has-post-thumbnail","6":"product_cat-alt-giyim","7":"product_tag-murdum-rengi","8":"pa_brand-allday","9":"pa_color-murdum","10":"pa_size-l","11":"pa_size-m","12":"pa_size-s","13":"pa_size-xl","14":"pa_size-xs","16":"first","17":"instock","18":"sale","19":"shipping-taxable","20":"purchasable","21":"product-type-variable"},"_links":{"self":[{"href":"https:\/\/mod.wisdar.net\/tr\/wp-json\/wp\/v2\/product\/211958","targetHints":{"allow":["GET"]}}],"collection":[{"href":"https:\/\/mod.wisdar.net\/tr\/wp-json\/wp\/v2\/product"}],"about":[{"href":"https:\/\/mod.wisdar.net\/tr\/wp-json\/wp\/v2\/types\/product"}],"replies":[{"embeddable":true,"href":"https:\/\/mod.wisdar.net\/tr\/wp-json\/wp\/v2\/comments?post=211958"}],"wp:featuredmedia":[{"embeddable":true,"href":"https:\/\/mod.wisdar.net\/tr\/wp-json\/wp\/v2\/media\/211953"}],"wp:attachment":[{"href":"https:\/\/mod.wisdar.net\/tr\/wp-json\/wp\/v2\/media?parent=211958"}],"wp:term":[{"taxonomy":"product_brand","embeddable":true,"href":"https:\/\/mod.wisdar.net\/tr\/wp-json\/wp\/v2\/product_brand?post=211958"},{"taxonomy":"product_cat","embeddable":true,"href":"https:\/\/mod.wisdar.net\/tr\/wp-json\/wp\/v2\/product_cat?post=211958"},{"taxonomy":"product_tag","embeddable":true,"href":"https:\/\/mod.wisdar.net\/tr\/wp-json\/wp\/v2\/product_tag?post=211958"}],"curies":[{"name":"wp","href":"https:\/\/api.w.org\/{rel}","templated":true}]}}