{"id":212118,"date":"2026-04-06T22:06:19","date_gmt":"2026-04-06T22:06:19","guid":{"rendered":"https:\/\/modesthanim.com\/product\/tas-utu-izli-palazzo-pantolon\/"},"modified":"2026-04-13T23:43:45","modified_gmt":"2026-04-13T23:43:45","slug":"tas-utu-izli-palazzo-pantolon","status":"publish","type":"product","link":"https:\/\/mod.wisdar.net\/tr\/urun\/tas-utu-izli-palazzo-pantolon\/","title":{"rendered":"Ta\u015f-\u00dct\u00fc \u0130zli Palazzo Pantolon"},"content":{"rendered":"<p>\u015e\u0131kl\u0131\u011f\u0131 detaylarda arayanlara \u00f6zel Ta\u015f-\u00dct\u00fc \u0130zli Palazzo Pantolon ile zarif bir g\u00f6r\u00fcn\u00fcm yakalay\u0131n. G\u00fcnl\u00fck ve \u00f6zel kombinler i\u00e7in ideal tasar\u0131m ALLDAY\u2019de!<\/p>\n<p>\u2014 Technical Details \u2014<br \/>\nSezon: 26 YAZ<br \/>\nKuma\u015f \u0130\u00e7eri\u011fi: %74 POLY %23 VIS %3 EA<br \/>\nCep Detay: Yan Cep<br \/>\nEbat \/ Boy: 110 CM<br \/>\nTasar\u0131m D\u00f6nemi: 26 SS<br \/>\nKal\u0131p: PALAZZO<br \/>\nPa\u00e7a: palazzo<br \/>\nBel: Fermuarl\u0131<br \/>\nDesen: D\u00fcz<br \/>\nTema: 1.Tema<br \/>\nLine: CASUAL<br \/>\n\u00dcr\u00fcn Ligi: A Kalite<br \/>\nSezon Sat\u0131\u015f D\u00f6nemi: Yaz<br \/>\nY\u0131kama Talimat\u0131: 30\u00b0 dereceye kadar y\u0131kama yap\u0131labilir<br \/>\nMalzeme T\u00fcr\u00fc: Dokuma<\/p>\n","protected":false},"excerpt":{"rendered":"<p>\u015e\u0131kl\u0131\u011f\u0131 detaylarda arayanlara \u00f6zel Ta\u015f-\u00dct\u00fc \u0130zli Palazzo Pantolon ile zarif bir g\u00f6r\u00fcn\u00fcm yakalay\u0131n. G\u00fcnl\u00fck ve \u00f6zel kombinler i\u00e7in ideal tasar\u0131m ALLDAY\u2019de! \u2014 Technical Details \u2014 Sezon: 26 YAZ Kuma\u015f \u0130\u00e7eri\u011fi: %74 POLY %23 VIS %3 EA Cep Detay: Yan Cep Ebat \/ Boy: 110 CM Tasar\u0131m D\u00f6nemi: 26 SS Kal\u0131p: PALAZZO Pa\u00e7a: palazzo Bel: Fermuarl\u0131 [&hellip;]<\/p>\n","protected":false},"featured_media":212105,"comment_status":"open","ping_status":"closed","template":"","meta":[],"product_brand":[],"product_cat":[1882],"product_tag":[7729,7426,8443],"class_list":{"0":"post-212118","1":"product","2":"type-product","3":"status-publish","4":"has-post-thumbnail","6":"product_cat-alt-giyim","7":"product_tag-bol-paca-pantolon","8":"product_tag-gunluk-giyim-3","9":"product_tag-palazzo-pantolon","10":"pa_brand-allday","11":"pa_color-tas","12":"pa_size-l","13":"pa_size-m","14":"pa_size-s","15":"pa_size-xl","16":"pa_size-xs","18":"first","19":"outofstock","20":"shipping-taxable","21":"product-type-variable"},"_links":{"self":[{"href":"https:\/\/mod.wisdar.net\/tr\/wp-json\/wp\/v2\/product\/212118","targetHints":{"allow":["GET"]}}],"collection":[{"href":"https:\/\/mod.wisdar.net\/tr\/wp-json\/wp\/v2\/product"}],"about":[{"href":"https:\/\/mod.wisdar.net\/tr\/wp-json\/wp\/v2\/types\/product"}],"replies":[{"embeddable":true,"href":"https:\/\/mod.wisdar.net\/tr\/wp-json\/wp\/v2\/comments?post=212118"}],"wp:featuredmedia":[{"embeddable":true,"href":"https:\/\/mod.wisdar.net\/tr\/wp-json\/wp\/v2\/media\/212105"}],"wp:attachment":[{"href":"https:\/\/mod.wisdar.net\/tr\/wp-json\/wp\/v2\/media?parent=212118"}],"wp:term":[{"taxonomy":"product_brand","embeddable":true,"href":"https:\/\/mod.wisdar.net\/tr\/wp-json\/wp\/v2\/product_brand?post=212118"},{"taxonomy":"product_cat","embeddable":true,"href":"https:\/\/mod.wisdar.net\/tr\/wp-json\/wp\/v2\/product_cat?post=212118"},{"taxonomy":"product_tag","embeddable":true,"href":"https:\/\/mod.wisdar.net\/tr\/wp-json\/wp\/v2\/product_tag?post=212118"}],"curies":[{"name":"wp","href":"https:\/\/api.w.org\/{rel}","templated":true}]}}