{"id":212222,"date":"2026-04-06T22:07:30","date_gmt":"2026-04-06T22:07:30","guid":{"rendered":"https:\/\/modesthanim.com\/product\/tas-beli-lastikli-genis-paca-pantolon\/"},"modified":"2026-04-13T23:47:14","modified_gmt":"2026-04-13T23:47:14","slug":"tas-beli-lastikli-genis-paca-pantolon","status":"publish","type":"product","link":"https:\/\/mod.wisdar.net\/tr\/urun\/tas-beli-lastikli-genis-paca-pantolon\/","title":{"rendered":"Ta\u015f-Beli Lastikli Geni\u015f Pa\u00e7a Pantolon"},"content":{"rendered":"<p>\u015e\u0131kl\u0131\u011f\u0131 detaylarda arayanlara \u00f6zel Ta\u015f-Beli Lastikli Geni\u015f Pa\u00e7a Pantolon ile zarif bir g\u00f6r\u00fcn\u00fcm yakalay\u0131n. G\u00fcnl\u00fck ve \u00f6zel kombinler i\u00e7in ideal tasar\u0131m<\/p>\n<p>\u2014 Technical Details \u2014<br \/>\nSezon: 26 YAZ<br \/>\nKuma\u015f \u0130\u00e7eri\u011fi: %97 MODAL %3 LYC<br \/>\nKuma\u015f Grubu: Modal<br \/>\nCep Detay: Cepli<br \/>\nEbat \/ Boy: 105 CM<br \/>\nTasar\u0131m D\u00f6nemi: 26 SS<br \/>\nKal\u0131p: Geni\u015f Pa\u00e7a<br \/>\nPa\u00e7a: Geni\u015f Pa\u00e7a<br \/>\nBel: Lastikli<br \/>\nDesen: D\u00fcz<br \/>\nTema: 2.Tema<br \/>\nLine: ELEGANCE<br \/>\n\u00dcr\u00fcn Ligi: A Kalite<br \/>\nSezon Sat\u0131\u015f D\u00f6nemi: Yaz<br \/>\nY\u0131kama Talimat\u0131: 30\u00b0 dereceye kadar y\u0131kama yap\u0131labilir<br \/>\nMalzeme T\u00fcr\u00fc: \u00d6rme<\/p>\n","protected":false},"excerpt":{"rendered":"<p>\u015e\u0131kl\u0131\u011f\u0131 detaylarda arayanlara \u00f6zel Ta\u015f-Beli Lastikli Geni\u015f Pa\u00e7a Pantolon ile zarif bir g\u00f6r\u00fcn\u00fcm yakalay\u0131n. G\u00fcnl\u00fck ve \u00f6zel kombinler i\u00e7in ideal tasar\u0131m \u2014 Technical Details \u2014 Sezon: 26 YAZ Kuma\u015f \u0130\u00e7eri\u011fi: %97 MODAL %3 LYC Kuma\u015f Grubu: Modal Cep Detay: Cepli Ebat \/ Boy: 105 CM Tasar\u0131m D\u00f6nemi: 26 SS Kal\u0131p: Geni\u015f Pa\u00e7a Pa\u00e7a: Geni\u015f Pa\u00e7a [&hellip;]<\/p>\n","protected":false},"featured_media":212212,"comment_status":"open","ping_status":"closed","template":"","meta":[],"product_brand":[],"product_cat":[1882],"product_tag":[6765],"class_list":{"0":"post-212222","1":"product","2":"type-product","3":"status-publish","4":"has-post-thumbnail","6":"product_cat-alt-giyim","7":"product_tag-lastikli-bel","8":"pa_brand-allday","9":"pa_color-tas","10":"pa_size-l","11":"pa_size-m","12":"pa_size-s","13":"pa_size-xl","14":"pa_size-xs","16":"first","17":"instock","18":"shipping-taxable","19":"purchasable","20":"product-type-variable"},"_links":{"self":[{"href":"https:\/\/mod.wisdar.net\/tr\/wp-json\/wp\/v2\/product\/212222","targetHints":{"allow":["GET"]}}],"collection":[{"href":"https:\/\/mod.wisdar.net\/tr\/wp-json\/wp\/v2\/product"}],"about":[{"href":"https:\/\/mod.wisdar.net\/tr\/wp-json\/wp\/v2\/types\/product"}],"replies":[{"embeddable":true,"href":"https:\/\/mod.wisdar.net\/tr\/wp-json\/wp\/v2\/comments?post=212222"}],"wp:featuredmedia":[{"embeddable":true,"href":"https:\/\/mod.wisdar.net\/tr\/wp-json\/wp\/v2\/media\/212212"}],"wp:attachment":[{"href":"https:\/\/mod.wisdar.net\/tr\/wp-json\/wp\/v2\/media?parent=212222"}],"wp:term":[{"taxonomy":"product_brand","embeddable":true,"href":"https:\/\/mod.wisdar.net\/tr\/wp-json\/wp\/v2\/product_brand?post=212222"},{"taxonomy":"product_cat","embeddable":true,"href":"https:\/\/mod.wisdar.net\/tr\/wp-json\/wp\/v2\/product_cat?post=212222"},{"taxonomy":"product_tag","embeddable":true,"href":"https:\/\/mod.wisdar.net\/tr\/wp-json\/wp\/v2\/product_tag?post=212222"}],"curies":[{"name":"wp","href":"https:\/\/api.w.org\/{rel}","templated":true}]}}