{"id":212268,"date":"2026-04-06T22:08:01","date_gmt":"2026-04-06T22:08:01","guid":{"rendered":"https:\/\/modesthanim.com\/product\/lacivert-kemerli-pileli-bol-paca-pantolon\/"},"modified":"2026-04-06T22:08:23","modified_gmt":"2026-04-06T22:08:23","slug":"lacivert-kemerli-pileli-bol-paca-pantolon","status":"publish","type":"product","link":"https:\/\/mod.wisdar.net\/tr\/urun\/lacivert-kemerli-pileli-bol-paca-pantolon\/","title":{"rendered":"Lacivert Kemerli Pileli Bol Pa\u00e7a Pantolon"},"content":{"rendered":"<p>\u015e\u0131kl\u0131\u011f\u0131 detaylarda arayanlar i\u00e7in tasarlanan Lacivert Kemerli Pileli Bol Pa\u00e7a Pantolon ile zarif bir g\u00f6r\u00fcn\u00fcm yakalay\u0131n. G\u00fcnl\u00fck ve \u00f6zel kombinler i\u00e7in ideal olan bu \u00fcr\u00fcn, geni\u015f pa\u00e7a kesimi ve kemer detay\u0131yla modern bir tarz sunar.<\/p>\n<p>\u2014 Teknik Detaylar \u2014<br \/>\nSezon: 26 YAZ<br \/>\nKuma\u015f \u0130\u00e7eri\u011fi: %96 Pamuk, %4 Elastan<br \/>\nKuma\u015f Grubu: Pamuk<br \/>\nCep Detay\u0131: Yan Cep<br \/>\nEbat \/ Boy: 105 cm<br \/>\nTasar\u0131m D\u00f6nemi: 26 SS<br \/>\nKal\u0131p: Geni\u015f Pa\u00e7a<br \/>\nPa\u00e7a Kesimi: Bol Pa\u00e7a<br \/>\nBel Detay\u0131: Kemerli<br \/>\nDesen: D\u00fcz<br \/>\nTema: 2. Tema<br \/>\nKoleksiyon: ELEGANCE<br \/>\n\u00dcr\u00fcn Kalitesi: A Kalite<br \/>\nSat\u0131\u015f D\u00f6nemi: Baharl\u0131k<br \/>\nY\u0131kama Talimat\u0131: Yaln\u0131zca elde y\u0131kanabilir<br \/>\nMalzeme T\u00fcr\u00fc: Dokuma<\/p>\n","protected":false},"excerpt":{"rendered":"<p>\u015e\u0131kl\u0131\u011f\u0131 detaylarda arayanlar i\u00e7in tasarlanan Lacivert Kemerli Pileli Bol Pa\u00e7a Pantolon ile zarif bir g\u00f6r\u00fcn\u00fcm yakalay\u0131n. G\u00fcnl\u00fck ve \u00f6zel kombinler i\u00e7in ideal olan bu \u00fcr\u00fcn, geni\u015f pa\u00e7a kesimi ve kemer detay\u0131yla modern bir tarz sunar. \u2014 Teknik Detaylar \u2014 Sezon: 26 YAZ Kuma\u015f \u0130\u00e7eri\u011fi: %96 Pamuk, %4 Elastan Kuma\u015f Grubu: Pamuk Cep Detay\u0131: Yan Cep [&hellip;]<\/p>\n","protected":false},"featured_media":212258,"comment_status":"open","ping_status":"closed","template":"","meta":[],"product_brand":[],"product_cat":[1882],"product_tag":[],"class_list":{"0":"post-212268","1":"product","2":"type-product","3":"status-publish","4":"has-post-thumbnail","6":"product_cat-alt-giyim","7":"pa_brand-allday","8":"pa_color-lacivert","9":"pa_size-l","10":"pa_size-m","11":"pa_size-s","12":"pa_size-xl","13":"pa_size-xs","15":"first","16":"instock","17":"sale","18":"shipping-taxable","19":"purchasable","20":"product-type-variable"},"_links":{"self":[{"href":"https:\/\/mod.wisdar.net\/tr\/wp-json\/wp\/v2\/product\/212268","targetHints":{"allow":["GET"]}}],"collection":[{"href":"https:\/\/mod.wisdar.net\/tr\/wp-json\/wp\/v2\/product"}],"about":[{"href":"https:\/\/mod.wisdar.net\/tr\/wp-json\/wp\/v2\/types\/product"}],"replies":[{"embeddable":true,"href":"https:\/\/mod.wisdar.net\/tr\/wp-json\/wp\/v2\/comments?post=212268"}],"wp:featuredmedia":[{"embeddable":true,"href":"https:\/\/mod.wisdar.net\/tr\/wp-json\/wp\/v2\/media\/212258"}],"wp:attachment":[{"href":"https:\/\/mod.wisdar.net\/tr\/wp-json\/wp\/v2\/media?parent=212268"}],"wp:term":[{"taxonomy":"product_brand","embeddable":true,"href":"https:\/\/mod.wisdar.net\/tr\/wp-json\/wp\/v2\/product_brand?post=212268"},{"taxonomy":"product_cat","embeddable":true,"href":"https:\/\/mod.wisdar.net\/tr\/wp-json\/wp\/v2\/product_cat?post=212268"},{"taxonomy":"product_tag","embeddable":true,"href":"https:\/\/mod.wisdar.net\/tr\/wp-json\/wp\/v2\/product_tag?post=212268"}],"curies":[{"name":"wp","href":"https:\/\/api.w.org\/{rel}","templated":true}]}}