{"id":212377,"date":"2026-04-06T22:09:16","date_gmt":"2026-04-06T22:09:16","guid":{"rendered":"https:\/\/modesthanim.com\/product\/beyaz-kemer-detayli-elbise\/"},"modified":"2026-04-06T22:09:38","modified_gmt":"2026-04-06T22:09:38","slug":"beyaz-kemer-detayli-elbise","status":"publish","type":"product","link":"https:\/\/mod.wisdar.net\/tr\/urun\/beyaz-kemer-detayli-elbise\/","title":{"rendered":"Beyaz-Kemer Detayl\u0131 Elbise"},"content":{"rendered":"<p>\u015e\u0131kl\u0131\u011f\u0131 detaylarda arayanlara \u00f6zel Beyaz-Kemer Detayl\u0131 Elbise ile zarif bir g\u00f6r\u00fcn\u00fcm yakalay\u0131n. G\u00fcnl\u00fck ve \u00f6zel kombinler i\u00e7in ideal tasar\u0131m<\/p>\n<p>\u2014 Technical Details \u2014<br \/>\nKal\u0131p: RELAX<br \/>\nMalzeme T\u00fcr\u00fc: Dokuma<br \/>\nY\u0131kama Talimat\u0131: 30\u00b0 dereceye kadar y\u0131kama yap\u0131labilir<br \/>\nSezon Sat\u0131\u015f D\u00f6nemi: Yaz<br \/>\n\u00dcr\u00fcn Ligi: A Kalite<br \/>\nLine: PREM<br \/>\nTema: 2.Tema<br \/>\nDesen: D\u00fcz<br \/>\nBel: Kemerli<br \/>\nSezon: 26 YAZ<br \/>\nTasar\u0131m D\u00f6nemi: 26 SS<br \/>\nEbat \/ Boy: 140 CM<br \/>\nKol Kal\u0131p: Takma<br \/>\nYaka: G\u00f6mlek<br \/>\nCep Detay: Cepsiz<br \/>\nKuma\u015f Grubu: Viskon Polyester<br \/>\nKuma\u015f \u0130\u00e7eri\u011fi: %87 V\u0130SKON %13 PES<\/p>\n","protected":false},"excerpt":{"rendered":"<p>\u015e\u0131kl\u0131\u011f\u0131 detaylarda arayanlara \u00f6zel Beyaz-Kemer Detayl\u0131 Elbise ile zarif bir g\u00f6r\u00fcn\u00fcm yakalay\u0131n. G\u00fcnl\u00fck ve \u00f6zel kombinler i\u00e7in ideal tasar\u0131m \u2014 Technical Details \u2014 Kal\u0131p: RELAX Malzeme T\u00fcr\u00fc: Dokuma Y\u0131kama Talimat\u0131: 30\u00b0 dereceye kadar y\u0131kama yap\u0131labilir Sezon Sat\u0131\u015f D\u00f6nemi: Yaz \u00dcr\u00fcn Ligi: A Kalite Line: PREM Tema: 2.Tema Desen: D\u00fcz Bel: Kemerli Sezon: 26 YAZ Tasar\u0131m [&hellip;]<\/p>\n","protected":false},"featured_media":212363,"comment_status":"open","ping_status":"closed","template":"","meta":[],"product_brand":[],"product_cat":[6249,1933],"product_tag":[7294,5012,6744,7668,6772],"class_list":{"0":"post-212377","1":"product","2":"type-product","3":"status-publish","4":"has-post-thumbnail","6":"product_cat-elbiseler","7":"product_cat-gunluk-ve-gunduz-elbiseleri","8":"product_tag-beyaz","9":"product_tag-elegant","10":"product_tag-kadin-modasi","11":"product_tag-kemerli","12":"product_tag-ozel-gun","13":"pa_brand-allday","14":"pa_color-beyaz","15":"pa_size-l","16":"pa_size-m","17":"pa_size-s","18":"pa_size-xl","20":"first","21":"instock","22":"sale","23":"shipping-taxable","24":"purchasable","25":"product-type-variable"},"_links":{"self":[{"href":"https:\/\/mod.wisdar.net\/tr\/wp-json\/wp\/v2\/product\/212377","targetHints":{"allow":["GET"]}}],"collection":[{"href":"https:\/\/mod.wisdar.net\/tr\/wp-json\/wp\/v2\/product"}],"about":[{"href":"https:\/\/mod.wisdar.net\/tr\/wp-json\/wp\/v2\/types\/product"}],"replies":[{"embeddable":true,"href":"https:\/\/mod.wisdar.net\/tr\/wp-json\/wp\/v2\/comments?post=212377"}],"wp:featuredmedia":[{"embeddable":true,"href":"https:\/\/mod.wisdar.net\/tr\/wp-json\/wp\/v2\/media\/212363"}],"wp:attachment":[{"href":"https:\/\/mod.wisdar.net\/tr\/wp-json\/wp\/v2\/media?parent=212377"}],"wp:term":[{"taxonomy":"product_brand","embeddable":true,"href":"https:\/\/mod.wisdar.net\/tr\/wp-json\/wp\/v2\/product_brand?post=212377"},{"taxonomy":"product_cat","embeddable":true,"href":"https:\/\/mod.wisdar.net\/tr\/wp-json\/wp\/v2\/product_cat?post=212377"},{"taxonomy":"product_tag","embeddable":true,"href":"https:\/\/mod.wisdar.net\/tr\/wp-json\/wp\/v2\/product_tag?post=212377"}],"curies":[{"name":"wp","href":"https:\/\/api.w.org\/{rel}","templated":true}]}}