{"id":212497,"date":"2026-04-06T22:10:55","date_gmt":"2026-04-06T22:10:55","guid":{"rendered":"https:\/\/modesthanim.com\/product\/acik-mavi-kemerli-pileli-bol-paca-denim-pantolon\/"},"modified":"2026-04-06T22:11:18","modified_gmt":"2026-04-06T22:11:18","slug":"acik-mavi-kemerli-pileli-bol-paca-denim-pantolon","status":"publish","type":"product","link":"https:\/\/mod.wisdar.net\/tr\/urun\/acik-mavi-kemerli-pileli-bol-paca-denim-pantolon\/","title":{"rendered":"A\u00e7\u0131k Mavi-Kemerli Pileli Bol Pa\u00e7a Denim Pantolon"},"content":{"rendered":"<p>\u015e\u0131kl\u0131\u011f\u0131 detaylarda arayanlara \u00f6zel A\u00e7\u0131k Mavi-Kemerli Pileli Bol Pa\u00e7a Denim Pantolon ile zarif bir g\u00f6r\u00fcn\u00fcm yakalay\u0131n. G\u00fcnl\u00fck ve \u00f6zel kombinler i\u00e7in ideal tasar\u0131m<\/p>\n<p>\u2014 Technical Details \u2014<br \/>\nSezon: 26 YAZ<br \/>\nKuma\u015f \u0130\u00e7eri\u011fi: %80 Cotton %20 Pes<br \/>\nKuma\u015f Grubu: Tensel<br \/>\nCep Detay: Yan Cep<br \/>\nEbat \/ Boy: 109 CM<br \/>\nTasar\u0131m D\u00f6nemi: 26 SS<br \/>\nKal\u0131p: Geni\u015f Pa\u00e7a<br \/>\nPa\u00e7a: Geni\u015f Pa\u00e7a<br \/>\nDesen: D\u00fcz<br \/>\nTema: 1.Tema<br \/>\nLine: ELEGANCE<br \/>\n\u00dcr\u00fcn Ligi: A Kalite<br \/>\nSezon Sat\u0131\u015f D\u00f6nemi: Yaz<br \/>\nY\u0131kama Talimat\u0131: 30\u00b0 dereceye kadar y\u0131kama yap\u0131labilir<br \/>\nMalzeme T\u00fcr\u00fc: Dokuma<\/p>\n","protected":false},"excerpt":{"rendered":"<p>\u015e\u0131kl\u0131\u011f\u0131 detaylarda arayanlara \u00f6zel A\u00e7\u0131k Mavi-Kemerli Pileli Bol Pa\u00e7a Denim Pantolon ile zarif bir g\u00f6r\u00fcn\u00fcm yakalay\u0131n. G\u00fcnl\u00fck ve \u00f6zel kombinler i\u00e7in ideal tasar\u0131m \u2014 Technical Details \u2014 Sezon: 26 YAZ Kuma\u015f \u0130\u00e7eri\u011fi: %80 Cotton %20 Pes Kuma\u015f Grubu: Tensel Cep Detay: Yan Cep Ebat \/ Boy: 109 CM Tasar\u0131m D\u00f6nemi: 26 SS Kal\u0131p: Geni\u015f Pa\u00e7a [&hellip;]<\/p>\n","protected":false},"featured_media":212485,"comment_status":"open","ping_status":"closed","template":"","meta":[],"product_brand":[],"product_cat":[1882],"product_tag":[6905,7877,6829],"class_list":{"0":"post-212497","1":"product","2":"type-product","3":"status-publish","4":"has-post-thumbnail","6":"product_cat-alt-giyim","7":"product_tag-gunluk-sik","8":"product_tag-kemerli-pantolon","9":"product_tag-pileli-pantolon","10":"pa_brand-allday","11":"pa_color-acik-mavi","12":"pa_size-l","13":"pa_size-m","14":"pa_size-s","15":"pa_size-xl","16":"pa_size-xs","18":"first","19":"instock","20":"sale","21":"shipping-taxable","22":"purchasable","23":"product-type-variable"},"_links":{"self":[{"href":"https:\/\/mod.wisdar.net\/tr\/wp-json\/wp\/v2\/product\/212497","targetHints":{"allow":["GET"]}}],"collection":[{"href":"https:\/\/mod.wisdar.net\/tr\/wp-json\/wp\/v2\/product"}],"about":[{"href":"https:\/\/mod.wisdar.net\/tr\/wp-json\/wp\/v2\/types\/product"}],"replies":[{"embeddable":true,"href":"https:\/\/mod.wisdar.net\/tr\/wp-json\/wp\/v2\/comments?post=212497"}],"wp:featuredmedia":[{"embeddable":true,"href":"https:\/\/mod.wisdar.net\/tr\/wp-json\/wp\/v2\/media\/212485"}],"wp:attachment":[{"href":"https:\/\/mod.wisdar.net\/tr\/wp-json\/wp\/v2\/media?parent=212497"}],"wp:term":[{"taxonomy":"product_brand","embeddable":true,"href":"https:\/\/mod.wisdar.net\/tr\/wp-json\/wp\/v2\/product_brand?post=212497"},{"taxonomy":"product_cat","embeddable":true,"href":"https:\/\/mod.wisdar.net\/tr\/wp-json\/wp\/v2\/product_cat?post=212497"},{"taxonomy":"product_tag","embeddable":true,"href":"https:\/\/mod.wisdar.net\/tr\/wp-json\/wp\/v2\/product_tag?post=212497"}],"curies":[{"name":"wp","href":"https:\/\/api.w.org\/{rel}","templated":true}]}}