{"id":212570,"date":"2026-04-06T22:11:48","date_gmt":"2026-04-06T22:11:48","guid":{"rendered":"https:\/\/modesthanim.com\/product\/koyu-mavi-v-yaka-denim-gomlek-tunik\/"},"modified":"2026-04-06T22:12:11","modified_gmt":"2026-04-06T22:12:11","slug":"koyu-mavi-v-yaka-denim-gomlek-tunik","status":"publish","type":"product","link":"https:\/\/mod.wisdar.net\/tr\/urun\/koyu-mavi-v-yaka-denim-gomlek-tunik\/","title":{"rendered":"Koyu Mavi-V Yaka Denim G\u00f6mlek Tunik"},"content":{"rendered":"<p>\u015e\u0131kl\u0131\u011f\u0131 detaylarda arayanlara \u00f6zel Koyu Mavi-V Yaka Denim G\u00f6mlek Tunik ile zarif bir g\u00f6r\u00fcn\u00fcm yakalay\u0131n. G\u00fcnl\u00fck ve \u00f6zel kombinler i\u00e7in ideal tasar\u0131m ALLDAY\u2019de!<\/p>\n<p>\u2014 Technical Details \u2014<br \/>\nSezon: 26-K\u0131\u015f<br \/>\nKuma\u015f \u0130\u00e7eri\u011fi: % 100 CO<br \/>\nCep Detay: Cepsiz<br \/>\nYaka: G\u00f6mlek<br \/>\nKol Kal\u0131p: D\u00fc\u015f\u00fck<br \/>\nEbat \/ Boy: 78 CM<br \/>\nTasar\u0131m D\u00f6nemi: 26-K\u0131\u015f<br \/>\nKal\u0131p: OVERSIZE<br \/>\nBel: Bel<br \/>\nDesen: D\u00fcz<br \/>\nTema: 1.Tema<br \/>\nLine: PREM<br \/>\n\u00dcr\u00fcn Ligi: A Kalite<br \/>\nSezon Sat\u0131\u015f D\u00f6nemi: K\u0131\u015f<br \/>\nMalzeme T\u00fcr\u00fc: Dokuma<\/p>\n","protected":false},"excerpt":{"rendered":"<p>\u015e\u0131kl\u0131\u011f\u0131 detaylarda arayanlara \u00f6zel Koyu Mavi-V Yaka Denim G\u00f6mlek Tunik ile zarif bir g\u00f6r\u00fcn\u00fcm yakalay\u0131n. G\u00fcnl\u00fck ve \u00f6zel kombinler i\u00e7in ideal tasar\u0131m ALLDAY\u2019de! \u2014 Technical Details \u2014 Sezon: 26-K\u0131\u015f Kuma\u015f \u0130\u00e7eri\u011fi: % 100 CO Cep Detay: Cepsiz Yaka: G\u00f6mlek Kol Kal\u0131p: D\u00fc\u015f\u00fck Ebat \/ Boy: 78 CM Tasar\u0131m D\u00f6nemi: 26-K\u0131\u015f Kal\u0131p: OVERSIZE Bel: Bel Desen: [&hellip;]<\/p>\n","protected":false},"featured_media":212553,"comment_status":"open","ping_status":"closed","template":"","meta":[],"product_brand":[],"product_cat":[2050],"product_tag":[],"class_list":{"0":"post-212570","1":"product","2":"type-product","3":"status-publish","4":"has-post-thumbnail","6":"product_cat-blazer-ceketler","7":"pa_brand-allday","8":"pa_color-koyu-mavi","9":"pa_size-l","10":"pa_size-m","11":"pa_size-s","13":"first","14":"instock","15":"shipping-taxable","16":"purchasable","17":"product-type-variable"},"_links":{"self":[{"href":"https:\/\/mod.wisdar.net\/tr\/wp-json\/wp\/v2\/product\/212570","targetHints":{"allow":["GET"]}}],"collection":[{"href":"https:\/\/mod.wisdar.net\/tr\/wp-json\/wp\/v2\/product"}],"about":[{"href":"https:\/\/mod.wisdar.net\/tr\/wp-json\/wp\/v2\/types\/product"}],"replies":[{"embeddable":true,"href":"https:\/\/mod.wisdar.net\/tr\/wp-json\/wp\/v2\/comments?post=212570"}],"wp:featuredmedia":[{"embeddable":true,"href":"https:\/\/mod.wisdar.net\/tr\/wp-json\/wp\/v2\/media\/212553"}],"wp:attachment":[{"href":"https:\/\/mod.wisdar.net\/tr\/wp-json\/wp\/v2\/media?parent=212570"}],"wp:term":[{"taxonomy":"product_brand","embeddable":true,"href":"https:\/\/mod.wisdar.net\/tr\/wp-json\/wp\/v2\/product_brand?post=212570"},{"taxonomy":"product_cat","embeddable":true,"href":"https:\/\/mod.wisdar.net\/tr\/wp-json\/wp\/v2\/product_cat?post=212570"},{"taxonomy":"product_tag","embeddable":true,"href":"https:\/\/mod.wisdar.net\/tr\/wp-json\/wp\/v2\/product_tag?post=212570"}],"curies":[{"name":"wp","href":"https:\/\/api.w.org\/{rel}","templated":true}]}}