{"id":212656,"date":"2026-04-06T22:12:58","date_gmt":"2026-04-06T22:12:58","guid":{"rendered":"https:\/\/modesthanim.com\/product\/yesil-kup-detayli-fit-elbise\/"},"modified":"2026-04-06T22:13:18","modified_gmt":"2026-04-06T22:13:18","slug":"yesil-kup-detayli-fit-elbise","status":"publish","type":"product","link":"https:\/\/mod.wisdar.net\/tr\/urun\/yesil-kup-detayli-fit-elbise\/","title":{"rendered":"Ye\u015fil-Kup Detayl\u0131 Fit Elbise"},"content":{"rendered":"<p>\u015e\u0131kl\u0131\u011f\u0131 detaylarda arayanlara \u00f6zel Ye\u015fil-Kup Detayl\u0131 Fit Elbise ile zarif bir g\u00f6r\u00fcn\u00fcm yakalay\u0131n. G\u00fcnl\u00fck ve \u00f6zel kombinler i\u00e7in ideal tasar\u0131m<\/p>\n<p>\u2014 Technical Details \u2014<br \/>\nSezon: 26 YAZ<br \/>\nKuma\u015f \u0130\u00e7eri\u011fi: %54 CV %46 VI<br \/>\nKuma\u015f Grubu: Viskon<br \/>\nCep Detay: Cepsiz<br \/>\nYaka: Bisiklet<br \/>\nKol Kal\u0131p: Kolsuz<br \/>\nEbat \/ Boy: 140 CM<br \/>\nTasar\u0131m D\u00f6nemi: 26 SS<br \/>\nKal\u0131p: REGULAR<br \/>\nDesen: D\u00fcz<br \/>\nTema: 1.Tema<br \/>\nLine: PREM<br \/>\n\u00dcr\u00fcn Ligi: A Kalite<br \/>\nSezon Sat\u0131\u015f D\u00f6nemi: Yaz<br \/>\nY\u0131kama Talimat\u0131: 30\u00b0 dereceye kadar y\u0131kama yap\u0131labilir<br \/>\nMalzeme T\u00fcr\u00fc: Dokuma<\/p>\n","protected":false},"excerpt":{"rendered":"<p>\u015e\u0131kl\u0131\u011f\u0131 detaylarda arayanlara \u00f6zel Ye\u015fil-Kup Detayl\u0131 Fit Elbise ile zarif bir g\u00f6r\u00fcn\u00fcm yakalay\u0131n. G\u00fcnl\u00fck ve \u00f6zel kombinler i\u00e7in ideal tasar\u0131m \u2014 Technical Details \u2014 Sezon: 26 YAZ Kuma\u015f \u0130\u00e7eri\u011fi: %54 CV %46 VI Kuma\u015f Grubu: Viskon Cep Detay: Cepsiz Yaka: Bisiklet Kol Kal\u0131p: Kolsuz Ebat \/ Boy: 140 CM Tasar\u0131m D\u00f6nemi: 26 SS Kal\u0131p: REGULAR [&hellip;]<\/p>\n","protected":false},"featured_media":212645,"comment_status":"open","ping_status":"closed","template":"","meta":[],"product_brand":[],"product_cat":[12479],"product_tag":[4853,6774,7592,6906],"class_list":{"0":"post-212656","1":"product","2":"type-product","3":"status-publish","4":"has-post-thumbnail","6":"product_cat-gunluk-giyim","7":"product_tag-a-quality","8":"product_tag-viskon-elbise","9":"product_tag-yesil-elbise","10":"product_tag-zarif-moda","11":"pa_brand-allday","12":"pa_color-yesil","13":"pa_size-l","14":"pa_size-m","15":"pa_size-s","16":"pa_size-xl","18":"first","19":"instock","20":"sale","21":"shipping-taxable","22":"purchasable","23":"product-type-variable"},"_links":{"self":[{"href":"https:\/\/mod.wisdar.net\/tr\/wp-json\/wp\/v2\/product\/212656","targetHints":{"allow":["GET"]}}],"collection":[{"href":"https:\/\/mod.wisdar.net\/tr\/wp-json\/wp\/v2\/product"}],"about":[{"href":"https:\/\/mod.wisdar.net\/tr\/wp-json\/wp\/v2\/types\/product"}],"replies":[{"embeddable":true,"href":"https:\/\/mod.wisdar.net\/tr\/wp-json\/wp\/v2\/comments?post=212656"}],"wp:featuredmedia":[{"embeddable":true,"href":"https:\/\/mod.wisdar.net\/tr\/wp-json\/wp\/v2\/media\/212645"}],"wp:attachment":[{"href":"https:\/\/mod.wisdar.net\/tr\/wp-json\/wp\/v2\/media?parent=212656"}],"wp:term":[{"taxonomy":"product_brand","embeddable":true,"href":"https:\/\/mod.wisdar.net\/tr\/wp-json\/wp\/v2\/product_brand?post=212656"},{"taxonomy":"product_cat","embeddable":true,"href":"https:\/\/mod.wisdar.net\/tr\/wp-json\/wp\/v2\/product_cat?post=212656"},{"taxonomy":"product_tag","embeddable":true,"href":"https:\/\/mod.wisdar.net\/tr\/wp-json\/wp\/v2\/product_tag?post=212656"}],"curies":[{"name":"wp","href":"https:\/\/api.w.org\/{rel}","templated":true}]}}