{"id":21269,"date":"2025-11-02T14:42:18","date_gmt":"2025-11-02T14:42:18","guid":{"rendered":"https:\/\/modesthanim.com\/product\/poplin-tunik-kahverengi\/"},"modified":"2026-02-19T02:40:53","modified_gmt":"2026-02-19T02:40:53","slug":"poplin-tunik-kahverengi","status":"publish","type":"product","link":"https:\/\/mod.wisdar.net\/tr\/urun\/poplin-tunik-kahverengi\/","title":{"rendered":"Poplin Tunik Kahverengi"},"content":{"rendered":"<p>\u00dcr\u00fcn boyu: 55 cm<br \/>\nKol boyu: 50 cm.<br \/>\nNumune bedeni: 36. Bedenler aras\u0131nda 1-2 cm fark olabilir.<br \/>\nManken \u00f6l\u00e7\u00fcleri: Boy: 1.67 m, Kilo: 52 kg, G\u00f6\u011f\u00fcs: 88 cm, Bel: 64 cm, Kal\u00e7a: 88 cm.<br \/>\nY\u0131kama talimat\u0131: \u00c7ama\u015f\u0131r suyu kullan\u0131lmaz. Hafif \u0131s\u0131 ile \u00fct\u00fclenebilir. Kuru temizleme yap\u0131labilir.<br \/>\n\u0130ade ve de\u011fi\u015fim: Faturas\u0131z iade ve de\u011fi\u015fim yap\u0131lmamaktad\u0131r. \u00dcr\u00fcn\u00fc teslim ald\u0131ktan sonra 14 g\u00fcn i\u00e7inde iade veya de\u011fi\u015fim yapabilirsiniz. Hasarl\u0131 veya eksik \u00fcr\u00fcnler i\u00e7in teslimat tarihinden itibaren 24 saat i\u00e7inde iade talebi olu\u015fturabilirsiniz.<br \/>\nTeknik Detaylar: Tedarik\u00e7i Mam\u00fcl Kodu: 57511<\/p>\n","protected":false},"excerpt":{"rendered":"<p>\u00dcr\u00fcn boyu: 55 cm Kol boyu: 50 cm. Numune bedeni: 36. Bedenler aras\u0131nda 1-2 cm fark olabilir. Manken \u00f6l\u00e7\u00fcleri: Boy: 1.67 m, Kilo: 52 kg, G\u00f6\u011f\u00fcs: 88 cm, Bel: 64 cm, Kal\u00e7a: 88 cm. Y\u0131kama talimat\u0131: \u00c7ama\u015f\u0131r suyu kullan\u0131lmaz. Hafif \u0131s\u0131 ile \u00fct\u00fclenebilir. Kuru temizleme yap\u0131labilir. \u0130ade ve de\u011fi\u015fim: Faturas\u0131z iade ve de\u011fi\u015fim yap\u0131lmamaktad\u0131r. \u00dcr\u00fcn\u00fc [&hellip;]<\/p>\n","protected":false},"featured_media":0,"comment_status":"open","ping_status":"closed","template":"","meta":[],"product_brand":[],"product_cat":[2050,1909],"product_tag":[],"class_list":{"0":"post-21269","1":"product","2":"type-product","3":"status-publish","5":"product_cat-blazer-ceketler","6":"product_cat-bluzlar-ve-gomlekler","7":"pa_brand-markasiz","8":"pa_color-kahverengi","9":"pa_size-4701","10":"pa_size-4706","11":"pa_size-4711","12":"pa_size-4713","14":"first","15":"instock","16":"sale","17":"shipping-taxable","18":"purchasable","19":"product-type-variable"},"_links":{"self":[{"href":"https:\/\/mod.wisdar.net\/tr\/wp-json\/wp\/v2\/product\/21269","targetHints":{"allow":["GET"]}}],"collection":[{"href":"https:\/\/mod.wisdar.net\/tr\/wp-json\/wp\/v2\/product"}],"about":[{"href":"https:\/\/mod.wisdar.net\/tr\/wp-json\/wp\/v2\/types\/product"}],"replies":[{"embeddable":true,"href":"https:\/\/mod.wisdar.net\/tr\/wp-json\/wp\/v2\/comments?post=21269"}],"wp:attachment":[{"href":"https:\/\/mod.wisdar.net\/tr\/wp-json\/wp\/v2\/media?parent=21269"}],"wp:term":[{"taxonomy":"product_brand","embeddable":true,"href":"https:\/\/mod.wisdar.net\/tr\/wp-json\/wp\/v2\/product_brand?post=21269"},{"taxonomy":"product_cat","embeddable":true,"href":"https:\/\/mod.wisdar.net\/tr\/wp-json\/wp\/v2\/product_cat?post=21269"},{"taxonomy":"product_tag","embeddable":true,"href":"https:\/\/mod.wisdar.net\/tr\/wp-json\/wp\/v2\/product_tag?post=21269"}],"curies":[{"name":"wp","href":"https:\/\/api.w.org\/{rel}","templated":true}]}}