{"id":212770,"date":"2026-04-06T22:14:25","date_gmt":"2026-04-06T22:14:25","guid":{"rendered":"https:\/\/modesthanim.com\/product\/tas-mavi-robali-kusakli-emprime-buyuk-beden-elbise\/"},"modified":"2026-04-06T22:14:39","modified_gmt":"2026-04-06T22:14:39","slug":"tas-mavi-robali-kusakli-emprime-buyuk-beden-elbise","status":"publish","type":"product","link":"https:\/\/mod.wisdar.net\/tr\/urun\/tas-mavi-robali-kusakli-emprime-buyuk-beden-elbise\/","title":{"rendered":"Ta\u015f-Mavi-Robal\u0131 Ku\u015fakl\u0131 Emprime B\u00fcy\u00fck Beden Elbise"},"content":{"rendered":"<p>Ta\u015f-Mavi-Robal\u0131 Ku\u015fakl\u0131 Emprime B\u00fcy\u00fck Beden Elbise \u00fcr\u00fcn\u00fc ile modern ve rahat bir tarz yakalay\u0131n  ALLDAY\u2019in Viskon Elbise kategorisindeki di\u011fer modellerini ke\u015ffedin. Kombinini tamamlayacak Ta\u015f-Mavi-Robal\u0131 Ku\u015fakl\u0131 Emprime B\u00fcy\u00fck Beden Elbise i\u00e7in hemen ke\u015ffedin!<\/p>\n<p>\u2014 Technical Details \u2014<br \/>\nKal\u0131p: RELAX<br \/>\nMalzeme T\u00fcr\u00fc: Dokuma<br \/>\nY\u0131kama Talimat\u0131: 30\u00b0 dereceye kadar y\u0131kama yap\u0131labilir<br \/>\nSezon Sat\u0131\u015f D\u00f6nemi: Yaz<br \/>\n\u00dcr\u00fcn Ligi: A Kalite<br \/>\nLine: PLUS SIZE<br \/>\nTema: 2.CLASS<br \/>\nDesen: Emprime<br \/>\nBel: Ku\u015fakl\u0131<br \/>\nSezon: Kampanya<br \/>\nTasar\u0131m D\u00f6nemi: 25-Yaz<br \/>\nEbat \/ Boy: 140 CM<br \/>\nKol Kal\u0131p: D\u00fc\u015f\u00fck<br \/>\nYaka: Bebe<br \/>\nCep Detay: Gizli<br \/>\nKuma\u015f Grubu: Pamuk Polyester<br \/>\nKuma\u015f \u0130\u00e7eri\u011fi: %100 V\u0130SCOSE<\/p>\n","protected":false},"excerpt":{"rendered":"<p>Ta\u015f-Mavi-Robal\u0131 Ku\u015fakl\u0131 Emprime B\u00fcy\u00fck Beden Elbise \u00fcr\u00fcn\u00fc ile modern ve rahat bir tarz yakalay\u0131n ALLDAY\u2019in Viskon Elbise kategorisindeki di\u011fer modellerini ke\u015ffedin. Kombinini tamamlayacak Ta\u015f-Mavi-Robal\u0131 Ku\u015fakl\u0131 Emprime B\u00fcy\u00fck Beden Elbise i\u00e7in hemen ke\u015ffedin! \u2014 Technical Details \u2014 Kal\u0131p: RELAX Malzeme T\u00fcr\u00fc: Dokuma Y\u0131kama Talimat\u0131: 30\u00b0 dereceye kadar y\u0131kama yap\u0131labilir Sezon Sat\u0131\u015f D\u00f6nemi: Yaz \u00dcr\u00fcn Ligi: A [&hellip;]<\/p>\n","protected":false},"featured_media":212764,"comment_status":"open","ping_status":"closed","template":"","meta":[],"product_brand":[],"product_cat":[6249,1933],"product_tag":[8299,6774,6877],"class_list":{"0":"post-212770","1":"product","2":"type-product","3":"status-publish","4":"has-post-thumbnail","6":"product_cat-elbiseler","7":"product_cat-gunluk-ve-gunduz-elbiseleri","8":"product_tag-kemerli-elbise","9":"product_tag-viskon-elbise","10":"product_tag-yaz-elbisesi","11":"pa_brand-allday","12":"pa_color-tas-mavi","13":"pa_size-4749","14":"pa_size-4747","15":"pa_size-4746","16":"pa_size-4744","18":"first","19":"instock","20":"sale","21":"shipping-taxable","22":"purchasable","23":"product-type-variable"},"_links":{"self":[{"href":"https:\/\/mod.wisdar.net\/tr\/wp-json\/wp\/v2\/product\/212770","targetHints":{"allow":["GET"]}}],"collection":[{"href":"https:\/\/mod.wisdar.net\/tr\/wp-json\/wp\/v2\/product"}],"about":[{"href":"https:\/\/mod.wisdar.net\/tr\/wp-json\/wp\/v2\/types\/product"}],"replies":[{"embeddable":true,"href":"https:\/\/mod.wisdar.net\/tr\/wp-json\/wp\/v2\/comments?post=212770"}],"wp:featuredmedia":[{"embeddable":true,"href":"https:\/\/mod.wisdar.net\/tr\/wp-json\/wp\/v2\/media\/212764"}],"wp:attachment":[{"href":"https:\/\/mod.wisdar.net\/tr\/wp-json\/wp\/v2\/media?parent=212770"}],"wp:term":[{"taxonomy":"product_brand","embeddable":true,"href":"https:\/\/mod.wisdar.net\/tr\/wp-json\/wp\/v2\/product_brand?post=212770"},{"taxonomy":"product_cat","embeddable":true,"href":"https:\/\/mod.wisdar.net\/tr\/wp-json\/wp\/v2\/product_cat?post=212770"},{"taxonomy":"product_tag","embeddable":true,"href":"https:\/\/mod.wisdar.net\/tr\/wp-json\/wp\/v2\/product_tag?post=212770"}],"curies":[{"name":"wp","href":"https:\/\/api.w.org\/{rel}","templated":true}]}}