{"id":212826,"date":"2026-04-06T22:15:05","date_gmt":"2026-04-06T22:15:05","guid":{"rendered":"https:\/\/modesthanim.com\/product\/siyah-v-yaka-uzun-kollu-bluz\/"},"modified":"2026-04-15T20:31:31","modified_gmt":"2026-04-15T20:31:31","slug":"siyah-v-yaka-uzun-kollu-bluz","status":"publish","type":"product","link":"https:\/\/mod.wisdar.net\/tr\/urun\/siyah-v-yaka-uzun-kollu-bluz\/","title":{"rendered":"Siyah-V Yaka Uzun Kollu Bluz"},"content":{"rendered":"<p>Siyah-V Yaka Uzun Kollu Bluz \u00fcr\u00fcn\u00fc ile modern ve rahat bir tarz yakalay\u0131n ALLDAY\u2019in Kap kategorisindeki di\u011fer modellerini ke\u015ffedin. Kombinini tamamlayacak Siyah-V Yaka Uzun Kollu Bluz i\u00e7in hemen Ke\u015ffedin!<\/p>\n<p>\u2014 Technical Details \u2014<br \/>\nSezon: 26 YAZ<br \/>\nKuma\u015f \u0130\u00e7eri\u011fi: %80 Polyester %20 Pamuk<br \/>\nKuma\u015f Grubu: Pamuk Polyester<br \/>\nCep Detay: Cepli<br \/>\nYaka: V Yaka<br \/>\nKol Kal\u0131p: D\u00fc\u015f\u00fck<br \/>\nEbat \/ Boy: 57CM<br \/>\nTasar\u0131m D\u00f6nemi: 26 SS<br \/>\nKal\u0131p: RELAX<br \/>\nDesen: Garnili<br \/>\nTema: 2.Tema<br \/>\nLine: ELEGANCE<br \/>\n\u00dcr\u00fcn Ligi: A Kalite<br \/>\nSezon Sat\u0131\u015f D\u00f6nemi: Yaz<br \/>\nY\u0131kama Talimat\u0131: A\u011fart\u0131c\u0131 \u00fcr\u00fcnler kullan\u0131lamaz<br \/>\nMalzeme T\u00fcr\u00fc: Dokuma<\/p>\n","protected":false},"excerpt":{"rendered":"<p>Siyah-V Yaka Uzun Kollu Bluz \u00fcr\u00fcn\u00fc ile modern ve rahat bir tarz yakalay\u0131n ALLDAY\u2019in Kap kategorisindeki di\u011fer modellerini ke\u015ffedin. Kombinini tamamlayacak Siyah-V Yaka Uzun Kollu Bluz i\u00e7in hemen Ke\u015ffedin! \u2014 Technical Details \u2014 Sezon: 26 YAZ Kuma\u015f \u0130\u00e7eri\u011fi: %80 Polyester %20 Pamuk Kuma\u015f Grubu: Pamuk Polyester Cep Detay: Cepli Yaka: V Yaka Kol Kal\u0131p: D\u00fc\u015f\u00fck [&hellip;]<\/p>\n","protected":false},"featured_media":212816,"comment_status":"open","ping_status":"closed","template":"","meta":[],"product_brand":[],"product_cat":[1909],"product_tag":[5012,6751,6768],"class_list":{"0":"post-212826","1":"product","2":"type-product","3":"status-publish","4":"has-post-thumbnail","6":"product_cat-bluzlar-ve-gomlekler","7":"product_tag-elegant","8":"product_tag-rahat","9":"product_tag-uzun-kol","10":"pa_brand-allday","11":"pa_color-siyah","12":"pa_size-l","13":"pa_size-m","14":"pa_size-s","16":"first","17":"instock","18":"sale","19":"shipping-taxable","20":"purchasable","21":"product-type-variable"},"_links":{"self":[{"href":"https:\/\/mod.wisdar.net\/tr\/wp-json\/wp\/v2\/product\/212826","targetHints":{"allow":["GET"]}}],"collection":[{"href":"https:\/\/mod.wisdar.net\/tr\/wp-json\/wp\/v2\/product"}],"about":[{"href":"https:\/\/mod.wisdar.net\/tr\/wp-json\/wp\/v2\/types\/product"}],"replies":[{"embeddable":true,"href":"https:\/\/mod.wisdar.net\/tr\/wp-json\/wp\/v2\/comments?post=212826"}],"wp:featuredmedia":[{"embeddable":true,"href":"https:\/\/mod.wisdar.net\/tr\/wp-json\/wp\/v2\/media\/212816"}],"wp:attachment":[{"href":"https:\/\/mod.wisdar.net\/tr\/wp-json\/wp\/v2\/media?parent=212826"}],"wp:term":[{"taxonomy":"product_brand","embeddable":true,"href":"https:\/\/mod.wisdar.net\/tr\/wp-json\/wp\/v2\/product_brand?post=212826"},{"taxonomy":"product_cat","embeddable":true,"href":"https:\/\/mod.wisdar.net\/tr\/wp-json\/wp\/v2\/product_cat?post=212826"},{"taxonomy":"product_tag","embeddable":true,"href":"https:\/\/mod.wisdar.net\/tr\/wp-json\/wp\/v2\/product_tag?post=212826"}],"curies":[{"name":"wp","href":"https:\/\/api.w.org\/{rel}","templated":true}]}}