{"id":21286,"date":"2025-11-07T20:16:06","date_gmt":"2025-11-02T14:42:56","guid":{"rendered":"https:\/\/modesthanim.com\/product\/yesil-pilili-tencel-gomlek\/"},"modified":"2026-03-06T12:17:01","modified_gmt":"2026-03-06T12:17:01","slug":"yesil-pilili-tencel-gomlek","status":"publish","type":"product","link":"https:\/\/mod.wisdar.net\/tr\/urun\/yesil-pilili-tencel-gomlek\/","title":{"rendered":"Ye\u015fil Pilili Tencel G\u00f6mlek"},"content":{"rendered":"<p>Ak\u0131c\u0131 Tencel kuma\u015ftan \u00fcretilen bu g\u00f6mlek, gizli pat, uzun kollu man\u015fetler, g\u00f6mlek yakas\u0131, metal d\u00fc\u011fmeler ve \u00f6n\u00fcnde diki\u015fli bir flare i\u00e7erir. Beden 1 (36-38) Uzunluk: 64 cm, Kol Uzunlu\u011fu: 50 cm, G\u00f6\u011f\u00fcs: 51 cm, Omuz Geni\u015fli\u011fi: 53 cm Beden 2 (40-42) Uzunluk: 67 cm, Kol Uzunlu\u011fu: 50 cm, G\u00f6\u011f\u00fcs: 54 cm, Omuz Geni\u015fli\u011fi: 55 cm. \u00dcr\u00fcn, \u00e7\u0131kar\u0131labilir bir kemer i\u00e7erir.<\/p>\n","protected":false},"excerpt":{"rendered":"<p>Ak\u0131c\u0131 Tencel kuma\u015ftan \u00fcretilen bu g\u00f6mlek, gizli pat, uzun kollu man\u015fetler, g\u00f6mlek yakas\u0131, metal d\u00fc\u011fmeler ve \u00f6n\u00fcnde diki\u015fli bir flare i\u00e7erir. Beden 1 (36-38) Uzunluk: 64 cm, Kol Uzunlu\u011fu: 50 cm, G\u00f6\u011f\u00fcs: 51 cm, Omuz Geni\u015fli\u011fi: 53 cm Beden 2 (40-42) Uzunluk: 67 cm, Kol Uzunlu\u011fu: 50 cm, G\u00f6\u011f\u00fcs: 54 cm, Omuz Geni\u015fli\u011fi: 55 cm. [&hellip;]<\/p>\n","protected":false},"featured_media":0,"comment_status":"open","ping_status":"closed","template":"","meta":[],"product_brand":[],"product_cat":[1909],"product_tag":[6747,8107,7825],"class_list":{"0":"post-21286","1":"product","2":"type-product","3":"status-publish","5":"product_cat-bluzlar-ve-gomlekler","6":"product_tag-pile-detayli","7":"product_tag-sik","8":"product_tag-yesil","9":"pa_brand-fahhar","10":"pa_color-yesil","11":"pa_size-1-36-38","12":"pa_size-2-40-42","14":"first","15":"outofstock","16":"shipping-taxable","17":"product-type-variable"},"_links":{"self":[{"href":"https:\/\/mod.wisdar.net\/tr\/wp-json\/wp\/v2\/product\/21286","targetHints":{"allow":["GET"]}}],"collection":[{"href":"https:\/\/mod.wisdar.net\/tr\/wp-json\/wp\/v2\/product"}],"about":[{"href":"https:\/\/mod.wisdar.net\/tr\/wp-json\/wp\/v2\/types\/product"}],"replies":[{"embeddable":true,"href":"https:\/\/mod.wisdar.net\/tr\/wp-json\/wp\/v2\/comments?post=21286"}],"wp:attachment":[{"href":"https:\/\/mod.wisdar.net\/tr\/wp-json\/wp\/v2\/media?parent=21286"}],"wp:term":[{"taxonomy":"product_brand","embeddable":true,"href":"https:\/\/mod.wisdar.net\/tr\/wp-json\/wp\/v2\/product_brand?post=21286"},{"taxonomy":"product_cat","embeddable":true,"href":"https:\/\/mod.wisdar.net\/tr\/wp-json\/wp\/v2\/product_cat?post=21286"},{"taxonomy":"product_tag","embeddable":true,"href":"https:\/\/mod.wisdar.net\/tr\/wp-json\/wp\/v2\/product_tag?post=21286"}],"curies":[{"name":"wp","href":"https:\/\/api.w.org\/{rel}","templated":true}]}}