{"id":212902,"date":"2026-04-06T22:15:56","date_gmt":"2026-04-06T22:15:56","guid":{"rendered":"https:\/\/modesthanim.com\/product\/haki-gizli-patli-uzun-gomlek\/"},"modified":"2026-04-15T21:04:33","modified_gmt":"2026-04-15T21:04:33","slug":"haki-gizli-patli-uzun-gomlek","status":"publish","type":"product","link":"https:\/\/mod.wisdar.net\/tr\/urun\/haki-gizli-patli-uzun-gomlek\/","title":{"rendered":"Haki-Gizli Patl\u0131 Uzun G\u00f6mlek"},"content":{"rendered":"<p>\u015e\u0131kl\u0131\u011f\u0131 detaylarda arayanlara \u00f6zel Haki-Gizli Patl\u0131 Uzun G\u00f6mlek ile zarif bir g\u00f6r\u00fcn\u00fcm yakalay\u0131n. G\u00fcnl\u00fck ve \u00f6zel kombinler i\u00e7in ideal tasar\u0131m ALLDAY\u2019de!<\/p>\n<p>\u2014 Technical Details \u2014<br \/>\nSezon: 26 Yaz RPT<br \/>\nKuma\u015f \u0130\u00e7eri\u011fi: %100 Viskon<br \/>\nKuma\u015f Grubu: Viskon<br \/>\nCep Detay: Cepsiz<br \/>\nYaka: G\u00f6mlek<br \/>\nKol Kal\u0131p: Takma<br \/>\nEbat \/ Boy: 130 CM<br \/>\nTasar\u0131m D\u00f6nemi: 22-Yaz devir<br \/>\nKal\u0131p: REGULAR<br \/>\nDesen: D\u00fcz<br \/>\nTema: 2.EASY<br \/>\nLine: CASUAL<br \/>\n\u00dcr\u00fcn Ligi: A Kalite<br \/>\nSezon Sat\u0131\u015f D\u00f6nemi: Yaz<br \/>\nMalzeme T\u00fcr\u00fc: Dokuma<\/p>\n","protected":false},"excerpt":{"rendered":"<p>\u015e\u0131kl\u0131\u011f\u0131 detaylarda arayanlara \u00f6zel Haki-Gizli Patl\u0131 Uzun G\u00f6mlek ile zarif bir g\u00f6r\u00fcn\u00fcm yakalay\u0131n. G\u00fcnl\u00fck ve \u00f6zel kombinler i\u00e7in ideal tasar\u0131m ALLDAY\u2019de! \u2014 Technical Details \u2014 Sezon: 26 Yaz RPT Kuma\u015f \u0130\u00e7eri\u011fi: %100 Viskon Kuma\u015f Grubu: Viskon Cep Detay: Cepsiz Yaka: G\u00f6mlek Kol Kal\u0131p: Takma Ebat \/ Boy: 130 CM Tasar\u0131m D\u00f6nemi: 22-Yaz devir Kal\u0131p: REGULAR [&hellip;]<\/p>\n","protected":false},"featured_media":212891,"comment_status":"open","ping_status":"closed","template":"","meta":[],"product_brand":[],"product_cat":[1909],"product_tag":[7426],"class_list":{"0":"post-212902","1":"product","2":"type-product","3":"status-publish","4":"has-post-thumbnail","6":"product_cat-bluzlar-ve-gomlekler","7":"product_tag-gunluk-giyim-3","8":"pa_brand-allday","9":"pa_color-haki","10":"pa_size-4701","11":"pa_size-4706","12":"pa_size-4711","13":"pa_size-4713","14":"pa_size-4751","15":"pa_size-4749","17":"first","18":"instock","19":"sale","20":"shipping-taxable","21":"purchasable","22":"product-type-variable"},"_links":{"self":[{"href":"https:\/\/mod.wisdar.net\/tr\/wp-json\/wp\/v2\/product\/212902","targetHints":{"allow":["GET"]}}],"collection":[{"href":"https:\/\/mod.wisdar.net\/tr\/wp-json\/wp\/v2\/product"}],"about":[{"href":"https:\/\/mod.wisdar.net\/tr\/wp-json\/wp\/v2\/types\/product"}],"replies":[{"embeddable":true,"href":"https:\/\/mod.wisdar.net\/tr\/wp-json\/wp\/v2\/comments?post=212902"}],"wp:featuredmedia":[{"embeddable":true,"href":"https:\/\/mod.wisdar.net\/tr\/wp-json\/wp\/v2\/media\/212891"}],"wp:attachment":[{"href":"https:\/\/mod.wisdar.net\/tr\/wp-json\/wp\/v2\/media?parent=212902"}],"wp:term":[{"taxonomy":"product_brand","embeddable":true,"href":"https:\/\/mod.wisdar.net\/tr\/wp-json\/wp\/v2\/product_brand?post=212902"},{"taxonomy":"product_cat","embeddable":true,"href":"https:\/\/mod.wisdar.net\/tr\/wp-json\/wp\/v2\/product_cat?post=212902"},{"taxonomy":"product_tag","embeddable":true,"href":"https:\/\/mod.wisdar.net\/tr\/wp-json\/wp\/v2\/product_tag?post=212902"}],"curies":[{"name":"wp","href":"https:\/\/api.w.org\/{rel}","templated":true}]}}