{"id":213034,"date":"2026-04-06T22:17:27","date_gmt":"2026-04-06T22:17:27","guid":{"rendered":"https:\/\/modesthanim.com\/product\/lacivert-rahat-kalip-modal-ferace\/"},"modified":"2026-04-06T22:17:47","modified_gmt":"2026-04-06T22:17:47","slug":"lacivert-rahat-kalip-modal-ferace","status":"publish","type":"product","link":"https:\/\/mod.wisdar.net\/tr\/urun\/lacivert-rahat-kalip-modal-ferace\/","title":{"rendered":"Lacivert-Rahat Kal\u0131p Modal Ferace"},"content":{"rendered":"<p>\u015e\u0131kl\u0131\u011f\u0131 detaylarda arayanlar i\u00e7in tasarlanm\u0131\u015f Lacivert-Rahat Kal\u0131p Modal Ferace ile zarif bir g\u00f6r\u00fcn\u00fcm yakalay\u0131n. G\u00fcnl\u00fck ve \u00f6zel kombinler i\u00e7in ideal tasar\u0131m.<\/p>\n<p>\u2014 Teknik Detaylar \u2014<br \/>\nSezon: 26 YAZ<br \/>\nKuma\u015f \u0130\u00e7eri\u011fi: %84 CMD %16 PES<br \/>\nKuma\u015f Grubu: Modal<br \/>\nCep Detay\u0131: Flato<br \/>\nYaka: Bisiklet<br \/>\nKol Kal\u0131b\u0131: Takma<br \/>\nEbat \/ Boy: 140 CM<br \/>\nTasar\u0131m D\u00f6nemi: 26 SS<br \/>\nKal\u0131p: RELAX<br \/>\nDesen: D\u00fcz<br \/>\nTema: 2. Tema<br \/>\nLine: ELEGANCE<br \/>\n\u00dcr\u00fcn Ligi: A Kalite<br \/>\nSezon Sat\u0131\u015f D\u00f6nemi: Yaz<br \/>\nY\u0131kama Talimat\u0131: 30\u00b0 dereceye kadar y\u0131kama yap\u0131labilir<br \/>\nMalzeme T\u00fcr\u00fc: Dokuma<\/p>\n","protected":false},"excerpt":{"rendered":"<p>\u015e\u0131kl\u0131\u011f\u0131 detaylarda arayanlar i\u00e7in tasarlanm\u0131\u015f Lacivert-Rahat Kal\u0131p Modal Ferace ile zarif bir g\u00f6r\u00fcn\u00fcm yakalay\u0131n. G\u00fcnl\u00fck ve \u00f6zel kombinler i\u00e7in ideal tasar\u0131m. \u2014 Teknik Detaylar \u2014 Sezon: 26 YAZ Kuma\u015f \u0130\u00e7eri\u011fi: %84 CMD %16 PES Kuma\u015f Grubu: Modal Cep Detay\u0131: Flato Yaka: Bisiklet Kol Kal\u0131b\u0131: Takma Ebat \/ Boy: 140 CM Tasar\u0131m D\u00f6nemi: 26 SS Kal\u0131p: [&hellip;]<\/p>\n","protected":false},"featured_media":213023,"comment_status":"open","ping_status":"closed","template":"","meta":[],"product_brand":[],"product_cat":[4028],"product_tag":[],"class_list":{"0":"post-213034","1":"product","2":"type-product","3":"status-publish","4":"has-post-thumbnail","6":"product_cat-abaya","7":"pa_brand-allday","8":"pa_color-lacivert","9":"pa_size-l","10":"pa_size-m","11":"pa_size-s","12":"pa_size-xl","14":"first","15":"instock","16":"sale","17":"shipping-taxable","18":"purchasable","19":"product-type-variable"},"_links":{"self":[{"href":"https:\/\/mod.wisdar.net\/tr\/wp-json\/wp\/v2\/product\/213034","targetHints":{"allow":["GET"]}}],"collection":[{"href":"https:\/\/mod.wisdar.net\/tr\/wp-json\/wp\/v2\/product"}],"about":[{"href":"https:\/\/mod.wisdar.net\/tr\/wp-json\/wp\/v2\/types\/product"}],"replies":[{"embeddable":true,"href":"https:\/\/mod.wisdar.net\/tr\/wp-json\/wp\/v2\/comments?post=213034"}],"wp:featuredmedia":[{"embeddable":true,"href":"https:\/\/mod.wisdar.net\/tr\/wp-json\/wp\/v2\/media\/213023"}],"wp:attachment":[{"href":"https:\/\/mod.wisdar.net\/tr\/wp-json\/wp\/v2\/media?parent=213034"}],"wp:term":[{"taxonomy":"product_brand","embeddable":true,"href":"https:\/\/mod.wisdar.net\/tr\/wp-json\/wp\/v2\/product_brand?post=213034"},{"taxonomy":"product_cat","embeddable":true,"href":"https:\/\/mod.wisdar.net\/tr\/wp-json\/wp\/v2\/product_cat?post=213034"},{"taxonomy":"product_tag","embeddable":true,"href":"https:\/\/mod.wisdar.net\/tr\/wp-json\/wp\/v2\/product_tag?post=213034"}],"curies":[{"name":"wp","href":"https:\/\/api.w.org\/{rel}","templated":true}]}}