{"id":213185,"date":"2026-04-07T11:03:29","date_gmt":"2026-04-07T11:03:29","guid":{"rendered":"https:\/\/modesthanim.com\/product\/manolya-abiye-bordo\/"},"modified":"2026-04-15T21:07:45","modified_gmt":"2026-04-15T21:07:45","slug":"manolya-abiye-bordo","status":"publish","type":"product","link":"https:\/\/mod.wisdar.net\/tr\/urun\/manolya-abiye-bordo\/","title":{"rendered":"Manolya Abiye Bordo"},"content":{"rendered":"<p>*Abiyenin pelerini \u00e7i\u00e7ek detayl\u0131, ta\u015flar\u0131 \u00e7ak\u0131m, arkas\u0131 fermuarl\u0131 \u00f6n\u00fc drape detayl\u0131d\u0131r. G\u00f6\u011f\u00fcs deste\u011fi bulunur. *Abiye etek boy 155cm *Omuz 36cm *G\u00f6\u011f\u00fcs 48cm *Pelerin boy 155cm<\/p>\n","protected":false},"excerpt":{"rendered":"<p>*Abiyenin pelerini \u00e7i\u00e7ek detayl\u0131, ta\u015flar\u0131 \u00e7ak\u0131m, arkas\u0131 fermuarl\u0131 \u00f6n\u00fc drape detayl\u0131d\u0131r. G\u00f6\u011f\u00fcs deste\u011fi bulunur. *Abiye etek boy 155cm *Omuz 36cm *G\u00f6\u011f\u00fcs 48cm *Pelerin boy 155cm<\/p>\n","protected":false},"featured_media":213183,"comment_status":"open","ping_status":"closed","template":"","meta":[],"product_brand":[],"product_cat":[6249,1936],"product_tag":[],"class_list":{"0":"post-213185","1":"product","2":"type-product","3":"status-publish","4":"has-post-thumbnail","6":"product_cat-elbiseler","7":"product_cat-resmi-ve-aksam-elbiseleri","8":"pa_brand-butikkolik","9":"pa_color-bordo","10":"pa_size-4706","11":"pa_size-4711","12":"pa_size-4713","13":"pa_size-4751","14":"pa_size-4749","16":"first","17":"instock","18":"sale","19":"shipping-taxable","20":"purchasable","21":"product-type-variable"},"_links":{"self":[{"href":"https:\/\/mod.wisdar.net\/tr\/wp-json\/wp\/v2\/product\/213185","targetHints":{"allow":["GET"]}}],"collection":[{"href":"https:\/\/mod.wisdar.net\/tr\/wp-json\/wp\/v2\/product"}],"about":[{"href":"https:\/\/mod.wisdar.net\/tr\/wp-json\/wp\/v2\/types\/product"}],"replies":[{"embeddable":true,"href":"https:\/\/mod.wisdar.net\/tr\/wp-json\/wp\/v2\/comments?post=213185"}],"wp:featuredmedia":[{"embeddable":true,"href":"https:\/\/mod.wisdar.net\/tr\/wp-json\/wp\/v2\/media\/213183"}],"wp:attachment":[{"href":"https:\/\/mod.wisdar.net\/tr\/wp-json\/wp\/v2\/media?parent=213185"}],"wp:term":[{"taxonomy":"product_brand","embeddable":true,"href":"https:\/\/mod.wisdar.net\/tr\/wp-json\/wp\/v2\/product_brand?post=213185"},{"taxonomy":"product_cat","embeddable":true,"href":"https:\/\/mod.wisdar.net\/tr\/wp-json\/wp\/v2\/product_cat?post=213185"},{"taxonomy":"product_tag","embeddable":true,"href":"https:\/\/mod.wisdar.net\/tr\/wp-json\/wp\/v2\/product_tag?post=213185"}],"curies":[{"name":"wp","href":"https:\/\/api.w.org\/{rel}","templated":true}]}}