{"id":213251,"date":"2026-04-07T11:04:18","date_gmt":"2026-04-07T11:04:18","guid":{"rendered":"https:\/\/modesthanim.com\/product\/dik-yaka-yarim-fermuarli-slim-fit-interlok-spor-sweatshirt\/"},"modified":"2026-04-15T21:09:18","modified_gmt":"2026-04-15T21:09:18","slug":"dik-yaka-yarim-fermuarli-slim-fit-interlok-spor-sweatshirt","status":"publish","type":"product","link":"https:\/\/mod.wisdar.net\/tr\/urun\/dik-yaka-yarim-fermuarli-slim-fit-interlok-spor-sweatshirt\/","title":{"rendered":"Dik Yaka Yar\u0131m Fermuarl\u0131 Slim Fit \u0130nterlok Spor Sweatshirt"},"content":{"rendered":"<p>Dik yaka spor sweatshirt, spor stilinizin tamamlay\u0131c\u0131 bir par\u00e7as\u0131 oluyor. Slim fit yap\u0131s\u0131 sayesinde v\u00fccudu nazik\u00e7e sararak modern bir g\u00f6r\u00fcn\u00fcm sunuyor. Diki\u015f detaylar\u0131yla zenginle\u015ftirilen bu sweatshirt, her an\u0131n\u0131za e\u015flik ederek spor aktivitelerinde konfor ve \u015f\u0131kl\u0131\u011f\u0131 bir arada sunuyor. Kullan\u0131\u015fl\u0131 fermuar detay\u0131 sayesinde giyimi kolayla\u015ft\u0131r\u0131rken, basic tasar\u0131m\u0131 ile gard\u0131robunuzun vazge\u00e7ilmezlerinden biri olmaya aday. Stil \u00d6nerisi Sweatshirt&#8217;\u00fc, spor taytlar veya e\u015fofman altlar\u0131 ile kombinleyerek antrenmanlar\u0131n\u0131zda maksimum konfor elde edin. G\u00fcnl\u00fck \u015fehir stilinizde ise denim pantolonlar ve spor ayakkab\u0131larla rahat ve modern bir g\u00f6r\u00fcn\u00fcm yakalayabilirsiniz. \u015eapka ve s\u0131rt \u00e7antas\u0131 gibi aksesuarlarla stilinizi zenginle\u015ftirin ve enerjik bir duru\u015f sergileyin. \u00dcr\u00fcn \u00d6zellikleri Kuma\u015f: %85 Polyester, %15 Elastan Fit: Slim Fit Kol Tipi: Uzun Kol Yaka Tipi: Dik Yaka Detay: Diki\u015f Detayl\u0131, Fermuarl\u0131 Kullan\u0131m Alan\u0131: Spor Giyim Koton&#8217;un spor koleksiyonuyla stilinizi bir ad\u0131m \u00f6ne ta\u015f\u0131y\u0131n. Fonksiyonel ve \u015f\u0131k detaylar\u0131yla \u00f6ne \u00e7\u0131kan Koton sweatshirt modellerini ke\u015ffedin!<\/p>\n","protected":false},"excerpt":{"rendered":"<p>Dik yaka spor sweatshirt, spor stilinizin tamamlay\u0131c\u0131 bir par\u00e7as\u0131 oluyor. Slim fit yap\u0131s\u0131 sayesinde v\u00fccudu nazik\u00e7e sararak modern bir g\u00f6r\u00fcn\u00fcm sunuyor. Diki\u015f detaylar\u0131yla zenginle\u015ftirilen bu sweatshirt, her an\u0131n\u0131za e\u015flik ederek spor aktivitelerinde konfor ve \u015f\u0131kl\u0131\u011f\u0131 bir arada sunuyor. Kullan\u0131\u015fl\u0131 fermuar detay\u0131 sayesinde giyimi kolayla\u015ft\u0131r\u0131rken, basic tasar\u0131m\u0131 ile gard\u0131robunuzun vazge\u00e7ilmezlerinden biri olmaya aday. Stil \u00d6nerisi Sweatshirt&#8217;\u00fc, [&hellip;]<\/p>\n","protected":false},"featured_media":213240,"comment_status":"open","ping_status":"closed","template":"","meta":[],"product_brand":[],"product_cat":[6948,6951],"product_tag":[7446,7311,7448,7469,6845,7310,7450],"class_list":{"0":"post-213251","1":"product","2":"type-product","3":"status-publish","4":"has-post-thumbnail","6":"product_cat-spor-giyim","7":"product_cat-ust-giyim-ustler","8":"product_tag-atletik-giyim","9":"product_tag-dik-yaka","10":"product_tag-gunluk-moda","11":"product_tag-interlock-kumas","12":"product_tag-modern-stil","13":"product_tag-slim-fit","14":"product_tag-spor-sweatshirt-2","15":"pa_brand-koton","16":"pa_color-koyu-gri-melanj","17":"pa_size-l","18":"pa_size-m","19":"pa_size-s","20":"pa_size-xs","22":"first","23":"outofstock","24":"shipping-taxable","25":"product-type-variable"},"_links":{"self":[{"href":"https:\/\/mod.wisdar.net\/tr\/wp-json\/wp\/v2\/product\/213251","targetHints":{"allow":["GET"]}}],"collection":[{"href":"https:\/\/mod.wisdar.net\/tr\/wp-json\/wp\/v2\/product"}],"about":[{"href":"https:\/\/mod.wisdar.net\/tr\/wp-json\/wp\/v2\/types\/product"}],"replies":[{"embeddable":true,"href":"https:\/\/mod.wisdar.net\/tr\/wp-json\/wp\/v2\/comments?post=213251"}],"wp:featuredmedia":[{"embeddable":true,"href":"https:\/\/mod.wisdar.net\/tr\/wp-json\/wp\/v2\/media\/213240"}],"wp:attachment":[{"href":"https:\/\/mod.wisdar.net\/tr\/wp-json\/wp\/v2\/media?parent=213251"}],"wp:term":[{"taxonomy":"product_brand","embeddable":true,"href":"https:\/\/mod.wisdar.net\/tr\/wp-json\/wp\/v2\/product_brand?post=213251"},{"taxonomy":"product_cat","embeddable":true,"href":"https:\/\/mod.wisdar.net\/tr\/wp-json\/wp\/v2\/product_cat?post=213251"},{"taxonomy":"product_tag","embeddable":true,"href":"https:\/\/mod.wisdar.net\/tr\/wp-json\/wp\/v2\/product_tag?post=213251"}],"curies":[{"name":"wp","href":"https:\/\/api.w.org\/{rel}","templated":true}]}}