{"id":213277,"date":"2026-04-07T11:04:40","date_gmt":"2026-04-07T11:04:40","guid":{"rendered":"https:\/\/modesthanim.com\/product\/biyeli-yuksek-bel-ispanyol-paca-spor-tayt-2\/"},"modified":"2026-04-07T11:16:26","modified_gmt":"2026-04-07T11:16:26","slug":"biyeli-yuksek-bel-ispanyol-paca-spor-tayt-2","status":"publish","type":"product","link":"https:\/\/mod.wisdar.net\/tr\/urun\/biyeli-yuksek-bel-ispanyol-paca-spor-tayt-2\/","title":{"rendered":"Biyeli Y\u00fcksek Bel \u0130spanyol Pa\u00e7a Spor Tayt"},"content":{"rendered":"<p>Y\u00fcksek bel spor tayt, \u0130spanyol pa\u00e7a stilini modern bir dokunu\u015fla birle\u015ftiriyor. \u0130nterlok kuma\u015f yap\u0131s\u0131 sayesinde g\u00fcn boyu konfor sunarken, elastan i\u00e7eri\u011fiyle esneklik kazan\u0131yor. Spor aktivitelerinizden g\u00fcnl\u00fck kombinlerinize kadar her an\u0131n\u0131za e\u015flik eden bu tayt, biyeli detaylar\u0131yla hareket ve \u015f\u0131kl\u0131\u011f\u0131 bir arada sunuyor. \u00d6zellikle y\u00fcksek beli ve v\u00fccut hatlar\u0131na uyum sa\u011flayan yap\u0131s\u0131yla, zarif bir g\u00f6r\u00fcn\u00fcm elde etmenizi sa\u011fl\u0131yor. Spor kombinlerinizde rahatl\u0131kla tercih edilebilir ve g\u00f6z al\u0131c\u0131 bir stil yaratabilir. Stil \u00d6nerisi Y\u00fcksek bel spor tayt\u0131n\u0131z\u0131, rahat bir crop top ve spor ayakkab\u0131larla tamamlayarak \u015f\u0131kl\u0131\u011f\u0131 ve hareket \u00f6zg\u00fcrl\u00fc\u011f\u00fcn\u00fc bir arada ke\u015ffedin. Serin g\u00fcnlerde, \u00fczerine ince bir h\u0131rka veya ceket ekleyebilir, \u015f\u0131kl\u0131\u011f\u0131 bir ad\u0131m \u00f6teye ta\u015f\u0131yabilirsiniz. G\u00fcnl\u00fck stilinizde spor bir \u00e7anta ve g\u00fcne\u015f g\u00f6zl\u00fc\u011f\u00fc ile rahat ve trend bir g\u00f6r\u00fcn\u00fcme kavu\u015fabilirsiniz. Hem spor aktivitelerinde hem de g\u00fcnl\u00fck ya\u015famda fark yaratmak i\u00e7in bu tayt\u0131 tercih edin. \u00dcr\u00fcn \u00d6zellikleri Bel Tipi: Y\u00fcksek Bel Fit Tipi: Slim Stil: Flare Ekstra Detay: Biyeli Kuma\u015f: %11 Elastan, %89 Polyester Kullan\u0131m Alan\u0131: Spor Giyim Modern tarz\u0131 ve konforu birle\u015ftiren Koton spor tayt, gard\u0131robunuzun vazge\u00e7ilmez par\u00e7as\u0131 olacak. \u015e\u0131kl\u0131\u011f\u0131 ve rahatl\u0131\u011f\u0131 bir araya getiren bu tasar\u0131m ile her ad\u0131mda fark yarat\u0131n!<\/p>\n<p>\u2014 Technical Details \u2014<br \/>\nSil\u00fcet: Flare<br \/>\nBel Y\u00fcksekli\u011fi: Y\u00fcksek Bel<br \/>\n\u00dcr\u00fcn Tipi \/ Stil: Flare<br \/>\n\u00dcr\u00fcn\u00fcn Alt Markas\u0131: Trends<br \/>\nSat\u0131c\u0131\/\u0130malat\u00e7\u0131\/\u0130thalat\u00e7\u0131 \u0130smi: Koton Ma\u011fazac\u0131l\u0131k Tekstil Sanayi ve Ticaret A.\u015e.<br \/>\nPosta Adresi: Ayaza\u011fa Mah. Maslak Ayaza\u011fa Cad. No:3 \u0130\u00e7 Kap\u0131 No:5 Sar\u0131yer\/\u0130stanbul<br \/>\nE-Posta Adresi: mim@koton.com<\/p>\n","protected":false},"excerpt":{"rendered":"<p>Y\u00fcksek bel spor tayt, \u0130spanyol pa\u00e7a stilini modern bir dokunu\u015fla birle\u015ftiriyor. \u0130nterlok kuma\u015f yap\u0131s\u0131 sayesinde g\u00fcn boyu konfor sunarken, elastan i\u00e7eri\u011fiyle esneklik kazan\u0131yor. Spor aktivitelerinizden g\u00fcnl\u00fck kombinlerinize kadar her an\u0131n\u0131za e\u015flik eden bu tayt, biyeli detaylar\u0131yla hareket ve \u015f\u0131kl\u0131\u011f\u0131 bir arada sunuyor. \u00d6zellikle y\u00fcksek beli ve v\u00fccut hatlar\u0131na uyum sa\u011flayan yap\u0131s\u0131yla, zarif bir g\u00f6r\u00fcn\u00fcm elde [&hellip;]<\/p>\n","protected":false},"featured_media":213266,"comment_status":"open","ping_status":"closed","template":"","meta":[],"product_brand":[],"product_cat":[6954,6948],"product_tag":[7444,7424,7480,7443],"class_list":{"0":"post-213277","1":"product","2":"type-product","3":"status-publish","4":"has-post-thumbnail","6":"product_cat-alt-vucut-alt-giyim","7":"product_cat-spor-giyim","8":"product_tag-jarse","9":"product_tag-spor-giyim","10":"product_tag-tayt","11":"product_tag-trendler","12":"pa_brand-koton","13":"pa_color-siyah","14":"pa_size-l","15":"pa_size-m","16":"pa_size-s","17":"pa_size-xl","18":"pa_size-xs","20":"first","21":"outofstock","22":"shipping-taxable","23":"product-type-variable"},"_links":{"self":[{"href":"https:\/\/mod.wisdar.net\/tr\/wp-json\/wp\/v2\/product\/213277","targetHints":{"allow":["GET"]}}],"collection":[{"href":"https:\/\/mod.wisdar.net\/tr\/wp-json\/wp\/v2\/product"}],"about":[{"href":"https:\/\/mod.wisdar.net\/tr\/wp-json\/wp\/v2\/types\/product"}],"replies":[{"embeddable":true,"href":"https:\/\/mod.wisdar.net\/tr\/wp-json\/wp\/v2\/comments?post=213277"}],"wp:featuredmedia":[{"embeddable":true,"href":"https:\/\/mod.wisdar.net\/tr\/wp-json\/wp\/v2\/media\/213266"}],"wp:attachment":[{"href":"https:\/\/mod.wisdar.net\/tr\/wp-json\/wp\/v2\/media?parent=213277"}],"wp:term":[{"taxonomy":"product_brand","embeddable":true,"href":"https:\/\/mod.wisdar.net\/tr\/wp-json\/wp\/v2\/product_brand?post=213277"},{"taxonomy":"product_cat","embeddable":true,"href":"https:\/\/mod.wisdar.net\/tr\/wp-json\/wp\/v2\/product_cat?post=213277"},{"taxonomy":"product_tag","embeddable":true,"href":"https:\/\/mod.wisdar.net\/tr\/wp-json\/wp\/v2\/product_tag?post=213277"}],"curies":[{"name":"wp","href":"https:\/\/api.w.org\/{rel}","templated":true}]}}