{"id":213332,"date":"2026-04-07T11:05:32","date_gmt":"2026-04-07T11:05:32","guid":{"rendered":"https:\/\/modesthanim.com\/product\/rahat-kalip-kisa-kollu-bisiklet-yaka-baskili-modal-crop-spor-tisort\/"},"modified":"2026-04-07T11:22:19","modified_gmt":"2026-04-07T11:22:19","slug":"rahat-kalip-kisa-kollu-bisiklet-yaka-baskili-modal-crop-spor-tisort","status":"publish","type":"product","link":"https:\/\/mod.wisdar.net\/tr\/urun\/rahat-kalip-kisa-kollu-bisiklet-yaka-baskili-modal-crop-spor-tisort\/","title":{"rendered":"Rahat Kal\u0131p K\u0131sa Kollu Bisiklet Yaka Bask\u0131l\u0131 Modal Crop Spor Ti\u015f\u00f6rt"},"content":{"rendered":"<p>K\u0131sa kollu ti\u015f\u00f6rt, spor \u015f\u0131kl\u0131\u011f\u0131 ve rahatl\u0131\u011f\u0131 bir araya getiriyor. Bisiklet yaka dizayn\u0131 ve bask\u0131s\u0131 ile dikkat \u00e7ekerken, crop boyu ile modern bir g\u00f6r\u00fcn\u00fcm sunuyor. Modal kuma\u015f\u0131 ile hafif ve konforlu bir giyim deneyimi sa\u011fl\u0131yor. G\u00fcnl\u00fck hayatta ya da antrenmanlar\u0131n\u0131zda tercih edebilece\u011finiz bu par\u00e7a, stilinizin star par\u00e7as\u0131 olacak. Stil \u00d6nerisi K\u0131sa kollu, spor ti\u015f\u00f6rt, y\u00fcksek bel spor taytlarla ve rahat sneakers ile kombinlenerek sportif bir g\u00f6r\u00fcn\u00fcm elde etmenizi sa\u011fl\u0131yor. So\u011fuk g\u00fcnlerde \u00fczerinize spor bir sweatshirt alarak rahat ve tarz sahibi kombinler olu\u015fturabilirsiniz. Hafif aksesuarlar ve bir spor \u00e7anta ile g\u00f6r\u00fcn\u00fcm\u00fcn\u00fcz\u00fc tamamlayarak g\u00fcnl\u00fck ko\u015fu\u015fturmalar\u0131n\u0131zda tarz\u0131n\u0131z\u0131 konu\u015fturabilirsiniz. \u00dcr\u00fcn \u00d6zellikleri Kol Tipi: K\u0131sa Kollu Yaka Tipi: Bisiklet Yaka Kuma\u015f: %81 Modal, %19 Polyester Fit: Rahat Kal\u0131p Ekstra Detay: Bask\u0131l\u0131 Kullan\u0131m Alan\u0131: Spor Giyim Koton&#8217;un e\u015fsiz tasar\u0131m\u0131 ile g\u00fcnl\u00fck kombinlerinize sportif bir dokunu\u015f kat\u0131n. Koton&#8217;un spor giyim koleksiyonunu ke\u015ffedin!<\/p>\n<p>\u2014 Technical Details \u2014<br \/>\nModelin \u00d6l\u00e7\u00fcleri: Boy: 178 \/ Bel: 60 \/ G\u00f6\u011f\u00fcs: 81 \/ Kal\u00e7a: 90<br \/>\nKuma\u015f: %81 MODAL, %19 POL\u0130ESTER<br \/>\nKol Boyu: K\u0131sa Kol<br \/>\nKol Tipi: D\u00fc\u015f\u00fck Omuz<br \/>\nYaka Tipi: Bisiklet Yaka<br \/>\nSil\u00fcet: Basic<br \/>\n\u00dcr\u00fcn Tipi \/ Stil: Basic<br \/>\n\u00dcr\u00fcn\u00fcn Alt Markas\u0131: Trends<\/p>\n","protected":false},"excerpt":{"rendered":"<p>K\u0131sa kollu ti\u015f\u00f6rt, spor \u015f\u0131kl\u0131\u011f\u0131 ve rahatl\u0131\u011f\u0131 bir araya getiriyor. Bisiklet yaka dizayn\u0131 ve bask\u0131s\u0131 ile dikkat \u00e7ekerken, crop boyu ile modern bir g\u00f6r\u00fcn\u00fcm sunuyor. Modal kuma\u015f\u0131 ile hafif ve konforlu bir giyim deneyimi sa\u011fl\u0131yor. G\u00fcnl\u00fck hayatta ya da antrenmanlar\u0131n\u0131zda tercih edebilece\u011finiz bu par\u00e7a, stilinizin star par\u00e7as\u0131 olacak. Stil \u00d6nerisi K\u0131sa kollu, spor ti\u015f\u00f6rt, y\u00fcksek [&hellip;]<\/p>\n","protected":false},"featured_media":213317,"comment_status":"open","ping_status":"closed","template":"","meta":[],"product_brand":[],"product_cat":[6948,6951],"product_tag":[7638,7396,7424],"class_list":{"0":"post-213332","1":"product","2":"type-product","3":"status-publish","4":"has-post-thumbnail","6":"product_cat-spor-giyim","7":"product_cat-ust-giyim-ustler","8":"product_tag-aktif-giyim","9":"product_tag-crop-top","10":"product_tag-spor-giyim","11":"pa_brand-koton","12":"pa_color-yesil","13":"pa_size-l","14":"pa_size-m","15":"pa_size-s","16":"pa_size-xl","17":"pa_size-xs","19":"first","20":"outofstock","21":"shipping-taxable","22":"product-type-variable"},"_links":{"self":[{"href":"https:\/\/mod.wisdar.net\/tr\/wp-json\/wp\/v2\/product\/213332","targetHints":{"allow":["GET"]}}],"collection":[{"href":"https:\/\/mod.wisdar.net\/tr\/wp-json\/wp\/v2\/product"}],"about":[{"href":"https:\/\/mod.wisdar.net\/tr\/wp-json\/wp\/v2\/types\/product"}],"replies":[{"embeddable":true,"href":"https:\/\/mod.wisdar.net\/tr\/wp-json\/wp\/v2\/comments?post=213332"}],"wp:featuredmedia":[{"embeddable":true,"href":"https:\/\/mod.wisdar.net\/tr\/wp-json\/wp\/v2\/media\/213317"}],"wp:attachment":[{"href":"https:\/\/mod.wisdar.net\/tr\/wp-json\/wp\/v2\/media?parent=213332"}],"wp:term":[{"taxonomy":"product_brand","embeddable":true,"href":"https:\/\/mod.wisdar.net\/tr\/wp-json\/wp\/v2\/product_brand?post=213332"},{"taxonomy":"product_cat","embeddable":true,"href":"https:\/\/mod.wisdar.net\/tr\/wp-json\/wp\/v2\/product_cat?post=213332"},{"taxonomy":"product_tag","embeddable":true,"href":"https:\/\/mod.wisdar.net\/tr\/wp-json\/wp\/v2\/product_tag?post=213332"}],"curies":[{"name":"wp","href":"https:\/\/api.w.org\/{rel}","templated":true}]}}