{"id":213358,"date":"2026-04-07T11:05:52","date_gmt":"2026-04-07T11:05:52","guid":{"rendered":"https:\/\/modesthanim.com\/product\/rahat-kalip-kisa-kollu-bisiklet-yaka-slogan-baskili-tisort\/"},"modified":"2026-04-15T21:39:54","modified_gmt":"2026-04-15T21:39:54","slug":"rahat-kalip-kisa-kollu-bisiklet-yaka-slogan-baskili-tisort","status":"publish","type":"product","link":"https:\/\/mod.wisdar.net\/tr\/urun\/rahat-kalip-kisa-kollu-bisiklet-yaka-slogan-baskili-tisort\/","title":{"rendered":"Rahat Kal\u0131p K\u0131sa Kollu Bisiklet Yaka Slogan Bask\u0131l\u0131 Ti\u015f\u00f6rt"},"content":{"rendered":"<p>K\u0131sa kollu ti\u015f\u00f6rt, rahat kal\u0131b\u0131 ve modern tasar\u0131m\u0131yla hem g\u00fcnl\u00fck hem de spor aktivitelerinde tercih ediliyor. Bisiklet yaka detay\u0131 ve \u00f6n k\u0131sm\u0131ndaki slogan bask\u0131s\u0131, ti\u015f\u00f6rt\u00fc dikkat \u00e7ekici k\u0131l\u0131yor. Likral\u0131 kuma\u015f\u0131 sayesinde hareket \u00f6zg\u00fcrl\u00fc\u011f\u00fc sunarken, ayn\u0131 zamanda stil sahibi bir g\u00f6r\u00fcn\u00fcm sa\u011fl\u0131yor. Spor aktivitelerden g\u00fcnl\u00fck gezilere kadar geni\u015f bir kullan\u0131m alan\u0131 sunuyor. Ti\u015f\u00f6rt, gard\u0131robunuzda konfor ve stili bir araya getiriyor. Stil \u00d6nerisi K\u0131sa kollu ti\u015f\u00f6rt\u00fc, basic \u015fortlar veya taytlarla kombinleyerek sportif bir tarz olu\u015fturabilirsiniz. Sneaker ayakkab\u0131lar ve \u015fapka ile tamamlayarak, g\u00fcnl\u00fck stilinizde modern bir dokunu\u015f yaratabilirsiniz. Ayr\u0131ca, hafif bir h\u0131rka ve \u00e7apraz \u00e7anta ile serin havalarda da \u015f\u0131kl\u0131\u011f\u0131n\u0131z\u0131 koruyabilirsiniz. \u00dcr\u00fcn \u00d6zellikleri Kol Tipi: K\u0131sa Kol Yaka Tipi: Bisiklet Yaka Fit: Rahat Kal\u0131p Stil: Basic Kuma\u015f: %87 Polyester, %13 Elastan Kullan\u0131m Alan\u0131: Spor Giyim Koton&#8217;un spor giyim koleksiyonu ile stilinizi konu\u015fturun! \u015e\u0131kl\u0131k ve rahatl\u0131\u011f\u0131n bulu\u015ftu\u011fu ti\u015f\u00f6rt modellerini ke\u015ffedin. Her ad\u0131m\u0131n\u0131zda rahatl\u0131\u011f\u0131 hissedin!<\/p>\n","protected":false},"excerpt":{"rendered":"<p>K\u0131sa kollu ti\u015f\u00f6rt, rahat kal\u0131b\u0131 ve modern tasar\u0131m\u0131yla hem g\u00fcnl\u00fck hem de spor aktivitelerinde tercih ediliyor. Bisiklet yaka detay\u0131 ve \u00f6n k\u0131sm\u0131ndaki slogan bask\u0131s\u0131, ti\u015f\u00f6rt\u00fc dikkat \u00e7ekici k\u0131l\u0131yor. Likral\u0131 kuma\u015f\u0131 sayesinde hareket \u00f6zg\u00fcrl\u00fc\u011f\u00fc sunarken, ayn\u0131 zamanda stil sahibi bir g\u00f6r\u00fcn\u00fcm sa\u011fl\u0131yor. Spor aktivitelerden g\u00fcnl\u00fck gezilere kadar geni\u015f bir kullan\u0131m alan\u0131 sunuyor. Ti\u015f\u00f6rt, gard\u0131robunuzda konfor ve [&hellip;]<\/p>\n","protected":false},"featured_media":213343,"comment_status":"open","ping_status":"closed","template":"","meta":[],"product_brand":[],"product_cat":[6948,6951],"product_tag":[7638,7426,7096,7424],"class_list":{"0":"post-213358","1":"product","2":"type-product","3":"status-publish","4":"has-post-thumbnail","6":"product_cat-spor-giyim","7":"product_cat-ust-giyim-ustler","8":"product_tag-aktif-giyim","9":"product_tag-gunluk-giyim-3","10":"product_tag-modern-tasarim","11":"product_tag-spor-giyim","12":"pa_brand-koton","13":"pa_color-ekru","14":"pa_size-l","15":"pa_size-m","16":"pa_size-s","17":"pa_size-xl","18":"pa_size-xs","19":"pa_size-xxl","21":"first","22":"instock","23":"shipping-taxable","24":"purchasable","25":"product-type-variable"},"_links":{"self":[{"href":"https:\/\/mod.wisdar.net\/tr\/wp-json\/wp\/v2\/product\/213358","targetHints":{"allow":["GET"]}}],"collection":[{"href":"https:\/\/mod.wisdar.net\/tr\/wp-json\/wp\/v2\/product"}],"about":[{"href":"https:\/\/mod.wisdar.net\/tr\/wp-json\/wp\/v2\/types\/product"}],"replies":[{"embeddable":true,"href":"https:\/\/mod.wisdar.net\/tr\/wp-json\/wp\/v2\/comments?post=213358"}],"wp:featuredmedia":[{"embeddable":true,"href":"https:\/\/mod.wisdar.net\/tr\/wp-json\/wp\/v2\/media\/213343"}],"wp:attachment":[{"href":"https:\/\/mod.wisdar.net\/tr\/wp-json\/wp\/v2\/media?parent=213358"}],"wp:term":[{"taxonomy":"product_brand","embeddable":true,"href":"https:\/\/mod.wisdar.net\/tr\/wp-json\/wp\/v2\/product_brand?post=213358"},{"taxonomy":"product_cat","embeddable":true,"href":"https:\/\/mod.wisdar.net\/tr\/wp-json\/wp\/v2\/product_cat?post=213358"},{"taxonomy":"product_tag","embeddable":true,"href":"https:\/\/mod.wisdar.net\/tr\/wp-json\/wp\/v2\/product_tag?post=213358"}],"curies":[{"name":"wp","href":"https:\/\/api.w.org\/{rel}","templated":true}]}}