{"id":213410,"date":"2026-04-07T11:06:51","date_gmt":"2026-04-07T11:06:51","guid":{"rendered":"https:\/\/modesthanim.com\/product\/bisiklet-yaka-uzun-kollu-slim-fit-spor-tisort\/"},"modified":"2026-04-07T11:22:45","modified_gmt":"2026-04-07T11:22:45","slug":"bisiklet-yaka-uzun-kollu-slim-fit-spor-tisort","status":"publish","type":"product","link":"https:\/\/mod.wisdar.net\/tr\/urun\/bisiklet-yaka-uzun-kollu-slim-fit-spor-tisort\/","title":{"rendered":"Bisiklet Yaka Uzun Kollu Slim Fit Spor Ti\u015f\u00f6rt"},"content":{"rendered":"<p>Bisiklet Yaka Uzun Kollu Slim Fit Spor Ti\u015f\u00f6rt at Koton.com with discounted prices! Bisiklet Yaka Uzun Kollu Slim Fit Spor Ti\u015f\u00f6rt 699.99 TL only Click now to buy! | Koton Uzun kollu spor ti\u015f\u00f6rt, slim fit kesimi ile v\u00fccut hatlar\u0131n\u0131z\u0131 \u00f6n plana \u00e7\u0131kar\u0131rken, bisiklet yaka tasar\u0131m\u0131yla da modern ve \u015f\u0131k bir g\u00f6r\u00fcn\u00fcm sunuyor. Esnek yap\u0131s\u0131yla hareket \u00f6zg\u00fcrl\u00fc\u011f\u00fc sa\u011flayarak g\u00fcn boyu rahat bir kullan\u0131m vadediyor. Basic stil ve silueti ile dolab\u0131n\u0131z\u0131n vazge\u00e7ilmez par\u00e7as\u0131 oluyor. Spor aktivitelerinizde ya da g\u00fcnl\u00fck rahat kombinlerinizde tercih edebilece\u011finiz bu ti\u015f\u00f6rt, \u00e7ok y\u00f6nl\u00fc kullan\u0131m\u0131 ile dikkat \u00e7ekiyor. Stil \u00d6nerisi Ti\u015f\u00f6rt\u00fc, y\u00fcksek bel taytlar ve spor ayakkab\u0131lar ile kombinleyerek spor \u015f\u0131kl\u0131\u011f\u0131n\u0131z\u0131 tamamlayabilirsiniz. G\u00fcnl\u00fck rahat bir stil yaratmak i\u00e7in kot ceket ve sneaker ayakkab\u0131larla birle\u015febilir, minimal aksesuarlarla g\u00f6r\u00fcn\u00fcm\u00fcn\u00fcz\u00fc zenginle\u015ftirebilirsiniz. Outdoor aktivitelerinizde ise hafif bir anorak ceket ile so\u011fuk havalara kar\u015f\u0131 koruma sa\u011flayabilirsiniz. \u00dcr\u00fcn \u00d6zellikleri Kol Tipi: Uzun Kol Yaka Tipi: Bisiklet Yaka Fit: Slim Fit Kuma\u015f: %80 Polyester, %20 Elastan Kullan\u0131m Alan\u0131: G\u00fcnl\u00fck Giyim, Spor Giyim Koton&#8217;un ti\u015f\u00f6rt tasar\u0131m\u0131yla spor \u015f\u0131kl\u0131\u011f\u0131n\u0131z\u0131 tamamlay\u0131n. Koton ti\u015f\u00f6rt koleksiyonunu \u015fimdi ke\u015ffedin!<\/p>\n","protected":false},"excerpt":{"rendered":"<p>Bisiklet Yaka Uzun Kollu Slim Fit Spor Ti\u015f\u00f6rt at Koton.com with discounted prices! Bisiklet Yaka Uzun Kollu Slim Fit Spor Ti\u015f\u00f6rt 699.99 TL only Click now to buy! | Koton Uzun kollu spor ti\u015f\u00f6rt, slim fit kesimi ile v\u00fccut hatlar\u0131n\u0131z\u0131 \u00f6n plana \u00e7\u0131kar\u0131rken, bisiklet yaka tasar\u0131m\u0131yla da modern ve \u015f\u0131k bir g\u00f6r\u00fcn\u00fcm sunuyor. Esnek yap\u0131s\u0131yla [&hellip;]<\/p>\n","protected":false},"featured_media":213400,"comment_status":"open","ping_status":"closed","template":"","meta":[],"product_brand":[],"product_cat":[6948,6951],"product_tag":[7638,8117,7426,8039,7449,7310,6768],"class_list":{"0":"post-213410","1":"product","2":"type-product","3":"status-publish","4":"has-post-thumbnail","6":"product_cat-spor-giyim","7":"product_cat-ust-giyim-ustler","8":"product_tag-aktif-giyim","9":"product_tag-bogazli-2","10":"product_tag-gunluk-giyim-3","11":"product_tag-koton","12":"product_tag-polyester-elastan-karisimi","13":"product_tag-slim-fit","14":"product_tag-uzun-kol","15":"pa_brand-koton","16":"pa_color-mor","17":"pa_size-l","18":"pa_size-m","19":"pa_size-s","20":"pa_size-xs","22":"first","23":"outofstock","24":"shipping-taxable","25":"product-type-variable"},"_links":{"self":[{"href":"https:\/\/mod.wisdar.net\/tr\/wp-json\/wp\/v2\/product\/213410","targetHints":{"allow":["GET"]}}],"collection":[{"href":"https:\/\/mod.wisdar.net\/tr\/wp-json\/wp\/v2\/product"}],"about":[{"href":"https:\/\/mod.wisdar.net\/tr\/wp-json\/wp\/v2\/types\/product"}],"replies":[{"embeddable":true,"href":"https:\/\/mod.wisdar.net\/tr\/wp-json\/wp\/v2\/comments?post=213410"}],"wp:featuredmedia":[{"embeddable":true,"href":"https:\/\/mod.wisdar.net\/tr\/wp-json\/wp\/v2\/media\/213400"}],"wp:attachment":[{"href":"https:\/\/mod.wisdar.net\/tr\/wp-json\/wp\/v2\/media?parent=213410"}],"wp:term":[{"taxonomy":"product_brand","embeddable":true,"href":"https:\/\/mod.wisdar.net\/tr\/wp-json\/wp\/v2\/product_brand?post=213410"},{"taxonomy":"product_cat","embeddable":true,"href":"https:\/\/mod.wisdar.net\/tr\/wp-json\/wp\/v2\/product_cat?post=213410"},{"taxonomy":"product_tag","embeddable":true,"href":"https:\/\/mod.wisdar.net\/tr\/wp-json\/wp\/v2\/product_tag?post=213410"}],"curies":[{"name":"wp","href":"https:\/\/api.w.org\/{rel}","templated":true}]}}