{"id":213487,"date":"2026-04-07T11:08:02","date_gmt":"2026-04-07T11:08:02","guid":{"rendered":"https:\/\/modesthanim.com\/product\/yuksek-bel-cepli-biyeli-spor-oversize-genis-paca-esofman-alti\/"},"modified":"2026-04-14T11:22:36","modified_gmt":"2026-04-14T11:22:36","slug":"yuksek-bel-cepli-biyeli-spor-oversize-genis-paca-esofman-alti","status":"publish","type":"product","link":"https:\/\/mod.wisdar.net\/tr\/urun\/yuksek-bel-cepli-biyeli-spor-oversize-genis-paca-esofman-alti\/","title":{"rendered":"Y\u00fcksek Bel Cepli Biyeli Spor Oversize Geni\u015f Pa\u00e7a E\u015fofman Alt\u0131"},"content":{"rendered":"<p>Biyeli spor e\u015fofman alt\u0131, modern ve sportif bir g\u00f6r\u00fcn\u00fcm sunuyor. Yan cepleri ile pratiklik sa\u011flarken, rahat kal\u0131b\u0131 g\u00fcn boyu konfor vadediyor. Yumu\u015fak kuma\u015f\u0131yla, hareket \u00f6zg\u00fcrl\u00fc\u011f\u00fc sunarak hem g\u00fcnl\u00fck aktivitelerde hem de spor yaparken tercih edilebilir. Geni\u015f pa\u00e7a tasar\u0131m\u0131, rahat kal\u0131b\u0131yla casual tarza uygun \u015f\u0131kl\u0131k sa\u011fl\u0131yor. Stil \u00d6nerisi Y\u00fcksek bel, spor e\u015fofman alt\u0131, basic bir ti\u015f\u00f6rt ve sneaker ile kombinlenerek g\u00fcnl\u00fck rahat bir tarz yaratabilir. Spor salonunda ya da a\u00e7\u0131k hava y\u00fcr\u00fcy\u00fc\u015flerinde ti\u015f\u00f6rt ve spor ayakkab\u0131larla tamamlayarak \u015f\u0131kl\u0131\u011f\u0131n\u0131z\u0131 koruyabilirsiniz. \u015e\u0131kl\u0131\u011f\u0131n\u0131z\u0131 minimal bir s\u0131rt \u00e7antas\u0131 ile tamamlayarak, rahat ve fonksiyonel bir g\u00f6r\u00fcn\u00fcm elde edebilirsiniz. \u00dcr\u00fcn \u00d6zellikleri Kuma\u015f: %77 Pamuk, %23 Polyester Bel Tipi: Y\u00fcksek Bel Cep Tipi: Yan Cep Fit: Rahat Kal\u0131p Stil &amp; Siluet: Wide Leg Ekstra Detay: Biyeli Kullan\u0131m Alan\u0131: G\u00fcnl\u00fck Giyim, Spor Giyim Koton e\u015fofman alt\u0131 modelleri, konfor ve stili bir arada sunarak sportif kombinlerinizin vazge\u00e7ilmesi oluyor. Enerjik ve spor bir g\u00f6r\u00fcn\u00fcm\u00fcn anahtar\u0131 Koton e\u015fofman altlar\u0131nda gizli!<\/p>\n<p>\u2014 Technical Details \u2014<br \/>\nKuma\u015f: %77 PAMUK, %23 POL\u0130ESTER<br \/>\nSil\u00fcet: Wide Leg<br \/>\nBel Y\u00fcksekli\u011fi: Y\u00fcksek Bel<br \/>\n\u00dcr\u00fcn Tipi \/ Stil: Wide Leg<br \/>\n\u00dcr\u00fcn\u00fcn Alt Markas\u0131: Trends<br \/>\nSat\u0131c\u0131\/\u0130malat\u00e7\u0131\/\u0130thalat\u00e7\u0131 \u0130smi: Koton Ma\u011fazac\u0131l\u0131k Tekstil Sanayi ve Ticaret A.\u015e.<br \/>\nPosta Adresi: Ayaza\u011fa Mah. Maslak Ayaza\u011fa Cad. No:3 \u0130\u00e7 Kap\u0131 No:5 Sar\u0131yer\/\u0130stanbul<br \/>\nE-Posta Adresi: mim@koton.com<\/p>\n","protected":false},"excerpt":{"rendered":"<p>Biyeli spor e\u015fofman alt\u0131, modern ve sportif bir g\u00f6r\u00fcn\u00fcm sunuyor. Yan cepleri ile pratiklik sa\u011flarken, rahat kal\u0131b\u0131 g\u00fcn boyu konfor vadediyor. Yumu\u015fak kuma\u015f\u0131yla, hareket \u00f6zg\u00fcrl\u00fc\u011f\u00fc sunarak hem g\u00fcnl\u00fck aktivitelerde hem de spor yaparken tercih edilebilir. Geni\u015f pa\u00e7a tasar\u0131m\u0131, rahat kal\u0131b\u0131yla casual tarza uygun \u015f\u0131kl\u0131k sa\u011fl\u0131yor. Stil \u00d6nerisi Y\u00fcksek bel, spor e\u015fofman alt\u0131, basic bir ti\u015f\u00f6rt [&hellip;]<\/p>\n","protected":false},"featured_media":213473,"comment_status":"open","ping_status":"closed","template":"","meta":[],"product_brand":[],"product_cat":[6954,6948],"product_tag":[7313,7490,7651,7419,7425,6751,7424,7489],"class_list":{"0":"post-213487","1":"product","2":"type-product","3":"status-publish","4":"has-post-thumbnail","6":"product_cat-alt-vucut-alt-giyim","7":"product_cat-spor-giyim","8":"product_tag-atletik","9":"product_tag-bol-paca-2","10":"product_tag-esofman-alti","11":"product_tag-gunluk","12":"product_tag-pamuk-karisimi","13":"product_tag-rahat","14":"product_tag-spor-giyim","15":"product_tag-yuksek-bel-2","16":"pa_brand-koton","17":"pa_color-siyah","18":"pa_size-l","19":"pa_size-m","20":"pa_size-s","21":"pa_size-xl","22":"pa_size-xs","24":"first","25":"instock","26":"shipping-taxable","27":"purchasable","28":"product-type-variable"},"_links":{"self":[{"href":"https:\/\/mod.wisdar.net\/tr\/wp-json\/wp\/v2\/product\/213487","targetHints":{"allow":["GET"]}}],"collection":[{"href":"https:\/\/mod.wisdar.net\/tr\/wp-json\/wp\/v2\/product"}],"about":[{"href":"https:\/\/mod.wisdar.net\/tr\/wp-json\/wp\/v2\/types\/product"}],"replies":[{"embeddable":true,"href":"https:\/\/mod.wisdar.net\/tr\/wp-json\/wp\/v2\/comments?post=213487"}],"wp:featuredmedia":[{"embeddable":true,"href":"https:\/\/mod.wisdar.net\/tr\/wp-json\/wp\/v2\/media\/213473"}],"wp:attachment":[{"href":"https:\/\/mod.wisdar.net\/tr\/wp-json\/wp\/v2\/media?parent=213487"}],"wp:term":[{"taxonomy":"product_brand","embeddable":true,"href":"https:\/\/mod.wisdar.net\/tr\/wp-json\/wp\/v2\/product_brand?post=213487"},{"taxonomy":"product_cat","embeddable":true,"href":"https:\/\/mod.wisdar.net\/tr\/wp-json\/wp\/v2\/product_cat?post=213487"},{"taxonomy":"product_tag","embeddable":true,"href":"https:\/\/mod.wisdar.net\/tr\/wp-json\/wp\/v2\/product_tag?post=213487"}],"curies":[{"name":"wp","href":"https:\/\/api.w.org\/{rel}","templated":true}]}}