{"id":213496,"date":"2026-04-07T11:07:57","date_gmt":"2026-04-07T11:07:57","guid":{"rendered":"https:\/\/modesthanim.com\/product\/rahat-kalip-kolsuz-bisiklet-yaka-spor-tisort\/"},"modified":"2026-04-15T21:02:25","modified_gmt":"2026-04-15T21:02:25","slug":"rahat-kalip-kolsuz-bisiklet-yaka-spor-tisort","status":"publish","type":"product","link":"https:\/\/mod.wisdar.net\/tr\/urun\/rahat-kalip-kolsuz-bisiklet-yaka-spor-tisort\/","title":{"rendered":"Rahat Kal\u0131p Kolsuz Bisiklet Yaka Spor Ti\u015f\u00f6rt"},"content":{"rendered":"<p>Kolsuz, bisiklet yaka, spor ti\u015f\u00f6rt, g\u00fcnl\u00fck kullan\u0131m i\u00e7in ideal bir par\u00e7a sunuyor. Rahat kal\u0131b\u0131 sayesinde hareket \u00f6zg\u00fcrl\u00fc\u011f\u00fc sa\u011flarken, modern ve minimal tasar\u0131m\u0131yla dikkat \u00e7ekiyor. \u0130nterlok kuma\u015f\u0131, konforlu bir giyim deneyimi ya\u015fat\u0131yor. Ti\u015f\u00f6rt, spor aktiviteleri ya da g\u00fcnl\u00fck rutinlerde tercih edilebilecek \u00e7ok y\u00f6nl\u00fc bir se\u00e7enek olarak \u00f6ne \u00e7\u0131k\u0131yor. \u015e\u0131kl\u0131\u011f\u0131 ve sadeli\u011fi bir araya getiren bu ti\u015f\u00f6rt, dolab\u0131n\u0131z\u0131n vazge\u00e7ilmez par\u00e7alar\u0131ndan biri olmaya aday. Stil \u00d6nerisi K\u0131sa kollu ti\u015f\u00f6rt\u00fc, jogger pantolonlar ve sneakers ile kombinleyerek g\u00fcnl\u00fck rahat bir stil yaratabilirsiniz. S\u0131cak havalarda denim \u015fortlarla hafif ve sportif bir g\u00f6r\u00fcn\u00fcm elde edebilirsiniz. Aksesuar olarak \u015fapka ve g\u00fcne\u015f g\u00f6zl\u00fc\u011f\u00fc ile stilinizi tamamlayabilirsiniz. Bu ti\u015f\u00f6rt, spor giyim kombinleriniz i\u00e7in ideal bir par\u00e7a sunarken, casual g\u00f6r\u00fcn\u00fcm\u00fcn\u00fcz\u00fc de modern \u00e7izgilerle tamaml\u0131yor. \u00dcr\u00fcn \u00d6zellikleri Kol Tipi: K\u0131sa Kol Yaka Tipi: Bisiklet Yaka Fit: Rahat Kal\u0131p Kuma\u015f: %81 Polyester, %19 Elastan Kullan\u0131m Alan\u0131: Spor Giyim Koton ti\u015f\u00f6rt modelleri, spor giyim kombinlerinizin vazge\u00e7ilmezi olurken konforu her an\u0131nda ya\u015fat\u0131yor. \u015e\u0131kl\u0131k ve rahatl\u0131\u011f\u0131 bir arada sunan ti\u015f\u00f6rtleri Koton&#8217;da ke\u015ffedin!<\/p>\n<p>\u2014 Technical Details \u2014<br \/>\nKuma\u015f: %81 POL\u0130ESTER, %19 ELASTAN<br \/>\nKol Boyu: K\u0131sa Kol<br \/>\nKol Tipi: D\u00fc\u015f\u00fck Omuz<br \/>\nYaka Tipi: Bisiklet Yaka<br \/>\nSil\u00fcet: Basic<br \/>\n\u00dcr\u00fcn Tipi \/ Stil: Basic<br \/>\n\u00dcr\u00fcn\u00fcn Alt Markas\u0131: Trends<\/p>\n","protected":false},"excerpt":{"rendered":"<p>Kolsuz, bisiklet yaka, spor ti\u015f\u00f6rt, g\u00fcnl\u00fck kullan\u0131m i\u00e7in ideal bir par\u00e7a sunuyor. Rahat kal\u0131b\u0131 sayesinde hareket \u00f6zg\u00fcrl\u00fc\u011f\u00fc sa\u011flarken, modern ve minimal tasar\u0131m\u0131yla dikkat \u00e7ekiyor. \u0130nterlok kuma\u015f\u0131, konforlu bir giyim deneyimi ya\u015fat\u0131yor. Ti\u015f\u00f6rt, spor aktiviteleri ya da g\u00fcnl\u00fck rutinlerde tercih edilebilecek \u00e7ok y\u00f6nl\u00fc bir se\u00e7enek olarak \u00f6ne \u00e7\u0131k\u0131yor. \u015e\u0131kl\u0131\u011f\u0131 ve sadeli\u011fi bir araya getiren bu ti\u015f\u00f6rt, [&hellip;]<\/p>\n","protected":false},"featured_media":213484,"comment_status":"open","ping_status":"closed","template":"","meta":[],"product_brand":[],"product_cat":[6948,6951],"product_tag":[7638,7426,7469,8039,7096,6876,7424],"class_list":{"0":"post-213496","1":"product","2":"type-product","3":"status-publish","4":"has-post-thumbnail","6":"product_cat-spor-giyim","7":"product_cat-ust-giyim-ustler","8":"product_tag-aktif-giyim","9":"product_tag-gunluk-giyim-3","10":"product_tag-interlock-kumas","11":"product_tag-koton","12":"product_tag-modern-tasarim","13":"product_tag-rahat-kesim","14":"product_tag-spor-giyim","15":"pa_brand-koton","16":"pa_color-vizon","17":"pa_size-l","18":"pa_size-m","19":"pa_size-s","20":"pa_size-xl","21":"pa_size-xs","23":"first","24":"instock","25":"shipping-taxable","26":"purchasable","27":"product-type-variable"},"_links":{"self":[{"href":"https:\/\/mod.wisdar.net\/tr\/wp-json\/wp\/v2\/product\/213496","targetHints":{"allow":["GET"]}}],"collection":[{"href":"https:\/\/mod.wisdar.net\/tr\/wp-json\/wp\/v2\/product"}],"about":[{"href":"https:\/\/mod.wisdar.net\/tr\/wp-json\/wp\/v2\/types\/product"}],"replies":[{"embeddable":true,"href":"https:\/\/mod.wisdar.net\/tr\/wp-json\/wp\/v2\/comments?post=213496"}],"wp:featuredmedia":[{"embeddable":true,"href":"https:\/\/mod.wisdar.net\/tr\/wp-json\/wp\/v2\/media\/213484"}],"wp:attachment":[{"href":"https:\/\/mod.wisdar.net\/tr\/wp-json\/wp\/v2\/media?parent=213496"}],"wp:term":[{"taxonomy":"product_brand","embeddable":true,"href":"https:\/\/mod.wisdar.net\/tr\/wp-json\/wp\/v2\/product_brand?post=213496"},{"taxonomy":"product_cat","embeddable":true,"href":"https:\/\/mod.wisdar.net\/tr\/wp-json\/wp\/v2\/product_cat?post=213496"},{"taxonomy":"product_tag","embeddable":true,"href":"https:\/\/mod.wisdar.net\/tr\/wp-json\/wp\/v2\/product_tag?post=213496"}],"curies":[{"name":"wp","href":"https:\/\/api.w.org\/{rel}","templated":true}]}}