{"id":213556,"date":"2026-04-07T12:15:52","date_gmt":"2026-04-07T12:15:52","guid":{"rendered":"https:\/\/modesthanim.com\/product\/yarim-kollu-bisiklet-yaka-baskili-oversize-spor-tisort\/"},"modified":"2026-04-15T21:55:45","modified_gmt":"2026-04-15T21:55:45","slug":"yarim-kollu-bisiklet-yaka-baskili-oversize-spor-tisort","status":"publish","type":"product","link":"https:\/\/mod.wisdar.net\/tr\/urun\/yarim-kollu-bisiklet-yaka-baskili-oversize-spor-tisort\/","title":{"rendered":"Yar\u0131m Kollu Bisiklet Yaka Bask\u0131l\u0131 Oversize Spor Ti\u015f\u00f6rt"},"content":{"rendered":"<p>Yar\u0131m Kollu Bisiklet Yaka Bask\u0131l\u0131 Oversize Spor Ti\u015f\u00f6rt at Koton.com with discounted prices! Yar\u0131m Kollu Bisiklet Yaka Bask\u0131l\u0131 Oversize Spor Ti\u015f\u00f6rt 699.99 TL only Click now to buy! | Koton Bask\u0131l\u0131 oversize ti\u015f\u00f6rt, modern ve rahat bir \u015f\u0131kl\u0131k sunarak her g\u00fcn\u00fcn favorisi oluyor. Yar\u0131m kollu ve bisiklet yaka tasar\u0131m\u0131, g\u00fcndelik stilinize sportif bir dokunu\u015f kat\u0131yor. \u00dczerindeki bask\u0131 detay\u0131, dinamik bir hava sunarak dikkat \u00e7ekmenizi sa\u011fl\u0131yor. Uzun boyu ve geni\u015f kesimi ile rahat bir kullan\u0131m sunan ti\u015f\u00f6rt, her mevsim gard\u0131robunuzun vazge\u00e7ilmez par\u00e7as\u0131 haline geliyor. Hem sportif aktivitelerde hem de g\u00fcnl\u00fck kombinlerde rahatl\u0131kla tercih edilebiliyor. Stil \u00d6nerisi Ti\u015f\u00f6rt\u00fc, y\u00fcksek bel jogger pantolonlar ve rahat sneakerslarla kombinleyerek g\u00fcnl\u00fck bir g\u00f6r\u00fcn\u00fcm elde edebilirsiniz. So\u011fuk havalarda \u00fczerinize bir denim ceket alarak stilinizi tamamlayabilirsiniz. Sportif aksesuarlar ve s\u0131rt \u00e7antalar\u0131 ile g\u00f6r\u00fcn\u00fcm\u00fcn\u00fcz\u00fc zenginle\u015ftirerek kendinizi daha enerjik hissedebilirsiniz. \u00dcr\u00fcn \u00d6zellikleri Kol Tipi: Yar\u0131m Kol Yaka Tipi: Bisiklet Yaka Detay: Bask\u0131l\u0131 Fit: Oversize Kullan\u0131m Alan\u0131: Spor Giyim Koton ti\u015f\u00f6rt koleksiyonuyla tarz\u0131n\u0131za sportif bir dokunu\u015f kat\u0131n. Koton\u2019un dinamik ve enerjik tasar\u0131mlar\u0131yla modan\u0131n ritmini yakalay\u0131n!<\/p>\n<p>\u2014 Technical Details \u2014<br \/>\nModelin \u00d6l\u00e7\u00fcleri: Boy: 176 \/ Bel: 64 \/ G\u00f6\u011f\u00fcs: 76 \/ Kal\u00e7a: 90<br \/>\nModelin Bedeni: Jean: 27\/32 \/ Modelin Bedeni: S<br \/>\nKuma\u015f: %100 POL\u0130ESTER<br \/>\nKol Boyu: Yar\u0131m Kol<br \/>\nKol Tipi: D\u00fc\u015f\u00fck Omuz<br \/>\nYaka Tipi: Bisiklet Yaka<br \/>\nSil\u00fcet: Basic<br \/>\n\u00dcr\u00fcn Tipi \/ Stil: Basic<br \/>\n\u00dcr\u00fcn\u00fcn Alt Markas\u0131: Trends<\/p>\n","protected":false},"excerpt":{"rendered":"<p>Yar\u0131m Kollu Bisiklet Yaka Bask\u0131l\u0131 Oversize Spor Ti\u015f\u00f6rt at Koton.com with discounted prices! Yar\u0131m Kollu Bisiklet Yaka Bask\u0131l\u0131 Oversize Spor Ti\u015f\u00f6rt 699.99 TL only Click now to buy! | Koton Bask\u0131l\u0131 oversize ti\u015f\u00f6rt, modern ve rahat bir \u015f\u0131kl\u0131k sunarak her g\u00fcn\u00fcn favorisi oluyor. Yar\u0131m kollu ve bisiklet yaka tasar\u0131m\u0131, g\u00fcndelik stilinize sportif bir dokunu\u015f kat\u0131yor. [&hellip;]<\/p>\n","protected":false},"featured_media":213546,"comment_status":"open","ping_status":"closed","template":"","meta":[],"product_brand":[],"product_cat":[6948,6951],"product_tag":[7426,7424],"class_list":{"0":"post-213556","1":"product","2":"type-product","3":"status-publish","4":"has-post-thumbnail","6":"product_cat-spor-giyim","7":"product_cat-ust-giyim-ustler","8":"product_tag-gunluk-giyim-3","9":"product_tag-spor-giyim","10":"pa_brand-koton","11":"pa_color-beyaz","12":"pa_size-l","13":"pa_size-m","14":"pa_size-s","15":"pa_size-xl","16":"pa_size-xs","18":"first","19":"instock","20":"shipping-taxable","21":"purchasable","22":"product-type-variable"},"_links":{"self":[{"href":"https:\/\/mod.wisdar.net\/tr\/wp-json\/wp\/v2\/product\/213556","targetHints":{"allow":["GET"]}}],"collection":[{"href":"https:\/\/mod.wisdar.net\/tr\/wp-json\/wp\/v2\/product"}],"about":[{"href":"https:\/\/mod.wisdar.net\/tr\/wp-json\/wp\/v2\/types\/product"}],"replies":[{"embeddable":true,"href":"https:\/\/mod.wisdar.net\/tr\/wp-json\/wp\/v2\/comments?post=213556"}],"wp:featuredmedia":[{"embeddable":true,"href":"https:\/\/mod.wisdar.net\/tr\/wp-json\/wp\/v2\/media\/213546"}],"wp:attachment":[{"href":"https:\/\/mod.wisdar.net\/tr\/wp-json\/wp\/v2\/media?parent=213556"}],"wp:term":[{"taxonomy":"product_brand","embeddable":true,"href":"https:\/\/mod.wisdar.net\/tr\/wp-json\/wp\/v2\/product_brand?post=213556"},{"taxonomy":"product_cat","embeddable":true,"href":"https:\/\/mod.wisdar.net\/tr\/wp-json\/wp\/v2\/product_cat?post=213556"},{"taxonomy":"product_tag","embeddable":true,"href":"https:\/\/mod.wisdar.net\/tr\/wp-json\/wp\/v2\/product_tag?post=213556"}],"curies":[{"name":"wp","href":"https:\/\/api.w.org\/{rel}","templated":true}]}}