{"id":213564,"date":"2026-04-07T12:15:57","date_gmt":"2026-04-07T12:15:57","guid":{"rendered":"https:\/\/modesthanim.com\/product\/yuksek-bel-rahat-kalip-cep-detayli-jogger-esofman-alti\/"},"modified":"2026-04-15T22:12:04","modified_gmt":"2026-04-15T22:12:04","slug":"yuksek-bel-rahat-kalip-cep-detayli-jogger-esofman-alti","status":"publish","type":"product","link":"https:\/\/mod.wisdar.net\/tr\/urun\/yuksek-bel-rahat-kalip-cep-detayli-jogger-esofman-alti\/","title":{"rendered":"Y\u00fcksek Bel Rahat Kal\u0131p Cep Detayl\u0131 Jogger E\u015fofman Alt\u0131"},"content":{"rendered":"<p>Jogger e\u015fofman alt\u0131 konfor ve tarz\u0131 bir araya getiriyor. Y\u00fcksek bel tasar\u0131m\u0131 ile modern bir g\u00f6r\u00fcn\u00fcm sunarken, rahat kal\u0131b\u0131 ile g\u00fcnl\u00fck aktiviteler i\u00e7in ideal bir par\u00e7a oluyor. Yan cepleri pratiklik sa\u011flarken, lastikli pa\u00e7alar\u0131 dinamik bir hava kat\u0131yor. Hem spor hem de g\u00fcnl\u00fck kombinlerin favori par\u00e7as\u0131 olmaya aday e\u015fofman alt\u0131, stilinize rahatl\u0131kla dahil olacak \u015fekilde tasarland\u0131. Stil \u00d6nerisi Jogger e\u015fofman alt\u0131, basic bir ti\u015f\u00f6rt ve sneaker ayakkab\u0131larla g\u00fcnl\u00fck stilinizi tamamlayabilirsiniz. So\u011fuk havalarda \u00fczerine spor bir sweatshirt veya \u015f\u0131k bir kazak ile kombinleyerek sportif bir g\u00f6r\u00fcn\u00fcm elde edebilirsiniz. Ayr\u0131ca, spor \u00e7anta veya minimal bir \u015fapka gibi aksesuarlarla stilinizi zenginle\u015ftirerek, hem rahat hem de trend bir g\u00f6r\u00fcn\u00fcm olu\u015fturabilirsiniz. Hafta sonu gezilerinde veya arkada\u015f bulu\u015fmalar\u0131nda, bu kombinle rahatl\u0131k ve \u015f\u0131kl\u0131\u011f\u0131 bir arada yakalayacaks\u0131n\u0131z. \u00dcr\u00fcn \u00d6zellikleri Bel Tipi: Y\u00fcksek Bel Cep Tipi: Yan Cep Fit: Rahat Kal\u0131p Pa\u00e7a Tipi: Lastikli Pa\u00e7a Stil &amp; Siluet: Jogger Kuma\u015f: %65 Pamuk, %35 Polyester Kullan\u0131m Alan\u0131: G\u00fcnl\u00fck Giyim, Spor Giyim Koton e\u015fofman alt\u0131 modelleri, zahmetsiz \u015f\u0131kl\u0131k sunarak stilinizi tamaml\u0131yor. Hem g\u00fcnl\u00fck hem de sportif kombinlerinizde rahatl\u0131kla kullanabilece\u011finiz jogger e\u015fofman alt\u0131, gard\u0131robunuzun vazge\u00e7ilmezi olacak!<\/p>\n<p>\u2014 Technical Details \u2014<br \/>\nKuma\u015f: %65 PAMUK, %35 POL\u0130ESTER<br \/>\nSil\u00fcet: Jogger<br \/>\nBel Y\u00fcksekli\u011fi: Y\u00fcksek Bel<br \/>\n\u00dcr\u00fcn Tipi \/ Stil: Jogger<br \/>\n\u00dcr\u00fcn\u00fcn Alt Markas\u0131: Trends<br \/>\nSat\u0131c\u0131\/\u0130malat\u00e7\u0131\/\u0130thalat\u00e7\u0131 \u0130smi: Koton Ma\u011fazac\u0131l\u0131k Tekstil Sanayi ve Ticaret A.\u015e.<br \/>\nPosta Adresi: Ayaza\u011fa Mah. Maslak Ayaza\u011fa Cad. No:3 \u0130\u00e7 Kap\u0131 No:5 Sar\u0131yer\/\u0130stanbul<br \/>\nE-Posta Adresi: mim@koton.com<\/p>\n","protected":false},"excerpt":{"rendered":"<p>Jogger e\u015fofman alt\u0131 konfor ve tarz\u0131 bir araya getiriyor. Y\u00fcksek bel tasar\u0131m\u0131 ile modern bir g\u00f6r\u00fcn\u00fcm sunarken, rahat kal\u0131b\u0131 ile g\u00fcnl\u00fck aktiviteler i\u00e7in ideal bir par\u00e7a oluyor. Yan cepleri pratiklik sa\u011flarken, lastikli pa\u00e7alar\u0131 dinamik bir hava kat\u0131yor. Hem spor hem de g\u00fcnl\u00fck kombinlerin favori par\u00e7as\u0131 olmaya aday e\u015fofman alt\u0131, stilinize rahatl\u0131kla dahil olacak \u015fekilde tasarland\u0131. [&hellip;]<\/p>\n","protected":false},"featured_media":213548,"comment_status":"open","ping_status":"closed","template":"","meta":[],"product_brand":[],"product_cat":[6954,6948],"product_tag":[6916,7426,7425,6882,7424,8102,8469],"class_list":{"0":"post-213564","1":"product","2":"type-product","3":"status-publish","4":"has-post-thumbnail","6":"product_cat-alt-vucut-alt-giyim","7":"product_cat-spor-giyim","8":"product_tag-elastik-manset","9":"product_tag-gunluk-giyim-3","10":"product_tag-pamuk-karisimi","11":"product_tag-rahat-kesim-2","12":"product_tag-spor-giyim","13":"product_tag-yan-cepler","14":"product_tag-yuksek-bel-pantolon-2","15":"pa_brand-koton","16":"pa_color-vizon","17":"pa_size-l","18":"pa_size-m","19":"pa_size-s","20":"pa_size-xl","21":"pa_size-xs","23":"first","24":"instock","25":"shipping-taxable","26":"purchasable","27":"product-type-variable"},"_links":{"self":[{"href":"https:\/\/mod.wisdar.net\/tr\/wp-json\/wp\/v2\/product\/213564","targetHints":{"allow":["GET"]}}],"collection":[{"href":"https:\/\/mod.wisdar.net\/tr\/wp-json\/wp\/v2\/product"}],"about":[{"href":"https:\/\/mod.wisdar.net\/tr\/wp-json\/wp\/v2\/types\/product"}],"replies":[{"embeddable":true,"href":"https:\/\/mod.wisdar.net\/tr\/wp-json\/wp\/v2\/comments?post=213564"}],"wp:featuredmedia":[{"embeddable":true,"href":"https:\/\/mod.wisdar.net\/tr\/wp-json\/wp\/v2\/media\/213548"}],"wp:attachment":[{"href":"https:\/\/mod.wisdar.net\/tr\/wp-json\/wp\/v2\/media?parent=213564"}],"wp:term":[{"taxonomy":"product_brand","embeddable":true,"href":"https:\/\/mod.wisdar.net\/tr\/wp-json\/wp\/v2\/product_brand?post=213564"},{"taxonomy":"product_cat","embeddable":true,"href":"https:\/\/mod.wisdar.net\/tr\/wp-json\/wp\/v2\/product_cat?post=213564"},{"taxonomy":"product_tag","embeddable":true,"href":"https:\/\/mod.wisdar.net\/tr\/wp-json\/wp\/v2\/product_tag?post=213564"}],"curies":[{"name":"wp","href":"https:\/\/api.w.org\/{rel}","templated":true}]}}