{"id":21362,"date":"2025-11-02T14:45:00","date_gmt":"2025-11-02T14:45:00","guid":{"rendered":"https:\/\/modesthanim.com\/product\/temel-keten-gomlek-bordo\/"},"modified":"2026-01-15T08:42:33","modified_gmt":"2026-01-15T08:42:33","slug":"temel-keten-gomlek-bordo","status":"publish","type":"product","link":"https:\/\/mod.wisdar.net\/tr\/urun\/temel-keten-gomlek-bordo\/","title":{"rendered":"Temel Keten G\u00f6mlek \u2013 Bordo"},"content":{"rendered":"<p>\u00dcr\u00fcn boyu: 65 cm<br \/>\nKol boyu: 45 cm<br \/>\nNumune bedeni: &#8216;1&#8217;. Bedenler aras\u0131nda 1-3 cm fark olabilir.<br \/>\nManken \u00f6l\u00e7\u00fcleri:<br \/>\nBoy: 1.67 m<br \/>\nKilo: 52 kg<br \/>\nG\u00f6\u011f\u00fcs: 88 cm<br \/>\nBel: 64 cm<br \/>\nKal\u00e7a: 88 cm<br \/>\nY\u0131kama talimat\u0131:<br \/>\n\u00c7ama\u015f\u0131r suyu kullan\u0131lmaz.<br \/>\nHafif \u0131s\u0131 ile \u00fct\u00fclenebilir.<br \/>\nKuru temizleme yap\u0131labilir.<br \/>\n\u0130ade ve De\u011fi\u015fim:<br \/>\nFaturas\u0131z iade ve de\u011fi\u015fim yap\u0131lmamaktad\u0131r.<br \/>\n\u00dcr\u00fcn\u00fc teslim ald\u0131ktan sonra 14 g\u00fcn i\u00e7inde iade veya de\u011fi\u015fim yapabilirsiniz.<br \/>\nHasarl\u0131 veya eksik \u00fcr\u00fcnler i\u00e7in, teslimat tarihinden itibaren 24 saat i\u00e7inde iade talebi olu\u015fturabilirsiniz.<br \/>\nTeknik Detaylar:<br \/>\nTedarik\u00e7i Mam\u00fcl Kodu: 3141<\/p>\n","protected":false},"excerpt":{"rendered":"<p>\u00dcr\u00fcn boyu: 65 cm Kol boyu: 45 cm Numune bedeni: &#8216;1&#8217;. Bedenler aras\u0131nda 1-3 cm fark olabilir. Manken \u00f6l\u00e7\u00fcleri: Boy: 1.67 m Kilo: 52 kg G\u00f6\u011f\u00fcs: 88 cm Bel: 64 cm Kal\u00e7a: 88 cm Y\u0131kama talimat\u0131: \u00c7ama\u015f\u0131r suyu kullan\u0131lmaz. Hafif \u0131s\u0131 ile \u00fct\u00fclenebilir. Kuru temizleme yap\u0131labilir. \u0130ade ve De\u011fi\u015fim: Faturas\u0131z iade ve de\u011fi\u015fim yap\u0131lmamaktad\u0131r. \u00dcr\u00fcn\u00fc [&hellip;]<\/p>\n","protected":false},"featured_media":21350,"comment_status":"open","ping_status":"closed","template":"","meta":[],"product_brand":[],"product_cat":[1909],"product_tag":[],"class_list":{"0":"post-21362","1":"product","2":"type-product","3":"status-publish","4":"has-post-thumbnail","6":"product_cat-bluzlar-ve-gomlekler","7":"pa_brand-markasiz","8":"pa_color-bordo","9":"pa_size-4446","10":"pa_size-4463","12":"first","13":"instock","14":"sale","15":"shipping-taxable","16":"purchasable","17":"product-type-variable"},"_links":{"self":[{"href":"https:\/\/mod.wisdar.net\/tr\/wp-json\/wp\/v2\/product\/21362","targetHints":{"allow":["GET"]}}],"collection":[{"href":"https:\/\/mod.wisdar.net\/tr\/wp-json\/wp\/v2\/product"}],"about":[{"href":"https:\/\/mod.wisdar.net\/tr\/wp-json\/wp\/v2\/types\/product"}],"replies":[{"embeddable":true,"href":"https:\/\/mod.wisdar.net\/tr\/wp-json\/wp\/v2\/comments?post=21362"}],"wp:featuredmedia":[{"embeddable":true,"href":"https:\/\/mod.wisdar.net\/tr\/wp-json\/wp\/v2\/media\/21350"}],"wp:attachment":[{"href":"https:\/\/mod.wisdar.net\/tr\/wp-json\/wp\/v2\/media?parent=21362"}],"wp:term":[{"taxonomy":"product_brand","embeddable":true,"href":"https:\/\/mod.wisdar.net\/tr\/wp-json\/wp\/v2\/product_brand?post=21362"},{"taxonomy":"product_cat","embeddable":true,"href":"https:\/\/mod.wisdar.net\/tr\/wp-json\/wp\/v2\/product_cat?post=21362"},{"taxonomy":"product_tag","embeddable":true,"href":"https:\/\/mod.wisdar.net\/tr\/wp-json\/wp\/v2\/product_tag?post=21362"}],"curies":[{"name":"wp","href":"https:\/\/api.w.org\/{rel}","templated":true}]}}