{"id":213622,"date":"2026-04-07T12:17:10","date_gmt":"2026-04-07T12:17:10","guid":{"rendered":"https:\/\/modesthanim.com\/product\/rahat-kalip-kisa-kollu-bisiklet-yaka-baskili-spor-tisort\/"},"modified":"2026-04-14T12:50:07","modified_gmt":"2026-04-14T12:50:07","slug":"rahat-kalip-kisa-kollu-bisiklet-yaka-baskili-spor-tisort","status":"publish","type":"product","link":"https:\/\/mod.wisdar.net\/tr\/urun\/rahat-kalip-kisa-kollu-bisiklet-yaka-baskili-spor-tisort\/","title":{"rendered":"Rahat Kal\u0131p K\u0131sa Kollu Bisiklet Yaka Bask\u0131l\u0131 Spor Ti\u015f\u00f6rt"},"content":{"rendered":"<p>Spor ti\u015f\u00f6rt, dikkat \u00e7ekici slogan bask\u0131s\u0131 ve bisiklet yaka tasar\u0131m\u0131 ile modern ve sportif bir g\u00f6r\u00fcn\u00fcm sunuyor. K\u0131sa kollu yap\u0131s\u0131 ve rahat kal\u0131b\u0131yla kullan\u0131c\u0131lar\u0131na konfor sa\u011fl\u0131yor. Spor aktiviteleri ya da g\u00fcnl\u00fck rahat kombinler i\u00e7in ideal olan bu ti\u015f\u00f6rt, hareket \u00f6zg\u00fcrl\u00fc\u011f\u00fc sunarak g\u00fcn boyu konforlu hissetmenizi sa\u011fl\u0131yor. Dinamik ve gen\u00e7 tasar\u0131m\u0131yla, gard\u0131robunuzdaki sportif par\u00e7alar aras\u0131nda \u00f6n plana \u00e7\u0131k\u0131yor. Stil \u00d6nerisi Spor ti\u015f\u00f6rt\u00fc, jean \u015fortlar ve spor ayakkab\u0131larla tamamlayarak g\u00fcnl\u00fck bir stil olu\u015fturabilirsiniz. Aksesuar olarak g\u00fcne\u015f g\u00f6zl\u00fc\u011f\u00fc ve spor bir \u00e7anta kullanarak g\u00f6r\u00fcn\u00fcm\u00fcn\u00fcz\u00fc g\u00fc\u00e7lendirebilirsiniz. Hem spor aktivitelerinde hem de hafta sonu gezilerinde tercih edebilece\u011finiz bu ti\u015f\u00f6rt, \u015f\u0131kl\u0131k ve rahatl\u0131\u011f\u0131 bir arada sunuyor. \u00dcr\u00fcn \u00d6zellikleri Kol Tipi: K\u0131sa Kol Yaka Tipi: Bisiklet Yaka Fit: Rahat Kal\u0131p Kullan\u0131m Alan\u0131: G\u00fcnl\u00fck Giyim, Spor Giyim Koton&#8217;un dinamik tasar\u0131m\u0131yla dolab\u0131n\u0131za \u015f\u0131kl\u0131k kat\u0131n. Koton ti\u015f\u00f6rt modelleriyle stilinizi her ortamda yans\u0131t\u0131n!<\/p>\n<p>\u2014 Technical Details \u2014<br \/>\nKuma\u015f: %100 POL\u0130ESTER<br \/>\nKol Boyu: K\u0131sa Kol<br \/>\nKol Tipi: Balon Kol<br \/>\nYaka Tipi: Bisiklet Yaka<br \/>\nSil\u00fcet: Basic<br \/>\n\u00dcr\u00fcn Tipi \/ Stil: Basic<br \/>\n\u00dcr\u00fcn\u00fcn Alt Markas\u0131: Trends<\/p>\n","protected":false},"excerpt":{"rendered":"<p>Spor ti\u015f\u00f6rt, dikkat \u00e7ekici slogan bask\u0131s\u0131 ve bisiklet yaka tasar\u0131m\u0131 ile modern ve sportif bir g\u00f6r\u00fcn\u00fcm sunuyor. K\u0131sa kollu yap\u0131s\u0131 ve rahat kal\u0131b\u0131yla kullan\u0131c\u0131lar\u0131na konfor sa\u011fl\u0131yor. Spor aktiviteleri ya da g\u00fcnl\u00fck rahat kombinler i\u00e7in ideal olan bu ti\u015f\u00f6rt, hareket \u00f6zg\u00fcrl\u00fc\u011f\u00fc sunarak g\u00fcn boyu konforlu hissetmenizi sa\u011fl\u0131yor. Dinamik ve gen\u00e7 tasar\u0131m\u0131yla, gard\u0131robunuzdaki sportif par\u00e7alar aras\u0131nda \u00f6n [&hellip;]<\/p>\n","protected":false},"featured_media":213612,"comment_status":"open","ping_status":"closed","template":"","meta":[],"product_brand":[],"product_cat":[6948,6951],"product_tag":[7426],"class_list":{"0":"post-213622","1":"product","2":"type-product","3":"status-publish","4":"has-post-thumbnail","6":"product_cat-spor-giyim","7":"product_cat-ust-giyim-ustler","8":"product_tag-gunluk-giyim-3","9":"pa_brand-koton","10":"pa_color-beyaz","11":"pa_size-l","12":"pa_size-m","13":"pa_size-s","14":"pa_size-xl","15":"pa_size-xs","17":"first","18":"instock","19":"shipping-taxable","20":"purchasable","21":"product-type-variable"},"_links":{"self":[{"href":"https:\/\/mod.wisdar.net\/tr\/wp-json\/wp\/v2\/product\/213622","targetHints":{"allow":["GET"]}}],"collection":[{"href":"https:\/\/mod.wisdar.net\/tr\/wp-json\/wp\/v2\/product"}],"about":[{"href":"https:\/\/mod.wisdar.net\/tr\/wp-json\/wp\/v2\/types\/product"}],"replies":[{"embeddable":true,"href":"https:\/\/mod.wisdar.net\/tr\/wp-json\/wp\/v2\/comments?post=213622"}],"wp:featuredmedia":[{"embeddable":true,"href":"https:\/\/mod.wisdar.net\/tr\/wp-json\/wp\/v2\/media\/213612"}],"wp:attachment":[{"href":"https:\/\/mod.wisdar.net\/tr\/wp-json\/wp\/v2\/media?parent=213622"}],"wp:term":[{"taxonomy":"product_brand","embeddable":true,"href":"https:\/\/mod.wisdar.net\/tr\/wp-json\/wp\/v2\/product_brand?post=213622"},{"taxonomy":"product_cat","embeddable":true,"href":"https:\/\/mod.wisdar.net\/tr\/wp-json\/wp\/v2\/product_cat?post=213622"},{"taxonomy":"product_tag","embeddable":true,"href":"https:\/\/mod.wisdar.net\/tr\/wp-json\/wp\/v2\/product_tag?post=213622"}],"curies":[{"name":"wp","href":"https:\/\/api.w.org\/{rel}","templated":true}]}}