{"id":213655,"date":"2026-04-07T12:17:38","date_gmt":"2026-04-07T12:17:38","guid":{"rendered":"https:\/\/modesthanim.com\/product\/polo-yaka-uzun-kollu-fermuarli-oversize-spor-sweatshirt\/"},"modified":"2026-04-15T21:15:28","modified_gmt":"2026-04-15T21:15:28","slug":"polo-yaka-uzun-kollu-fermuarli-oversize-spor-sweatshirt","status":"publish","type":"product","link":"https:\/\/mod.wisdar.net\/tr\/urun\/polo-yaka-uzun-kollu-fermuarli-oversize-spor-sweatshirt\/","title":{"rendered":"Polo Yaka Uzun Kollu Fermuarl\u0131 Oversize Spor Sweatshirt"},"content":{"rendered":"<p>Spor sweatshirt, rahat kal\u0131b\u0131yla hem g\u00fcnl\u00fck aktivitelerinizde hem de sportif etkinliklerde konfor sunuyor. Polo yaka detay\u0131, klasik bir g\u00f6r\u00fcn\u00fcm katarken fermuarl\u0131 tasar\u0131m\u0131 modern bir dokunu\u015f sa\u011fl\u0131yor. Uzun kollar\u0131yla serin havalarda ideal bir se\u00e7enek olan bu sweatshirt hem rahat hem de \u015f\u0131k\u0131 bir yap\u0131 sunuyor. Basic siluet, sadeli\u011fi ve \u015f\u0131kl\u0131\u011f\u0131 bir araya getirerek dolab\u0131n\u0131z\u0131n vazge\u00e7ilmez par\u00e7alar\u0131ndan biri oluyor. Stil \u00d6nerisi Sweatshirt, basic bir ti\u015f\u00f6rt ve dar kesim pantolonlarla kombinlenerek g\u00fcnl\u00fck stilinizi tamamlayabilir. Spor ayakkab\u0131lar ve omuz \u00e7antas\u0131 ile spor \u015f\u0131kl\u0131\u011f\u0131 yakalayabilirsiniz. Ayr\u0131ca, serin g\u00fcnlerde \u00fczerine bir deri ceket alarak \u015f\u0131kl\u0131\u011f\u0131n\u0131z\u0131 bir ad\u0131m \u00f6ne ta\u015f\u0131yabilirsiniz. \u00dcr\u00fcn \u00d6zellikleri Kol Tipi: Uzun Kol Yaka Tipi: Polo Yaka Fit: Rahat Kal\u0131p Kuma\u015f: %65 Pamuk, %35 Polyester Kullan\u0131m Alan\u0131: G\u00fcnl\u00fck Giyim, Spor Giyim Koton sweatshirt koleksiyonu ile hem rahatl\u0131\u011f\u0131 hem de tarz\u0131n\u0131z\u0131 \u00f6n plana \u00e7\u0131kar\u0131n. \u015e\u0131kl\u0131\u011f\u0131n\u0131zdan \u00f6d\u00fcn vermeden konforu deneyimleyin! Koton&#8217;un temel par\u00e7alar\u0131yla g\u00fcnl\u00fck stilinizi olu\u015fturun!<\/p>\n","protected":false},"excerpt":{"rendered":"<p>Spor sweatshirt, rahat kal\u0131b\u0131yla hem g\u00fcnl\u00fck aktivitelerinizde hem de sportif etkinliklerde konfor sunuyor. Polo yaka detay\u0131, klasik bir g\u00f6r\u00fcn\u00fcm katarken fermuarl\u0131 tasar\u0131m\u0131 modern bir dokunu\u015f sa\u011fl\u0131yor. Uzun kollar\u0131yla serin havalarda ideal bir se\u00e7enek olan bu sweatshirt hem rahat hem de \u015f\u0131k\u0131 bir yap\u0131 sunuyor. Basic siluet, sadeli\u011fi ve \u015f\u0131kl\u0131\u011f\u0131 bir araya getirerek dolab\u0131n\u0131z\u0131n vazge\u00e7ilmez par\u00e7alar\u0131ndan [&hellip;]<\/p>\n","protected":false},"featured_media":213649,"comment_status":"open","ping_status":"closed","template":"","meta":[],"product_brand":[],"product_cat":[6948,6951],"product_tag":[7444,7424,7445,7443],"class_list":{"0":"post-213655","1":"product","2":"type-product","3":"status-publish","4":"has-post-thumbnail","6":"product_cat-spor-giyim","7":"product_cat-ust-giyim-ustler","8":"product_tag-jarse","9":"product_tag-spor-giyim","10":"product_tag-sweatshirtler","11":"product_tag-trendler","12":"pa_brand-koton","13":"pa_color-kahverengi","14":"pa_size-l","15":"pa_size-m","16":"pa_size-s","17":"pa_size-xl","18":"pa_size-xs","20":"first","21":"instock","22":"shipping-taxable","23":"purchasable","24":"product-type-variable"},"_links":{"self":[{"href":"https:\/\/mod.wisdar.net\/tr\/wp-json\/wp\/v2\/product\/213655","targetHints":{"allow":["GET"]}}],"collection":[{"href":"https:\/\/mod.wisdar.net\/tr\/wp-json\/wp\/v2\/product"}],"about":[{"href":"https:\/\/mod.wisdar.net\/tr\/wp-json\/wp\/v2\/types\/product"}],"replies":[{"embeddable":true,"href":"https:\/\/mod.wisdar.net\/tr\/wp-json\/wp\/v2\/comments?post=213655"}],"wp:featuredmedia":[{"embeddable":true,"href":"https:\/\/mod.wisdar.net\/tr\/wp-json\/wp\/v2\/media\/213649"}],"wp:attachment":[{"href":"https:\/\/mod.wisdar.net\/tr\/wp-json\/wp\/v2\/media?parent=213655"}],"wp:term":[{"taxonomy":"product_brand","embeddable":true,"href":"https:\/\/mod.wisdar.net\/tr\/wp-json\/wp\/v2\/product_brand?post=213655"},{"taxonomy":"product_cat","embeddable":true,"href":"https:\/\/mod.wisdar.net\/tr\/wp-json\/wp\/v2\/product_cat?post=213655"},{"taxonomy":"product_tag","embeddable":true,"href":"https:\/\/mod.wisdar.net\/tr\/wp-json\/wp\/v2\/product_tag?post=213655"}],"curies":[{"name":"wp","href":"https:\/\/api.w.org\/{rel}","templated":true}]}}