{"id":213694,"date":"2026-04-07T12:19:00","date_gmt":"2026-04-07T12:19:00","guid":{"rendered":"https:\/\/modesthanim.com\/product\/kolsuz-v-yaka-interlok-sporcu-sutyeni\/"},"modified":"2026-04-14T12:50:21","modified_gmt":"2026-04-14T12:50:21","slug":"kolsuz-v-yaka-interlok-sporcu-sutyeni","status":"publish","type":"product","link":"https:\/\/mod.wisdar.net\/tr\/urun\/kolsuz-v-yaka-interlok-sporcu-sutyeni\/","title":{"rendered":"Kolsuz V Yaka \u0130nterlok Sporcu S\u00fctyeni"},"content":{"rendered":"<p>Sporcu s\u00fctyeni tasar\u0131m\u0131, g\u00fcn boyu konfor ve \u015f\u0131kl\u0131\u011f\u0131 bir arada sunuyor. V yaka detay\u0131 ve kolsuz tasar\u0131m\u0131 ile spor aktivitelerinizde rahat hareket etmenizi sa\u011fl\u0131yor. Slim fit kesimi sayesinde v\u00fccuda m\u00fckemmel oturuyor ve destekleyici bir yap\u0131 sunuyor. Kapl\u0131 silueti, s\u00fctyeni daha dayan\u0131kl\u0131 hale getirirken maksimum esneklik ve hareket kabiliyeti sa\u011fl\u0131yor. Spor giyim trendlerini yak\u0131ndan takip etmek isteyenler i\u00e7in ideal bir se\u00e7enek sunuyor. Stil \u00d6nerisi Spor s\u00fctyen, rahat ve \u015f\u0131k bir g\u00f6r\u00fcn\u00fcm elde etmenizi sa\u011fl\u0131yor. Y\u00fcksek belli bir tayt ve hafif bir spor ayakkab\u0131 ile kombinledi\u011finizde, hem spor salonunda hem de g\u00fcnl\u00fck gezilerinizde rahat\u00e7a kullanabilirsiniz. \u00dczerine ince bir crop sweatshirt veya hafif bir ceket ekleyerek, serin havalarda da stil sahibi olabilirsiniz. Trend spor \u00e7antalar ve minimal aksesuarlarla g\u00f6r\u00fcn\u00fcm\u00fcn\u00fcz\u00fc tamamlayarak, sportif bir \u015f\u0131kl\u0131k yakalayabilirsiniz. \u00dcr\u00fcn \u00d6zellikleri Kol Tipi: Kolsuz Yaka Tipi: V Yaka Fit: Slim Fit Stil: Kapl\u0131 Kuma\u015f: %81 Polyester, %19 Elastan Kullan\u0131m Alan\u0131: Spor Giyim Koton&#8217;un spor \u00fcr\u00fcnleriyle tarz\u0131n\u0131za dinamizm kat\u0131n. Spor aktivitelerinizde ve g\u00fcnl\u00fck kombinlerinizde rahat ve \u015f\u0131k bir kullan\u0131m sunan spor giyim koleksiyonunu ke\u015ffedin!<\/p>\n<p>\u2014 Technical Details \u2014<br \/>\nKuma\u015f: %19 ELASTAN, %81 POL\u0130ESTER<br \/>\nKol Boyu: Kolsuz<br \/>\nKol Tipi: Kolsuz<br \/>\nYaka Tipi: V Yaka<br \/>\nSil\u00fcet: Kapl\u0131<br \/>\n\u00dcr\u00fcn Tipi \/ Stil: Kapl\u0131<br \/>\n\u00dcr\u00fcn\u00fcn Alt Markas\u0131: Trends<br \/>\nSat\u0131c\u0131\/\u0130malat\u00e7\u0131\/\u0130thalat\u00e7\u0131 \u0130smi: Koton Ma\u011fazac\u0131l\u0131k Tekstil Sanayi ve Ticaret A.\u015e.<br \/>\nPosta Adresi: Ayaza\u011fa Mah. Maslak Ayaza\u011fa Cad. No:3 \u0130\u00e7 Kap\u0131 No:5 Sar\u0131yer\/\u0130stanbul<br \/>\nE-Posta Adresi: mim@koton.com<\/p>\n","protected":false},"excerpt":{"rendered":"<p>Sporcu s\u00fctyeni tasar\u0131m\u0131, g\u00fcn boyu konfor ve \u015f\u0131kl\u0131\u011f\u0131 bir arada sunuyor. V yaka detay\u0131 ve kolsuz tasar\u0131m\u0131 ile spor aktivitelerinizde rahat hareket etmenizi sa\u011fl\u0131yor. Slim fit kesimi sayesinde v\u00fccuda m\u00fckemmel oturuyor ve destekleyici bir yap\u0131 sunuyor. Kapl\u0131 silueti, s\u00fctyeni daha dayan\u0131kl\u0131 hale getirirken maksimum esneklik ve hareket kabiliyeti sa\u011fl\u0131yor. Spor giyim trendlerini yak\u0131ndan takip etmek [&hellip;]<\/p>\n","protected":false},"featured_media":213689,"comment_status":"open","ping_status":"closed","template":"","meta":[],"product_brand":[],"product_cat":[6948,6951],"product_tag":[7446,8066,6751,7310,7424],"class_list":{"0":"post-213694","1":"product","2":"type-product","3":"status-publish","4":"has-post-thumbnail","6":"product_cat-spor-giyim","7":"product_cat-ust-giyim-ustler","8":"product_tag-atletik-giyim","9":"product_tag-kadin-spor-giyim","10":"product_tag-rahat","11":"product_tag-slim-fit","12":"product_tag-spor-giyim","13":"pa_brand-koton","14":"pa_color-ekru","15":"pa_size-l","16":"pa_size-m","17":"pa_size-s","18":"pa_size-xl","19":"pa_size-xs","21":"first","22":"instock","23":"shipping-taxable","24":"purchasable","25":"product-type-variable"},"_links":{"self":[{"href":"https:\/\/mod.wisdar.net\/tr\/wp-json\/wp\/v2\/product\/213694","targetHints":{"allow":["GET"]}}],"collection":[{"href":"https:\/\/mod.wisdar.net\/tr\/wp-json\/wp\/v2\/product"}],"about":[{"href":"https:\/\/mod.wisdar.net\/tr\/wp-json\/wp\/v2\/types\/product"}],"replies":[{"embeddable":true,"href":"https:\/\/mod.wisdar.net\/tr\/wp-json\/wp\/v2\/comments?post=213694"}],"wp:featuredmedia":[{"embeddable":true,"href":"https:\/\/mod.wisdar.net\/tr\/wp-json\/wp\/v2\/media\/213689"}],"wp:attachment":[{"href":"https:\/\/mod.wisdar.net\/tr\/wp-json\/wp\/v2\/media?parent=213694"}],"wp:term":[{"taxonomy":"product_brand","embeddable":true,"href":"https:\/\/mod.wisdar.net\/tr\/wp-json\/wp\/v2\/product_brand?post=213694"},{"taxonomy":"product_cat","embeddable":true,"href":"https:\/\/mod.wisdar.net\/tr\/wp-json\/wp\/v2\/product_cat?post=213694"},{"taxonomy":"product_tag","embeddable":true,"href":"https:\/\/mod.wisdar.net\/tr\/wp-json\/wp\/v2\/product_tag?post=213694"}],"curies":[{"name":"wp","href":"https:\/\/api.w.org\/{rel}","templated":true}]}}