{"id":213734,"date":"2026-04-07T12:19:55","date_gmt":"2026-04-07T12:19:55","guid":{"rendered":"https:\/\/modesthanim.com\/product\/rahat-kalip-kemer-detayli-mini-spor-sort-etek\/"},"modified":"2026-04-15T22:15:02","modified_gmt":"2026-04-15T22:15:02","slug":"rahat-kalip-kemer-detayli-mini-spor-sort-etek","status":"publish","type":"product","link":"https:\/\/mod.wisdar.net\/tr\/urun\/rahat-kalip-kemer-detayli-mini-spor-sort-etek\/","title":{"rendered":"Rahat Kal\u0131p Kemer Detayl\u0131 Mini Spor \u015eort Etek"},"content":{"rendered":"<p>\u015eort etek, hem \u015f\u0131kl\u0131k hem de konfor arayan kad\u0131nlar i\u00e7in ideal bir se\u00e7im sunuyor. Kemer detay\u0131 ile modaya uygun bir dokunu\u015f katarken, rahat kal\u0131b\u0131yla g\u00fcn boyu hareket \u00f6zg\u00fcrl\u00fc\u011f\u00fc sa\u011fl\u0131yor. Normal bel y\u00fcksekli\u011fi ile farkl\u0131 v\u00fccut tiplerine uyum sa\u011flarken, k\u0131sa boyu sayesinde yaz aylar\u0131nda serin bir kullan\u0131m sunuyor. \u015eort etek, hafif ve esnek bir yap\u0131ya sahip olup, spor aktiviteleriniz i\u00e7in de uygun bir tercih olu\u015fturuyor. Stil \u00d6nerisi \u015eort etek, sportif bir bluz veya basic bir ti\u015f\u00f6rt ile kombinlenerek g\u00fcnl\u00fck \u015f\u0131kl\u0131\u011f\u0131 yakalaman\u0131za olanak tan\u0131yor. Sneaker veya sandaletlerle rahat bir g\u00f6r\u00fcn\u00fcm elde ederken, hafif bir s\u0131rt \u00e7antas\u0131 ve g\u00fcne\u015f g\u00f6zl\u00fc\u011f\u00fcyle stilinizi tamamlayabilirsiniz. Kendi tarz\u0131n\u0131za uygun aksesuarlarla zenginle\u015ftirerek \u00f6zg\u00fcn kombinler yaratabilirsiniz. \u00dcr\u00fcn \u00d6zellikleri Kemer Detayl\u0131 Bel Tipi: Normal Bel Fit: Rahat Kal\u0131p Stil ve Sil\u00fcet: \u015eort Etek Kullan\u0131m Alan\u0131: Spor Giyim Koton&#8217;un \u015fort etek koleksiyonu, modern ve rahat tasar\u0131m\u0131yla g\u00f6z dolduruyor. Kombinlerinizi zenginle\u015ftirmek i\u00e7in ideal par\u00e7alar aras\u0131nda yer al\u0131yor.<\/p>\n<p>\u2014 Technical Details \u2014<br \/>\nKuma\u015f: %28 PAMUK, %7 ELASTAN, %65 POL\u0130ESTER<br \/>\nSil\u00fcet: \u015eort Etek<br \/>\nBel Y\u00fcksekli\u011fi: Standart Bel<br \/>\n\u00dcr\u00fcn Tipi \/ Stil: \u015eort Etek<br \/>\n\u00dcr\u00fcn\u00fcn Alt Markas\u0131: Trends<\/p>\n","protected":false},"excerpt":{"rendered":"<p>\u015eort etek, hem \u015f\u0131kl\u0131k hem de konfor arayan kad\u0131nlar i\u00e7in ideal bir se\u00e7im sunuyor. Kemer detay\u0131 ile modaya uygun bir dokunu\u015f katarken, rahat kal\u0131b\u0131yla g\u00fcn boyu hareket \u00f6zg\u00fcrl\u00fc\u011f\u00fc sa\u011fl\u0131yor. Normal bel y\u00fcksekli\u011fi ile farkl\u0131 v\u00fccut tiplerine uyum sa\u011flarken, k\u0131sa boyu sayesinde yaz aylar\u0131nda serin bir kullan\u0131m sunuyor. \u015eort etek, hafif ve esnek bir yap\u0131ya sahip [&hellip;]<\/p>\n","protected":false},"featured_media":213728,"comment_status":"open","ping_status":"closed","template":"","meta":[],"product_brand":[],"product_cat":[6954,6948],"product_tag":[7426,6744,6824,6751,7424],"class_list":{"0":"post-213734","1":"product","2":"type-product","3":"status-publish","4":"has-post-thumbnail","6":"product_cat-alt-vucut-alt-giyim","7":"product_cat-spor-giyim","8":"product_tag-gunluk-giyim-3","9":"product_tag-kadin-modasi","10":"product_tag-kemer-detayi","11":"product_tag-rahat","12":"product_tag-spor-giyim","13":"pa_brand-koton","14":"pa_color-gri-melanj","15":"pa_size-l","16":"pa_size-m","17":"pa_size-s","18":"pa_size-xl","19":"pa_size-xs","21":"first","22":"instock","23":"shipping-taxable","24":"purchasable","25":"product-type-variable"},"_links":{"self":[{"href":"https:\/\/mod.wisdar.net\/tr\/wp-json\/wp\/v2\/product\/213734","targetHints":{"allow":["GET"]}}],"collection":[{"href":"https:\/\/mod.wisdar.net\/tr\/wp-json\/wp\/v2\/product"}],"about":[{"href":"https:\/\/mod.wisdar.net\/tr\/wp-json\/wp\/v2\/types\/product"}],"replies":[{"embeddable":true,"href":"https:\/\/mod.wisdar.net\/tr\/wp-json\/wp\/v2\/comments?post=213734"}],"wp:featuredmedia":[{"embeddable":true,"href":"https:\/\/mod.wisdar.net\/tr\/wp-json\/wp\/v2\/media\/213728"}],"wp:attachment":[{"href":"https:\/\/mod.wisdar.net\/tr\/wp-json\/wp\/v2\/media?parent=213734"}],"wp:term":[{"taxonomy":"product_brand","embeddable":true,"href":"https:\/\/mod.wisdar.net\/tr\/wp-json\/wp\/v2\/product_brand?post=213734"},{"taxonomy":"product_cat","embeddable":true,"href":"https:\/\/mod.wisdar.net\/tr\/wp-json\/wp\/v2\/product_cat?post=213734"},{"taxonomy":"product_tag","embeddable":true,"href":"https:\/\/mod.wisdar.net\/tr\/wp-json\/wp\/v2\/product_tag?post=213734"}],"curies":[{"name":"wp","href":"https:\/\/api.w.org\/{rel}","templated":true}]}}