{"id":213773,"date":"2026-04-07T12:25:39","date_gmt":"2026-04-07T12:25:39","guid":{"rendered":"https:\/\/modesthanim.com\/product\/yuksek-bel-slim-fit-ispanyol-paca-spor-tayt-2\/"},"modified":"2026-04-07T12:28:24","modified_gmt":"2026-04-07T12:28:24","slug":"yuksek-bel-slim-fit-ispanyol-paca-spor-tayt-2","status":"publish","type":"product","link":"https:\/\/mod.wisdar.net\/tr\/urun\/yuksek-bel-slim-fit-ispanyol-paca-spor-tayt-2\/","title":{"rendered":"Y\u00fcksek Bel Slim Fit \u0130spanyol Pa\u00e7a Spor Tayt"},"content":{"rendered":"<p>Y\u00fcksek bel tayt, spor ve g\u00fcnl\u00fck aktivitelerinizde rahatl\u0131k sunuyor. \u0130spanyol pa\u00e7a detay\u0131 ile modern bir g\u00f6r\u00fcn\u00fcm kazanan tayt, esnek yap\u0131s\u0131yla hareket \u00f6zg\u00fcrl\u00fc\u011f\u00fc sa\u011fl\u0131yor. Diki\u015f detaylar\u0131, tasar\u0131m\u0131 g\u00fc\u00e7lendirirken, uzun boyu sayesinde her v\u00fccut tipine uyum sa\u011fl\u0131yor. Spor giyim i\u00e7in ideal olan bu tayt, \u015f\u0131k ve i\u015flevsel bir deneyim sunuyor. Stil \u00d6nerisi Tayt\u0131, basic bir ti\u015f\u00f6rt ve spor ayakkab\u0131larla kombinleyerek g\u00fcnl\u00fck bir tarz yakalayabilirsiniz. Hafif bir spor ceket ile tamamlayarak rahat ve modern bir g\u00f6r\u00fcn\u00fcm elde edebilirsiniz. Yoga ya da pilates gibi aktivitelerde kullan\u0131lmak \u00fczere uygun olan bu tayt, spor \u00e7antan\u0131z\u0131n vazge\u00e7ilmez bir par\u00e7as\u0131 olacak. \u00dcr\u00fcn \u00d6zellikleri Kuma\u015f: %80 Polyester, %20 Elastan Bel Tipi: Y\u00fcksek Bel Fit: Slim Pa\u00e7a Tipi: \u0130spanyol Pa\u00e7a Detay: Diki\u015f Detayl\u0131 Siluet: Spor Tayt Kullan\u0131m Alan\u0131: Spor Giyim Koton&#8217;un \u015f\u0131k ve i\u015flevsel tasar\u0131m\u0131yla hareket \u00f6zg\u00fcrl\u00fc\u011f\u00fcn\u00fcz\u00fc ke\u015ffedin. Spor ve g\u00fcnl\u00fck stilinizi bu taytla zahmetsizce tamamlay\u0131n! Koton spor giyim koleksiyonlar\u0131yla modan\u0131n trendlerini yakalay\u0131n!<\/p>\n<p>\u2014 Technical Details \u2014<br \/>\nKuma\u015f: %20 ELASTAN, %80 POL\u0130ESTER<br \/>\nSil\u00fcet: Flare<br \/>\nBel Y\u00fcksekli\u011fi: Y\u00fcksek Bel<br \/>\n\u00dcr\u00fcn Tipi \/ Stil: Flare<br \/>\n\u00dcr\u00fcn\u00fcn Alt Markas\u0131: Trends<br \/>\nSat\u0131c\u0131\/\u0130malat\u00e7\u0131\/\u0130thalat\u00e7\u0131 \u0130smi: Koton Ma\u011fazac\u0131l\u0131k Tekstil Sanayi ve Ticaret A.\u015e.<br \/>\nPosta Adresi: Ayaza\u011fa Mah. Maslak Ayaza\u011fa Cad. No:3 \u0130\u00e7 Kap\u0131 No:5 Sar\u0131yer\/\u0130stanbul<br \/>\nE-Posta Adresi: mim@koton.com<\/p>\n","protected":false},"excerpt":{"rendered":"<p>Y\u00fcksek bel tayt, spor ve g\u00fcnl\u00fck aktivitelerinizde rahatl\u0131k sunuyor. \u0130spanyol pa\u00e7a detay\u0131 ile modern bir g\u00f6r\u00fcn\u00fcm kazanan tayt, esnek yap\u0131s\u0131yla hareket \u00f6zg\u00fcrl\u00fc\u011f\u00fc sa\u011fl\u0131yor. Diki\u015f detaylar\u0131, tasar\u0131m\u0131 g\u00fc\u00e7lendirirken, uzun boyu sayesinde her v\u00fccut tipine uyum sa\u011fl\u0131yor. Spor giyim i\u00e7in ideal olan bu tayt, \u015f\u0131k ve i\u015flevsel bir deneyim sunuyor. Stil \u00d6nerisi Tayt\u0131, basic bir ti\u015f\u00f6rt ve [&hellip;]<\/p>\n","protected":false},"featured_media":213768,"comment_status":"open","ping_status":"closed","template":"","meta":[],"product_brand":[],"product_cat":[6954,6948],"product_tag":[7638,7639,8144,8039,7096,7310,8003,8041,7489],"class_list":{"0":"post-213773","1":"product","2":"type-product","3":"status-publish","4":"has-post-thumbnail","6":"product_cat-alt-vucut-alt-giyim","7":"product_cat-spor-giyim","8":"product_tag-aktif-giyim","9":"product_tag-fitness-giyim","10":"product_tag-gunluk-spor-giyim","11":"product_tag-koton","12":"product_tag-modern-tasarim","13":"product_tag-slim-fit","14":"product_tag-spor-tayt-2","15":"product_tag-yoga-pantolonu","16":"product_tag-yuksek-bel-2","17":"pa_brand-koton","18":"pa_color-mor","19":"pa_size-l","20":"pa_size-m","21":"pa_size-s","22":"pa_size-xl","23":"pa_size-xs","25":"first","26":"instock","27":"shipping-taxable","28":"purchasable","29":"product-type-variable"},"_links":{"self":[{"href":"https:\/\/mod.wisdar.net\/tr\/wp-json\/wp\/v2\/product\/213773","targetHints":{"allow":["GET"]}}],"collection":[{"href":"https:\/\/mod.wisdar.net\/tr\/wp-json\/wp\/v2\/product"}],"about":[{"href":"https:\/\/mod.wisdar.net\/tr\/wp-json\/wp\/v2\/types\/product"}],"replies":[{"embeddable":true,"href":"https:\/\/mod.wisdar.net\/tr\/wp-json\/wp\/v2\/comments?post=213773"}],"wp:featuredmedia":[{"embeddable":true,"href":"https:\/\/mod.wisdar.net\/tr\/wp-json\/wp\/v2\/media\/213768"}],"wp:attachment":[{"href":"https:\/\/mod.wisdar.net\/tr\/wp-json\/wp\/v2\/media?parent=213773"}],"wp:term":[{"taxonomy":"product_brand","embeddable":true,"href":"https:\/\/mod.wisdar.net\/tr\/wp-json\/wp\/v2\/product_brand?post=213773"},{"taxonomy":"product_cat","embeddable":true,"href":"https:\/\/mod.wisdar.net\/tr\/wp-json\/wp\/v2\/product_cat?post=213773"},{"taxonomy":"product_tag","embeddable":true,"href":"https:\/\/mod.wisdar.net\/tr\/wp-json\/wp\/v2\/product_tag?post=213773"}],"curies":[{"name":"wp","href":"https:\/\/api.w.org\/{rel}","templated":true}]}}