{"id":21383,"date":"2025-11-07T20:16:06","date_gmt":"2025-11-02T14:46:08","guid":{"rendered":"https:\/\/modesthanim.com\/product\/sari-tencel-gomlek\/"},"modified":"2026-04-02T20:17:06","modified_gmt":"2026-04-02T20:17:06","slug":"sari-tencel-gomlek","status":"publish","type":"product","link":"https:\/\/mod.wisdar.net\/tr\/urun\/sari-tencel-gomlek\/","title":{"rendered":"Sar\u0131 Tencel G\u00f6mlek"},"content":{"rendered":"<p>\u00dcr\u00fcn \u0130\u00e7eri\u011fi: TENCEL<\/p>\n<p>Renkler, ayd\u0131nlatma farkl\u0131l\u0131klar\u0131 nedeniyle konsept \u00e7ekimlerinde farkl\u0131l\u0131k g\u00f6sterebilir.<\/p>\n<p>Model \u00d6l\u00e7\u00fcmleri: Boy: 170cm<\/p>\n<p>\u00dcr\u00fcn Uzunlu\u011fu: 70cm<\/p>\n<p>Numune Bedeni: 36\/1\/S<\/p>\n<p>Y\u0131kama: Il\u0131k (40C veya 105F) y\u0131kanabilir,<\/p>\n<p>Normalde kurutulabilir,<\/p>\n<p>D\u00fc\u015f\u00fck \u0131s\u0131da \u00fct\u00fcleme, buharl\u0131 veya kuru,<\/p>\n<p>Kuru temizleme yap\u0131labilir<\/p>\n","protected":false},"excerpt":{"rendered":"<p>\u00dcr\u00fcn \u0130\u00e7eri\u011fi: TENCEL Renkler, ayd\u0131nlatma farkl\u0131l\u0131klar\u0131 nedeniyle konsept \u00e7ekimlerinde farkl\u0131l\u0131k g\u00f6sterebilir. Model \u00d6l\u00e7\u00fcmleri: Boy: 170cm \u00dcr\u00fcn Uzunlu\u011fu: 70cm Numune Bedeni: 36\/1\/S Y\u0131kama: Il\u0131k (40C veya 105F) y\u0131kanabilir, Normalde kurutulabilir, D\u00fc\u015f\u00fck \u0131s\u0131da \u00fct\u00fcleme, buharl\u0131 veya kuru, Kuru temizleme yap\u0131labilir<\/p>\n","protected":false},"featured_media":21361,"comment_status":"open","ping_status":"closed","template":"","meta":[],"product_brand":[],"product_cat":[1909],"product_tag":[61,3392,3006,3331],"class_list":{"0":"post-21383","1":"product","2":"type-product","3":"status-publish","4":"has-post-thumbnail","6":"product_cat-bluzlar-ve-gomlekler","7":"product_tag-fashion","8":"product_tag-shirt","9":"product_tag-tencel","10":"product_tag-yellow","11":"pa_brand-meri-store","12":"pa_size-4701","13":"pa_size-4706","14":"pa_size-4711","15":"pa_size-4713","17":"first","18":"outofstock","19":"shipping-taxable","20":"product-type-variable"},"_links":{"self":[{"href":"https:\/\/mod.wisdar.net\/tr\/wp-json\/wp\/v2\/product\/21383","targetHints":{"allow":["GET"]}}],"collection":[{"href":"https:\/\/mod.wisdar.net\/tr\/wp-json\/wp\/v2\/product"}],"about":[{"href":"https:\/\/mod.wisdar.net\/tr\/wp-json\/wp\/v2\/types\/product"}],"replies":[{"embeddable":true,"href":"https:\/\/mod.wisdar.net\/tr\/wp-json\/wp\/v2\/comments?post=21383"}],"wp:featuredmedia":[{"embeddable":true,"href":"https:\/\/mod.wisdar.net\/tr\/wp-json\/wp\/v2\/media\/21361"}],"wp:attachment":[{"href":"https:\/\/mod.wisdar.net\/tr\/wp-json\/wp\/v2\/media?parent=21383"}],"wp:term":[{"taxonomy":"product_brand","embeddable":true,"href":"https:\/\/mod.wisdar.net\/tr\/wp-json\/wp\/v2\/product_brand?post=21383"},{"taxonomy":"product_cat","embeddable":true,"href":"https:\/\/mod.wisdar.net\/tr\/wp-json\/wp\/v2\/product_cat?post=21383"},{"taxonomy":"product_tag","embeddable":true,"href":"https:\/\/mod.wisdar.net\/tr\/wp-json\/wp\/v2\/product_tag?post=21383"}],"curies":[{"name":"wp","href":"https:\/\/api.w.org\/{rel}","templated":true}]}}