{"id":213831,"date":"2026-04-07T12:26:56","date_gmt":"2026-04-07T12:26:56","guid":{"rendered":"https:\/\/modesthanim.com\/product\/yuksek-bel-dokulu-ispanyol-paca-spor-tayt\/"},"modified":"2026-04-15T21:22:57","modified_gmt":"2026-04-15T21:22:57","slug":"yuksek-bel-dokulu-ispanyol-paca-spor-tayt","status":"publish","type":"product","link":"https:\/\/mod.wisdar.net\/tr\/urun\/yuksek-bel-dokulu-ispanyol-paca-spor-tayt\/","title":{"rendered":"Y\u00fcksek Bel Dokulu \u0130spanyol Pa\u00e7a Spor Tayt"},"content":{"rendered":"<p>Y\u00fcksek bel, \u0130spanyol pa\u00e7a tayt, spor yaparken ya da g\u00fcnl\u00fck kombinlerinizde rahat bir \u015f\u0131kl\u0131k sunuyor. Slim fit yap\u0131s\u0131 v\u00fccudu nazik\u00e7e sararken, esnek yap\u0131s\u0131 hareket kabiliyetinizi art\u0131r\u0131yor. Flare silueti, modern bir hava katarken yap\u0131lan kuma\u015f\u0131 hafiflik ve konfor sa\u011fl\u0131yor. Stil \u00d6nerisi Y\u00fcksek bel, \u0130spanyol pa\u00e7a tayt\u0131 basic bir ti\u015f\u00f6rt ve spor ayakkab\u0131lar ile tamamlayabilirsiniz. So\u011fuk g\u00fcnlerde \u00fczerine bir bomber ceket ekleyerek rahat bir g\u00f6r\u00fcn\u00fcm elde edebilirsiniz. Minimal bir spor \u00e7anta ile stilinizi tamamlayabilirsiniz. \u00dcr\u00fcn \u00d6zellikleri Bel Tipi: Y\u00fcksek Bel Fit: Slim Fit Pa\u00e7a Tipi: \u0130spanyol Pa\u00e7a Kuma\u015f: %79 Polyester, %21 Elastan Uzunluk: Uzun Stil: Spor Giyim Koton&#8217;un spor giyim kategorisindeki tayt rahatl\u0131k ve tarz\u0131 bir arada sunuyor. G\u00fcnl\u00fck ya\u015fam\u0131n\u0131za konfor katarken, stilinizi \u00f6n plana \u00e7\u0131karacak tayt modellerine hemen g\u00f6z at\u0131n!<\/p>\n<p>\u2014 Technical Details \u2014<br \/>\nKuma\u015f: %79 POL\u0130ESTER, %21 ELASTAN<br \/>\nSil\u00fcet: Flare<br \/>\nBel Y\u00fcksekli\u011fi: Y\u00fcksek Bel<br \/>\n\u00dcr\u00fcn Tipi \/ Stil: Flare<br \/>\n\u00dcr\u00fcn\u00fcn Alt Markas\u0131: Trends<\/p>\n","protected":false},"excerpt":{"rendered":"<p>Y\u00fcksek bel, \u0130spanyol pa\u00e7a tayt, spor yaparken ya da g\u00fcnl\u00fck kombinlerinizde rahat bir \u015f\u0131kl\u0131k sunuyor. Slim fit yap\u0131s\u0131 v\u00fccudu nazik\u00e7e sararken, esnek yap\u0131s\u0131 hareket kabiliyetinizi art\u0131r\u0131yor. Flare silueti, modern bir hava katarken yap\u0131lan kuma\u015f\u0131 hafiflik ve konfor sa\u011fl\u0131yor. Stil \u00d6nerisi Y\u00fcksek bel, \u0130spanyol pa\u00e7a tayt\u0131 basic bir ti\u015f\u00f6rt ve spor ayakkab\u0131lar ile tamamlayabilirsiniz. So\u011fuk g\u00fcnlerde [&hellip;]<\/p>\n","protected":false},"featured_media":213816,"comment_status":"open","ping_status":"closed","template":"","meta":[],"product_brand":[],"product_cat":[6954,6948],"product_tag":[7446,8136,7467,7310,7636],"class_list":{"0":"post-213831","1":"product","2":"type-product","3":"status-publish","4":"has-post-thumbnail","6":"product_cat-alt-vucut-alt-giyim","7":"product_cat-spor-giyim","8":"product_tag-atletik-giyim","9":"product_tag-esnek-tayt","10":"product_tag-ispanyol-paca","11":"product_tag-slim-fit","12":"product_tag-spor-tayt","13":"pa_brand-koton","14":"pa_color-siyah","15":"pa_size-l","16":"pa_size-m","17":"pa_size-s","18":"pa_size-xl","19":"pa_size-xs","21":"first","22":"instock","23":"shipping-taxable","24":"purchasable","25":"product-type-variable"},"_links":{"self":[{"href":"https:\/\/mod.wisdar.net\/tr\/wp-json\/wp\/v2\/product\/213831","targetHints":{"allow":["GET"]}}],"collection":[{"href":"https:\/\/mod.wisdar.net\/tr\/wp-json\/wp\/v2\/product"}],"about":[{"href":"https:\/\/mod.wisdar.net\/tr\/wp-json\/wp\/v2\/types\/product"}],"replies":[{"embeddable":true,"href":"https:\/\/mod.wisdar.net\/tr\/wp-json\/wp\/v2\/comments?post=213831"}],"wp:featuredmedia":[{"embeddable":true,"href":"https:\/\/mod.wisdar.net\/tr\/wp-json\/wp\/v2\/media\/213816"}],"wp:attachment":[{"href":"https:\/\/mod.wisdar.net\/tr\/wp-json\/wp\/v2\/media?parent=213831"}],"wp:term":[{"taxonomy":"product_brand","embeddable":true,"href":"https:\/\/mod.wisdar.net\/tr\/wp-json\/wp\/v2\/product_brand?post=213831"},{"taxonomy":"product_cat","embeddable":true,"href":"https:\/\/mod.wisdar.net\/tr\/wp-json\/wp\/v2\/product_cat?post=213831"},{"taxonomy":"product_tag","embeddable":true,"href":"https:\/\/mod.wisdar.net\/tr\/wp-json\/wp\/v2\/product_tag?post=213831"}],"curies":[{"name":"wp","href":"https:\/\/api.w.org\/{rel}","templated":true}]}}