{"id":213856,"date":"2026-04-07T12:27:12","date_gmt":"2026-04-07T12:27:12","guid":{"rendered":"https:\/\/modesthanim.com\/product\/slim-fit-normal-bel-bagcikli-nakisli-mini-spor-sort-etek\/"},"modified":"2026-04-07T12:27:48","modified_gmt":"2026-04-07T12:27:48","slug":"slim-fit-normal-bel-bagcikli-nakisli-mini-spor-sort-etek","status":"publish","type":"product","link":"https:\/\/mod.wisdar.net\/tr\/urun\/slim-fit-normal-bel-bagcikli-nakisli-mini-spor-sort-etek\/","title":{"rendered":"Slim Fit Normal Bel Ba\u011fc\u0131kl\u0131 Nak\u0131\u015fl\u0131 Mini Spor \u015eort Etek"},"content":{"rendered":"<p>Mini \u015fort etek tasar\u0131m\u0131, sportif \u015f\u0131kl\u0131\u011f\u0131yla dikkat \u00e7ekiyor. Normal bel yap\u0131s\u0131 ve slim fit kesimi, v\u00fccuda m\u00fckemmel uyum sa\u011flarken, hareket \u00f6zg\u00fcrl\u00fc\u011f\u00fc sunuyor. Nak\u0131\u015fl\u0131 detaylar\u0131 ve mini boy tasar\u0131m\u0131 ile g\u00fcnl\u00fck stilinizi tamaml\u0131yor. Etek, hem \u015f\u0131k hem de rahat bir se\u00e7enek olarak gard\u0131robunuzun favorisi olacak. Stil \u00d6nerisi \u015eort etek, spor ayakkab\u0131lar ve basic ti\u015f\u00f6rtlerle kombinlendi\u011finde g\u00fcnl\u00fck rahat bir stil sunuyor. Hafif bir bomber ceketle tamamlayarak sportif bir etki yaratabilirsiniz. Daha \u015f\u0131k bir g\u00f6r\u00fcn\u00fcm i\u00e7in deri ceket ve sneakers tercih ederek dinamik bir tarz yakalayabilirsiniz. Aksesuar olarak minimal tak\u0131lar ve omuz \u00e7antas\u0131 ile kombininizi zenginle\u015ftirebilirsiniz. \u00dcr\u00fcn \u00d6zellikleri Kuma\u015f: %37 Pamuk, %63 Polyester Bel Tipi: Normal Bel Fit Tipi: Slim Fit Boyu: Mini Siluet: \u015eort Etek Detay: Nak\u0131\u015fl\u0131 Kullan\u0131m Alan\u0131: G\u00fcnl\u00fck Giyim, Spor Giyim Koton&#8217;un trend \u015fort etek modeli ile stilinize sportif bir dokunu\u015f yap\u0131n! \u015e\u0131kl\u0131k ve rahatl\u0131\u011f\u0131 bir arada sunan modelleri \u015fimdi ke\u015ffedin! Bu \u00fcr\u00fcn pul, boncuk, payet, ta\u015f ve nak\u0131\u015f gibi \u00f6zel detaylara sahiptir. D\u0131\u015f kaynakl\u0131 fiziksel deformasyonlara (\u00e7ekme, tak\u0131lma, s\u00fcrtme vb.) kar\u015f\u0131 \u00fcr\u00fcn\u00fcn\u00fcz\u00fc dikkatli ve hassas kullanman\u0131z\u0131 \u00f6neririz.<\/p>\n","protected":false},"excerpt":{"rendered":"<p>Mini \u015fort etek tasar\u0131m\u0131, sportif \u015f\u0131kl\u0131\u011f\u0131yla dikkat \u00e7ekiyor. Normal bel yap\u0131s\u0131 ve slim fit kesimi, v\u00fccuda m\u00fckemmel uyum sa\u011flarken, hareket \u00f6zg\u00fcrl\u00fc\u011f\u00fc sunuyor. Nak\u0131\u015fl\u0131 detaylar\u0131 ve mini boy tasar\u0131m\u0131 ile g\u00fcnl\u00fck stilinizi tamaml\u0131yor. Etek, hem \u015f\u0131k hem de rahat bir se\u00e7enek olarak gard\u0131robunuzun favorisi olacak. Stil \u00d6nerisi \u015eort etek, spor ayakkab\u0131lar ve basic ti\u015f\u00f6rtlerle kombinlendi\u011finde g\u00fcnl\u00fck [&hellip;]<\/p>\n","protected":false},"featured_media":213837,"comment_status":"open","ping_status":"closed","template":"","meta":[],"product_brand":[],"product_cat":[6954,6948],"product_tag":[7426,7310],"class_list":{"0":"post-213856","1":"product","2":"type-product","3":"status-publish","4":"has-post-thumbnail","6":"product_cat-alt-vucut-alt-giyim","7":"product_cat-spor-giyim","8":"product_tag-gunluk-giyim-3","9":"product_tag-slim-fit","10":"pa_brand-koton","11":"pa_color-gri-melanj","12":"pa_size-l","13":"pa_size-m","14":"pa_size-s","15":"pa_size-xl","16":"pa_size-xs","18":"first","19":"instock","20":"shipping-taxable","21":"purchasable","22":"product-type-variable"},"_links":{"self":[{"href":"https:\/\/mod.wisdar.net\/tr\/wp-json\/wp\/v2\/product\/213856","targetHints":{"allow":["GET"]}}],"collection":[{"href":"https:\/\/mod.wisdar.net\/tr\/wp-json\/wp\/v2\/product"}],"about":[{"href":"https:\/\/mod.wisdar.net\/tr\/wp-json\/wp\/v2\/types\/product"}],"replies":[{"embeddable":true,"href":"https:\/\/mod.wisdar.net\/tr\/wp-json\/wp\/v2\/comments?post=213856"}],"wp:featuredmedia":[{"embeddable":true,"href":"https:\/\/mod.wisdar.net\/tr\/wp-json\/wp\/v2\/media\/213837"}],"wp:attachment":[{"href":"https:\/\/mod.wisdar.net\/tr\/wp-json\/wp\/v2\/media?parent=213856"}],"wp:term":[{"taxonomy":"product_brand","embeddable":true,"href":"https:\/\/mod.wisdar.net\/tr\/wp-json\/wp\/v2\/product_brand?post=213856"},{"taxonomy":"product_cat","embeddable":true,"href":"https:\/\/mod.wisdar.net\/tr\/wp-json\/wp\/v2\/product_cat?post=213856"},{"taxonomy":"product_tag","embeddable":true,"href":"https:\/\/mod.wisdar.net\/tr\/wp-json\/wp\/v2\/product_tag?post=213856"}],"curies":[{"name":"wp","href":"https:\/\/api.w.org\/{rel}","templated":true}]}}