{"id":213894,"date":"2026-04-07T12:33:57","date_gmt":"2026-04-07T12:33:57","guid":{"rendered":"https:\/\/modesthanim.com\/product\/slim-fit-yuksek-bel-ispanyol-paca-spor-tayt-2\/"},"modified":"2026-04-15T21:24:06","modified_gmt":"2026-04-15T21:24:06","slug":"slim-fit-yuksek-bel-ispanyol-paca-spor-tayt-2","status":"publish","type":"product","link":"https:\/\/mod.wisdar.net\/tr\/urun\/slim-fit-yuksek-bel-ispanyol-paca-spor-tayt-2\/","title":{"rendered":"Slim Fit Y\u00fcksek Bel \u0130spanyol Pa\u00e7a Spor Tayt"},"content":{"rendered":"<p>Y\u00fcksek bel, \u0130spanyol pa\u00e7a spor tayt, g\u00fcn boyu konfor sa\u011fl\u0131yor. Esnek yap\u0131s\u0131, hareket \u00f6zg\u00fcrl\u00fc\u011f\u00fc sunarken, bedeni s\u0131k\u0131ca sar\u0131p \u015feklini koruyor. Hem spor aktivitelerinizde hem de g\u00fcnl\u00fck giyimde rahatl\u0131kla tercih edebilece\u011finiz bu tayt, dolab\u0131n\u0131z\u0131n vazge\u00e7ilmez par\u00e7alar\u0131ndan biri olmaya aday. Stil \u00d6nerisi \u0130spanyol pa\u00e7a spor tayt\u0131 basic bir ti\u015f\u00f6rt ve sneaker ayakkab\u0131lar ile tamamlayarak g\u00fcnl\u00fck stilinize sportif bir hava katabilirsiniz. Yoga ya da pilates gibi spor aktiviteleri i\u00e7in ise dar bir spor \u00fcst\u00fc ve hafif bir sweatshirt ile kombinleyebilirsiniz. Serin havalarda uzun bir tunik ile tamamlayarak modern bir g\u00f6r\u00fcn\u00fcm elde edebilirsiniz. Minimal tasar\u0131ml\u0131 bir s\u0131rt \u00e7antas\u0131 ile stilinizi tamamlarken, y\u00fcksek bel \u00f6zelli\u011fi sayesinde crop top par\u00e7alarla da m\u00fckemmel bir uyum yakalayabilirsiniz. \u00dcr\u00fcn \u00d6zellikleri Kuma\u015f: %65 Polyester, %28 Pamuk, %7 Elastan Bel Tipi: Y\u00fcksek Bel Fit Tipi: Slim Pa\u00e7a Tipi: \u0130spanyol Pa\u00e7a Kullan\u0131m Alan\u0131: Spor Giyim Koton&#8217;un \u015f\u0131k ve rahat taytlar\u0131 ile sportif bir tarz yarat\u0131n. Konfor ve stile \u00f6nem verenler i\u00e7in m\u00fckemmel bir se\u00e7enek olan Koton \u00fcr\u00fcnlerini ke\u015ffedin, gard\u0131robunuza yeni bir soluk getirin!<\/p>\n<p>\u2014 Technical Details \u2014<br \/>\nKuma\u015f: %28 PAMUK, %7 ELASTAN, %65 POL\u0130ESTER<br \/>\nSil\u00fcet: Flare<br \/>\nBel Y\u00fcksekli\u011fi: Y\u00fcksek Bel<br \/>\n\u00dcr\u00fcn Tipi \/ Stil: Flare<br \/>\n\u00dcr\u00fcn\u00fcn Alt Markas\u0131: Trends<\/p>\n","protected":false},"excerpt":{"rendered":"<p>Y\u00fcksek bel, \u0130spanyol pa\u00e7a spor tayt, g\u00fcn boyu konfor sa\u011fl\u0131yor. Esnek yap\u0131s\u0131, hareket \u00f6zg\u00fcrl\u00fc\u011f\u00fc sunarken, bedeni s\u0131k\u0131ca sar\u0131p \u015feklini koruyor. Hem spor aktivitelerinizde hem de g\u00fcnl\u00fck giyimde rahatl\u0131kla tercih edebilece\u011finiz bu tayt, dolab\u0131n\u0131z\u0131n vazge\u00e7ilmez par\u00e7alar\u0131ndan biri olmaya aday. Stil \u00d6nerisi \u0130spanyol pa\u00e7a spor tayt\u0131 basic bir ti\u015f\u00f6rt ve sneaker ayakkab\u0131lar ile tamamlayarak g\u00fcnl\u00fck stilinize sportif [&hellip;]<\/p>\n","protected":false},"featured_media":213890,"comment_status":"open","ping_status":"closed","template":"","meta":[],"product_brand":[],"product_cat":[6954,6948],"product_tag":[7638,7446,7467,8039,6751,8107,7310,7636,7489],"class_list":{"0":"post-213894","1":"product","2":"type-product","3":"status-publish","4":"has-post-thumbnail","6":"product_cat-alt-vucut-alt-giyim","7":"product_cat-spor-giyim","8":"product_tag-aktif-giyim","9":"product_tag-atletik-giyim","10":"product_tag-ispanyol-paca","11":"product_tag-koton","12":"product_tag-rahat","13":"product_tag-sik","14":"product_tag-slim-fit","15":"product_tag-spor-tayt","16":"product_tag-yuksek-bel-2","17":"pa_brand-koton","18":"pa_color-gri-melanj","19":"pa_size-l","20":"pa_size-m","21":"pa_size-s","22":"pa_size-xl","23":"pa_size-xs","25":"first","26":"instock","27":"shipping-taxable","28":"purchasable","29":"product-type-variable"},"_links":{"self":[{"href":"https:\/\/mod.wisdar.net\/tr\/wp-json\/wp\/v2\/product\/213894","targetHints":{"allow":["GET"]}}],"collection":[{"href":"https:\/\/mod.wisdar.net\/tr\/wp-json\/wp\/v2\/product"}],"about":[{"href":"https:\/\/mod.wisdar.net\/tr\/wp-json\/wp\/v2\/types\/product"}],"replies":[{"embeddable":true,"href":"https:\/\/mod.wisdar.net\/tr\/wp-json\/wp\/v2\/comments?post=213894"}],"wp:featuredmedia":[{"embeddable":true,"href":"https:\/\/mod.wisdar.net\/tr\/wp-json\/wp\/v2\/media\/213890"}],"wp:attachment":[{"href":"https:\/\/mod.wisdar.net\/tr\/wp-json\/wp\/v2\/media?parent=213894"}],"wp:term":[{"taxonomy":"product_brand","embeddable":true,"href":"https:\/\/mod.wisdar.net\/tr\/wp-json\/wp\/v2\/product_brand?post=213894"},{"taxonomy":"product_cat","embeddable":true,"href":"https:\/\/mod.wisdar.net\/tr\/wp-json\/wp\/v2\/product_cat?post=213894"},{"taxonomy":"product_tag","embeddable":true,"href":"https:\/\/mod.wisdar.net\/tr\/wp-json\/wp\/v2\/product_tag?post=213894"}],"curies":[{"name":"wp","href":"https:\/\/api.w.org\/{rel}","templated":true}]}}