{"id":213949,"date":"2026-04-07T12:34:43","date_gmt":"2026-04-07T12:34:43","guid":{"rendered":"https:\/\/modesthanim.com\/product\/kapusonlu-uzun-kollu-fermuarli-dikis-detayli-spor-sweatshirt\/"},"modified":"2026-04-07T12:35:14","modified_gmt":"2026-04-07T12:35:14","slug":"kapusonlu-uzun-kollu-fermuarli-dikis-detayli-spor-sweatshirt","status":"publish","type":"product","link":"https:\/\/mod.wisdar.net\/tr\/urun\/kapusonlu-uzun-kollu-fermuarli-dikis-detayli-spor-sweatshirt\/","title":{"rendered":"Kap\u00fc\u015fonlu Uzun Kollu Fermuarl\u0131 Diki\u015f Detayl\u0131 Spor Sweatshirt"},"content":{"rendered":"<p>Kap\u00fc\u015fonlu, uzun kollu, spor sweatshirt, \u015f\u0131k ve modern tasar\u0131m\u0131yla dikkat \u00e7ekiyor. Fermuarl\u0131 \u00f6n k\u0131sm\u0131 sayesinde pratik bir kullan\u0131m sunan sweatshirt, konforu ve tarz\u0131 bir arada sunuyor. Viskon kar\u0131\u015f\u0131ml\u0131 kuma\u015f\u0131, yumu\u015fak dokusuyla g\u00fcn boyu rahatl\u0131k sa\u011flarken, \u015fehir hayat\u0131n\u0131n dinamik temposuna uyum sa\u011fl\u0131yor. Standart boy kesimi ve slim fit tarz\u0131 ile v\u00fccudu nazik\u00e7e sararak, sportif ve zarif bir g\u00f6r\u00fcn\u00fcm sunuyor. Stil \u00d6nerisi Sweatshirt, denim pantolonlar ve beyaz spor ayakkab\u0131larla kombinlendi\u011finde g\u00fcnl\u00fck \u015f\u0131kl\u0131\u011f\u0131 tamaml\u0131yor. Daha spor bir g\u00f6r\u00fcn\u00fcm i\u00e7in tayt veya jogger pantolonlarla rahat\u00e7a uyum sa\u011flayabilir. So\u011fuk havalarda \u00fczerine uzun bir kaban ekleyerek tarz\u0131n\u0131z\u0131 tamamlayabilir, canl\u0131 ve modern bir g\u00f6r\u00fcn\u00fcm elde edebilirsiniz. Aksesuar olarak minimal bir s\u0131rt \u00e7antas\u0131 ve sade bir \u015fapka ile stilinizi g\u00fc\u00e7lendirebilirsiniz. \u00dcr\u00fcn \u00d6zellikleri Kol Tipi: Uzun Kol Yaka Tipi: Kap\u00fc\u015fonlu Fit: Slim Fit Kuma\u015f: %46 Polyester, %4 Elastan, %50 Viskon Detay: Diki\u015f Detayl\u0131 Kullan\u0131m Alan\u0131: Spor Giyim Koton&#8217;un \u015f\u0131k ve modern sweatshirt tasar\u0131m\u0131 ile g\u00fcnl\u00fck kombinlerinize hareket kat\u0131n. Koton sweatshirt koleksiyonunu ke\u015ffederek stilinize yeni bir soluk getirin! Respect Life \u2013 Ya\u015fama Sayg\u0131 | Bu \u00fcr\u00fcn geri d\u00f6n\u00fc\u015ft\u00fcr\u00fclm\u00fc\u015f iplikten \u00fcretilmi\u015ftir. Koton&#8217;un insana ve topluma de\u011fer katma, gelecek nesillere daha ya\u015fan\u0131labilir bir d\u00fcnya b\u0131rakma duyarl\u0131l\u0131\u011f\u0131yla haz\u0131rlad\u0131\u011f\u0131 koleksiyonu ke\u015ffedin.<\/p>\n","protected":false},"excerpt":{"rendered":"<p>Kap\u00fc\u015fonlu, uzun kollu, spor sweatshirt, \u015f\u0131k ve modern tasar\u0131m\u0131yla dikkat \u00e7ekiyor. Fermuarl\u0131 \u00f6n k\u0131sm\u0131 sayesinde pratik bir kullan\u0131m sunan sweatshirt, konforu ve tarz\u0131 bir arada sunuyor. Viskon kar\u0131\u015f\u0131ml\u0131 kuma\u015f\u0131, yumu\u015fak dokusuyla g\u00fcn boyu rahatl\u0131k sa\u011flarken, \u015fehir hayat\u0131n\u0131n dinamik temposuna uyum sa\u011fl\u0131yor. Standart boy kesimi ve slim fit tarz\u0131 ile v\u00fccudu nazik\u00e7e sararak, sportif ve zarif [&hellip;]<\/p>\n","protected":false},"featured_media":213934,"comment_status":"open","ping_status":"closed","template":"","meta":[],"product_brand":[],"product_cat":[6948,6951],"product_tag":[7458,6905,7429,8039,6825,7310],"class_list":{"0":"post-213949","1":"product","2":"type-product","3":"status-publish","4":"has-post-thumbnail","6":"product_cat-spor-giyim","7":"product_cat-ust-giyim-ustler","8":"product_tag-fermuarli-2","9":"product_tag-gunluk-sik","10":"product_tag-kapusonlu-sweatshirt","11":"product_tag-koton","12":"product_tag-sehir-stili","13":"product_tag-slim-fit","14":"pa_brand-koton","15":"pa_color-lacivert","16":"pa_size-l","17":"pa_size-m","18":"pa_size-s","19":"pa_size-xl","20":"pa_size-xs","22":"first","23":"instock","24":"shipping-taxable","25":"purchasable","26":"product-type-variable"},"_links":{"self":[{"href":"https:\/\/mod.wisdar.net\/tr\/wp-json\/wp\/v2\/product\/213949","targetHints":{"allow":["GET"]}}],"collection":[{"href":"https:\/\/mod.wisdar.net\/tr\/wp-json\/wp\/v2\/product"}],"about":[{"href":"https:\/\/mod.wisdar.net\/tr\/wp-json\/wp\/v2\/types\/product"}],"replies":[{"embeddable":true,"href":"https:\/\/mod.wisdar.net\/tr\/wp-json\/wp\/v2\/comments?post=213949"}],"wp:featuredmedia":[{"embeddable":true,"href":"https:\/\/mod.wisdar.net\/tr\/wp-json\/wp\/v2\/media\/213934"}],"wp:attachment":[{"href":"https:\/\/mod.wisdar.net\/tr\/wp-json\/wp\/v2\/media?parent=213949"}],"wp:term":[{"taxonomy":"product_brand","embeddable":true,"href":"https:\/\/mod.wisdar.net\/tr\/wp-json\/wp\/v2\/product_brand?post=213949"},{"taxonomy":"product_cat","embeddable":true,"href":"https:\/\/mod.wisdar.net\/tr\/wp-json\/wp\/v2\/product_cat?post=213949"},{"taxonomy":"product_tag","embeddable":true,"href":"https:\/\/mod.wisdar.net\/tr\/wp-json\/wp\/v2\/product_tag?post=213949"}],"curies":[{"name":"wp","href":"https:\/\/api.w.org\/{rel}","templated":true}]}}