{"id":214019,"date":"2026-04-07T12:36:30","date_gmt":"2026-04-07T12:36:30","guid":{"rendered":"https:\/\/modesthanim.com\/product\/nervurlu-beli-bagcikli-cepli-genis-paca-esofman-alti\/"},"modified":"2026-04-07T12:37:02","modified_gmt":"2026-04-07T12:37:02","slug":"nervurlu-beli-bagcikli-cepli-genis-paca-esofman-alti","status":"publish","type":"product","link":"https:\/\/mod.wisdar.net\/tr\/urun\/nervurlu-beli-bagcikli-cepli-genis-paca-esofman-alti\/","title":{"rendered":"Nerv\u00fcrl\u00fc Beli Ba\u011fc\u0131kl\u0131 Cepli Geni\u015f Pa\u00e7a E\u015fofman Alt\u0131"},"content":{"rendered":"<p>Geni\u015f pa\u00e7a e\u015fofman alt\u0131, modern ve rahat tasar\u0131m\u0131 ile g\u00fcn boyu konfor vadediyor. Geni\u015f pa\u00e7a kesimi, rahatl\u0131\u011f\u0131n yan\u0131nda stil sahibi bir g\u00f6r\u00fcn\u00fcm sunarken, normal bel yap\u0131s\u0131 ve yan cepleriyle pratik bir kullan\u0131m sa\u011fl\u0131yor. Nerv\u00fcr detaylar\u0131, \u00fcr\u00fcne \u015f\u0131kl\u0131k katan ince bir dokunu\u015fta bulunuyor ve spor giyim koleksiyonlar\u0131nda dikkat \u00e7ekiyor. E\u015fofman alt\u0131, kuma\u015f\u0131 sayesinde yumu\u015fak bir dokunu\u015f sa\u011fl\u0131yor, esnek yap\u0131s\u0131yla hem spor yaparken hem de g\u00fcnl\u00fck aktivitelerde tercih ediliyor. Stil \u00d6nerisi Geni\u015f pa\u00e7a e\u015fofman alt\u0131n\u0131, basic ti\u015f\u00f6rtler ve \u015f\u0131k sneaker lar ile kombinleyerek spor tarz\u0131n\u0131z\u0131 \u00f6ne \u00e7\u0131karabilirsiniz. Serin havalar i\u00e7in \u00fczerine d\u00fcz renk bir sweatshirt ya da ince bir mont ekleyerek, stilinizi tamamlayabilirsiniz. Minimal tak\u0131lar ve spor bir \u00e7antayla kombininizi zenginle\u015ftirebilir, hafta sonu gezilerinizde de \u015f\u0131kl\u0131\u011f\u0131 rahatl\u0131kla birle\u015ftirebilirsiniz. \u00dcr\u00fcn \u00d6zellikleri Kuma\u015f: %49 Viskon, %5 Elastan, %46 Polyester Bel Tipi: Normal Bel Cep Tipi: Yan Cep Fit: Rahat Kal\u0131p Stil &amp; Siluet: Geni\u015f Pa\u00e7a Ekstra Detay: Nerv\u00fcrl\u00fc Kullan\u0131m Alan\u0131: G\u00fcnl\u00fck Giyim, Spor Giyim Koton&#8217;un trend e\u015fofman altlar\u0131 rahat kullan\u0131m ve \u015f\u0131k g\u00f6r\u00fcn\u00fcm\u00fcyle kombinlerinize sportif bir hava kat\u0131yor. Koton e\u015fofman tasar\u0131mlar\u0131yla siz de stilinizde fark yarat\u0131n! Respect Life \u2013 Ya\u015fama Sayg\u0131 | \u00c7evre dostu kuma\u015f. Koton&#8217;un insana ve topluma de\u011fer katma, gelecek nesillere daha ya\u015fan\u0131labilir bir d\u00fcnya b\u0131rakma duyarl\u0131l\u0131\u011f\u0131yla haz\u0131rlad\u0131\u011f\u0131 koleksiyonu ke\u015ffedin.<\/p>\n","protected":false},"excerpt":{"rendered":"<p>Geni\u015f pa\u00e7a e\u015fofman alt\u0131, modern ve rahat tasar\u0131m\u0131 ile g\u00fcn boyu konfor vadediyor. Geni\u015f pa\u00e7a kesimi, rahatl\u0131\u011f\u0131n yan\u0131nda stil sahibi bir g\u00f6r\u00fcn\u00fcm sunarken, normal bel yap\u0131s\u0131 ve yan cepleriyle pratik bir kullan\u0131m sa\u011fl\u0131yor. Nerv\u00fcr detaylar\u0131, \u00fcr\u00fcne \u015f\u0131kl\u0131k katan ince bir dokunu\u015fta bulunuyor ve spor giyim koleksiyonlar\u0131nda dikkat \u00e7ekiyor. E\u015fofman alt\u0131, kuma\u015f\u0131 sayesinde yumu\u015fak bir dokunu\u015f [&hellip;]<\/p>\n","protected":false},"featured_media":214013,"comment_status":"open","ping_status":"closed","template":"","meta":[],"product_brand":[],"product_cat":[6954,6948],"product_tag":[7490,7651,7643,7419,5013,6751,8107,7424],"class_list":{"0":"post-214019","1":"product","2":"type-product","3":"status-publish","4":"has-post-thumbnail","6":"product_cat-alt-vucut-alt-giyim","7":"product_cat-spor-giyim","8":"product_tag-bol-paca-2","9":"product_tag-esofman-alti","10":"product_tag-fitilli","11":"product_tag-gunluk","12":"product_tag-modern","13":"product_tag-rahat","14":"product_tag-sik","15":"product_tag-spor-giyim","16":"pa_brand-koton","17":"pa_color-lacivert","18":"pa_size-l","19":"pa_size-m","20":"pa_size-s","21":"pa_size-xl","22":"pa_size-xs","24":"first","25":"instock","26":"shipping-taxable","27":"purchasable","28":"product-type-variable"},"_links":{"self":[{"href":"https:\/\/mod.wisdar.net\/tr\/wp-json\/wp\/v2\/product\/214019","targetHints":{"allow":["GET"]}}],"collection":[{"href":"https:\/\/mod.wisdar.net\/tr\/wp-json\/wp\/v2\/product"}],"about":[{"href":"https:\/\/mod.wisdar.net\/tr\/wp-json\/wp\/v2\/types\/product"}],"replies":[{"embeddable":true,"href":"https:\/\/mod.wisdar.net\/tr\/wp-json\/wp\/v2\/comments?post=214019"}],"wp:featuredmedia":[{"embeddable":true,"href":"https:\/\/mod.wisdar.net\/tr\/wp-json\/wp\/v2\/media\/214013"}],"wp:attachment":[{"href":"https:\/\/mod.wisdar.net\/tr\/wp-json\/wp\/v2\/media?parent=214019"}],"wp:term":[{"taxonomy":"product_brand","embeddable":true,"href":"https:\/\/mod.wisdar.net\/tr\/wp-json\/wp\/v2\/product_brand?post=214019"},{"taxonomy":"product_cat","embeddable":true,"href":"https:\/\/mod.wisdar.net\/tr\/wp-json\/wp\/v2\/product_cat?post=214019"},{"taxonomy":"product_tag","embeddable":true,"href":"https:\/\/mod.wisdar.net\/tr\/wp-json\/wp\/v2\/product_tag?post=214019"}],"curies":[{"name":"wp","href":"https:\/\/api.w.org\/{rel}","templated":true}]}}