{"id":214070,"date":"2026-04-07T12:44:43","date_gmt":"2026-04-07T12:44:43","guid":{"rendered":"https:\/\/modesthanim.com\/product\/mavi-wideleg-stitch-baskili-kiz-cocuk-jean-pantolon\/"},"modified":"2026-04-14T13:02:36","modified_gmt":"2026-04-14T13:02:36","slug":"mavi-wideleg-stitch-baskili-kiz-cocuk-jean-pantolon","status":"publish","type":"product","link":"https:\/\/mod.wisdar.net\/tr\/urun\/mavi-wideleg-stitch-baskili-kiz-cocuk-jean-pantolon\/","title":{"rendered":"Mavi Wideleg Stitch Bask\u0131l\u0131 K\u0131z \u00c7ocuk Jean Pantolon"},"content":{"rendered":"<p>LCW Kids Mavi Wideleg Stitch Bask\u0131l\u0131 K\u0131z \u00c7ocuk Jean Pantolon size \u00f6zel indirim, taksit ve kap\u0131da \u00f6deme avantajlar\u0131yla LCW&#8217;de! Hemen online al\u0131\u015fveri\u015f yap, \u00fcr\u00fcn kap\u0131na gelsin! \u2013 S6FH47Z4-V2T<\/p>\n<p>\u2014 Technical Details \u2014<br \/>\nMen\u015fei: Turk\u0131ye<br \/>\nSat\u0131c\u0131: LC Waikiki<br \/>\nMarka: LCW Kids<br \/>\n\u00dcr\u00fcn Tipi: Jean Pantolon<br \/>\nCinsiyet: K\u0131z \u00c7ocuk<br \/>\nKal\u0131p: Wideleg<br \/>\nKuma\u015f: Denim<br \/>\nBel Fiti: Beli Lastikli<br \/>\nDesen: Bask\u0131l\u0131<br \/>\nPa\u00e7a Fiti: Geni\u015f Pa\u00e7a<br \/>\nKal\u0131nl\u0131k: Orta Kal\u0131nl\u0131k<br \/>\nLisans: Lilo &amp; Stitch<br \/>\nMalzeme: %100 Pamuk<\/p>\n","protected":false},"excerpt":{"rendered":"<p>LCW Kids Mavi Wideleg Stitch Bask\u0131l\u0131 K\u0131z \u00c7ocuk Jean Pantolon size \u00f6zel indirim, taksit ve kap\u0131da \u00f6deme avantajlar\u0131yla LCW&#8217;de! Hemen online al\u0131\u015fveri\u015f yap, \u00fcr\u00fcn kap\u0131na gelsin! \u2013 S6FH47Z4-V2T \u2014 Technical Details \u2014 Men\u015fei: Turk\u0131ye Sat\u0131c\u0131: LC Waikiki Marka: LCW Kids \u00dcr\u00fcn Tipi: Jean Pantolon Cinsiyet: K\u0131z \u00c7ocuk Kal\u0131p: Wideleg Kuma\u015f: Denim Bel Fiti: Beli Lastikli [&hellip;]<\/p>\n","protected":false},"featured_media":214062,"comment_status":"open","ping_status":"closed","template":"","meta":[],"product_brand":[],"product_cat":[8715,8694,8727],"product_tag":[6765],"class_list":{"0":"post-214070","1":"product","2":"type-product","3":"status-publish","4":"has-post-thumbnail","6":"product_cat-kiz-cocuklari-2-14-yas","7":"product_cat-cocuklar","8":"product_cat-pantolon","9":"product_tag-lastikli-bel","10":"pa_brand-lcw-kids","11":"pa_color-mavi","12":"pa_size-10-11-yas","13":"pa_size-11-12-yas","14":"pa_size-12-13-yas","15":"pa_size-13-14-yas","16":"pa_size-7-8-yas","17":"pa_size-8-9-yas","18":"pa_size-9-10-yas","20":"first","21":"instock","22":"sale","23":"shipping-taxable","24":"purchasable","25":"product-type-variable"},"_links":{"self":[{"href":"https:\/\/mod.wisdar.net\/tr\/wp-json\/wp\/v2\/product\/214070","targetHints":{"allow":["GET"]}}],"collection":[{"href":"https:\/\/mod.wisdar.net\/tr\/wp-json\/wp\/v2\/product"}],"about":[{"href":"https:\/\/mod.wisdar.net\/tr\/wp-json\/wp\/v2\/types\/product"}],"replies":[{"embeddable":true,"href":"https:\/\/mod.wisdar.net\/tr\/wp-json\/wp\/v2\/comments?post=214070"}],"wp:featuredmedia":[{"embeddable":true,"href":"https:\/\/mod.wisdar.net\/tr\/wp-json\/wp\/v2\/media\/214062"}],"wp:attachment":[{"href":"https:\/\/mod.wisdar.net\/tr\/wp-json\/wp\/v2\/media?parent=214070"}],"wp:term":[{"taxonomy":"product_brand","embeddable":true,"href":"https:\/\/mod.wisdar.net\/tr\/wp-json\/wp\/v2\/product_brand?post=214070"},{"taxonomy":"product_cat","embeddable":true,"href":"https:\/\/mod.wisdar.net\/tr\/wp-json\/wp\/v2\/product_cat?post=214070"},{"taxonomy":"product_tag","embeddable":true,"href":"https:\/\/mod.wisdar.net\/tr\/wp-json\/wp\/v2\/product_tag?post=214070"}],"curies":[{"name":"wp","href":"https:\/\/api.w.org\/{rel}","templated":true}]}}