{"id":214329,"date":"2026-04-07T12:47:55","date_gmt":"2026-04-07T12:47:55","guid":{"rendered":"https:\/\/modesthanim.com\/product\/manolya-abiye-krem\/"},"modified":"2026-04-07T13:06:33","modified_gmt":"2026-04-07T13:06:33","slug":"manolya-abiye-krem","status":"publish","type":"product","link":"https:\/\/mod.wisdar.net\/tr\/urun\/manolya-abiye-krem\/","title":{"rendered":"Manolya Abiye Krem"},"content":{"rendered":"<p>*Abiyenin pelerini \u00e7i\u00e7ek detayl\u0131, ta\u015flar\u0131 \u00e7ak\u0131m, arkas\u0131 fermuarl\u0131 \u00f6n\u00fc drape detayl\u0131d\u0131r.G\u00f6\u011f\u00fcs deste\u011fi bulunur.<br \/>\n*Abiye etek boy 155cm<br \/>\n*Omuz 36cm<br \/>\n*G\u00f6\u011f\u00fcs 48cm<br \/>\n*Pelerin boy 155cm<\/p>\n","protected":false},"excerpt":{"rendered":"<p>*Abiyenin pelerini \u00e7i\u00e7ek detayl\u0131, ta\u015flar\u0131 \u00e7ak\u0131m, arkas\u0131 fermuarl\u0131 \u00f6n\u00fc drape detayl\u0131d\u0131r.G\u00f6\u011f\u00fcs deste\u011fi bulunur. *Abiye etek boy 155cm *Omuz 36cm *G\u00f6\u011f\u00fcs 48cm *Pelerin boy 155cm<\/p>\n","protected":false},"featured_media":214326,"comment_status":"open","ping_status":"closed","template":"","meta":[],"product_brand":[],"product_cat":[6249,1936],"product_tag":[8418,8422,6772],"class_list":{"0":"post-214329","1":"product","2":"type-product","3":"status-publish","4":"has-post-thumbnail","6":"product_cat-elbiseler","7":"product_cat-resmi-ve-aksam-elbiseleri","8":"product_tag-abiye-elbise","9":"product_tag-krem-elbise","10":"product_tag-ozel-gun","11":"pa_brand-butikkolik","12":"pa_color-krem","13":"pa_size-4706","14":"pa_size-4711","15":"pa_size-4713","16":"pa_size-4749","18":"first","19":"instock","20":"sale","21":"shipping-taxable","22":"purchasable","23":"product-type-variable"},"_links":{"self":[{"href":"https:\/\/mod.wisdar.net\/tr\/wp-json\/wp\/v2\/product\/214329","targetHints":{"allow":["GET"]}}],"collection":[{"href":"https:\/\/mod.wisdar.net\/tr\/wp-json\/wp\/v2\/product"}],"about":[{"href":"https:\/\/mod.wisdar.net\/tr\/wp-json\/wp\/v2\/types\/product"}],"replies":[{"embeddable":true,"href":"https:\/\/mod.wisdar.net\/tr\/wp-json\/wp\/v2\/comments?post=214329"}],"wp:featuredmedia":[{"embeddable":true,"href":"https:\/\/mod.wisdar.net\/tr\/wp-json\/wp\/v2\/media\/214326"}],"wp:attachment":[{"href":"https:\/\/mod.wisdar.net\/tr\/wp-json\/wp\/v2\/media?parent=214329"}],"wp:term":[{"taxonomy":"product_brand","embeddable":true,"href":"https:\/\/mod.wisdar.net\/tr\/wp-json\/wp\/v2\/product_brand?post=214329"},{"taxonomy":"product_cat","embeddable":true,"href":"https:\/\/mod.wisdar.net\/tr\/wp-json\/wp\/v2\/product_cat?post=214329"},{"taxonomy":"product_tag","embeddable":true,"href":"https:\/\/mod.wisdar.net\/tr\/wp-json\/wp\/v2\/product_tag?post=214329"}],"curies":[{"name":"wp","href":"https:\/\/api.w.org\/{rel}","templated":true}]}}