{"id":214392,"date":"2026-04-07T12:48:36","date_gmt":"2026-04-07T12:48:36","guid":{"rendered":"https:\/\/modesthanim.com\/product\/yuksek-bel-baskili-ispanyol-paca-spor-tayt\/"},"modified":"2026-04-15T21:29:21","modified_gmt":"2026-04-15T21:29:21","slug":"yuksek-bel-baskili-ispanyol-paca-spor-tayt","status":"publish","type":"product","link":"https:\/\/mod.wisdar.net\/tr\/urun\/yuksek-bel-baskili-ispanyol-paca-spor-tayt\/","title":{"rendered":"Y\u00fcksek Bel Bask\u0131l\u0131 \u0130spanyol Pa\u00e7a Spor Tayt"},"content":{"rendered":"<p>Tayt, y\u00fcksek bel tasar\u0131m\u0131 ve slim fit yap\u0131s\u0131yla spor yaparken maksimum konfor sunuyor. \u0130spanyol pa\u00e7a detay\u0131yla dikkat \u00e7eken bu par\u00e7a, hem stil hem de rahatl\u0131k arayanlar i\u00e7in ideal. Bask\u0131 detay\u0131yla modern bir g\u00f6r\u00fcn\u00fcm kazanan tayt, spor aktivitelerinizin yan\u0131 s\u0131ra g\u00fcnl\u00fck kombinlerinizde de kullan\u0131labiliyor. Stil \u00d6nerisi Tayt\u0131, basic ti\u015f\u00f6rtler ve oversize sweatshirtlerle kombinleyerek konforlu ve stil sahibi bir spor g\u00f6r\u00fcn\u00fcm\u00fc elde edebilirsiniz. Ayn\u0131 zamanda spor ceketlerle ve sneaker ayakkab\u0131larla tamamlayarak g\u00fcnl\u00fck \u015fehir stilinizi olu\u015fturabilirsiniz. Minimal \u015fapkalar ve \u00e7antalarla detayland\u0131rarak pratik ve \u015f\u0131k bir g\u00f6r\u00fcn\u00fcm kazanabilirsiniz. Bu tayt, gerek spor salonunda gerekse g\u00fcnl\u00fck ya\u015famda rahatl\u0131kla tercih edebilece\u011finiz \u00e7ok y\u00f6nl\u00fc bir par\u00e7a olarak \u00f6ne \u00e7\u0131k\u0131yor. \u00dcr\u00fcn \u00d6zellikleri Kuma\u015f: %20 Elastan, %80 Polyester Bel Tipi: Y\u00fcksek Bel Fit: Slim Fit Pa\u00e7a: \u0130spanyol Pa\u00e7a Detay: Bask\u0131l\u0131 Kullan\u0131m Alan\u0131: Spor Giyim Koton&#8217;un spor koleksiyonunun vazge\u00e7ilmezi olan tayt modelleriyle aktif ya\u015fam\u0131n tad\u0131n\u0131 \u00e7\u0131kar\u0131n! Y\u00fcksek bel yap\u0131s\u0131 ve rahat kal\u0131b\u0131 ile g\u00fcnl\u00fck kullan\u0131mda ideal bir par\u00e7a haline gelen Koton tayt koleksiyonuyla tarz\u0131n\u0131z\u0131 ve rahatl\u0131\u011f\u0131n\u0131z\u0131 \u00f6n plana \u00e7\u0131kar\u0131n!<\/p>\n<p>\u2014 Technical Details \u2014<br \/>\nKuma\u015f: %20 ELASTAN, %80 POL\u0130ESTER<br \/>\nSil\u00fcet: Flare<br \/>\nBel Y\u00fcksekli\u011fi: Y\u00fcksek Bel<br \/>\n\u00dcr\u00fcn Tipi \/ Stil: Flare<br \/>\n\u00dcr\u00fcn\u00fcn Alt Markas\u0131: Trends<br \/>\nSat\u0131c\u0131\/\u0130malat\u00e7\u0131\/\u0130thalat\u00e7\u0131 \u0130smi: Koton Ma\u011fazac\u0131l\u0131k Tekstil Sanayi ve Ticaret A.\u015e.<br \/>\nPosta Adresi: Ayaza\u011fa Mah. Maslak Ayaza\u011fa Cad. No:3 \u0130\u00e7 Kap\u0131 No:5 Sar\u0131yer\/\u0130stanbul<br \/>\nE-Posta Adresi: mim@koton.com<\/p>\n","protected":false},"excerpt":{"rendered":"<p>Tayt, y\u00fcksek bel tasar\u0131m\u0131 ve slim fit yap\u0131s\u0131yla spor yaparken maksimum konfor sunuyor. \u0130spanyol pa\u00e7a detay\u0131yla dikkat \u00e7eken bu par\u00e7a, hem stil hem de rahatl\u0131k arayanlar i\u00e7in ideal. Bask\u0131 detay\u0131yla modern bir g\u00f6r\u00fcn\u00fcm kazanan tayt, spor aktivitelerinizin yan\u0131 s\u0131ra g\u00fcnl\u00fck kombinlerinizde de kullan\u0131labiliyor. Stil \u00d6nerisi Tayt\u0131, basic ti\u015f\u00f6rtler ve oversize sweatshirtlerle kombinleyerek konforlu ve stil [&hellip;]<\/p>\n","protected":false},"featured_media":214383,"comment_status":"open","ping_status":"closed","template":"","meta":[],"product_brand":[],"product_cat":[6954,6948],"product_tag":[7444,7424,7480,7443],"class_list":{"0":"post-214392","1":"product","2":"type-product","3":"status-publish","4":"has-post-thumbnail","6":"product_cat-alt-vucut-alt-giyim","7":"product_cat-spor-giyim","8":"product_tag-jarse","9":"product_tag-spor-giyim","10":"product_tag-tayt","11":"product_tag-trendler","12":"pa_brand-koton","13":"pa_color-lacivert","14":"pa_size-l","15":"pa_size-m","16":"pa_size-s","17":"pa_size-xl","18":"pa_size-xs","19":"pa_size-xxl","21":"first","22":"instock","23":"shipping-taxable","24":"purchasable","25":"product-type-variable"},"_links":{"self":[{"href":"https:\/\/mod.wisdar.net\/tr\/wp-json\/wp\/v2\/product\/214392","targetHints":{"allow":["GET"]}}],"collection":[{"href":"https:\/\/mod.wisdar.net\/tr\/wp-json\/wp\/v2\/product"}],"about":[{"href":"https:\/\/mod.wisdar.net\/tr\/wp-json\/wp\/v2\/types\/product"}],"replies":[{"embeddable":true,"href":"https:\/\/mod.wisdar.net\/tr\/wp-json\/wp\/v2\/comments?post=214392"}],"wp:featuredmedia":[{"embeddable":true,"href":"https:\/\/mod.wisdar.net\/tr\/wp-json\/wp\/v2\/media\/214383"}],"wp:attachment":[{"href":"https:\/\/mod.wisdar.net\/tr\/wp-json\/wp\/v2\/media?parent=214392"}],"wp:term":[{"taxonomy":"product_brand","embeddable":true,"href":"https:\/\/mod.wisdar.net\/tr\/wp-json\/wp\/v2\/product_brand?post=214392"},{"taxonomy":"product_cat","embeddable":true,"href":"https:\/\/mod.wisdar.net\/tr\/wp-json\/wp\/v2\/product_cat?post=214392"},{"taxonomy":"product_tag","embeddable":true,"href":"https:\/\/mod.wisdar.net\/tr\/wp-json\/wp\/v2\/product_tag?post=214392"}],"curies":[{"name":"wp","href":"https:\/\/api.w.org\/{rel}","templated":true}]}}