{"id":214465,"date":"2026-04-07T12:49:49","date_gmt":"2026-04-07T12:49:49","guid":{"rendered":"https:\/\/modesthanim.com\/product\/yuksek-bel-dikis-detayli-slim-fit-spor-tayt-3\/"},"modified":"2026-04-15T21:27:46","modified_gmt":"2026-04-15T21:27:46","slug":"yuksek-bel-dikis-detayli-slim-fit-spor-tayt-3","status":"publish","type":"product","link":"https:\/\/mod.wisdar.net\/tr\/urun\/yuksek-bel-dikis-detayli-slim-fit-spor-tayt-3\/","title":{"rendered":"Y\u00fcksek Bel Diki\u015f Detayl\u0131 Slim Fit Spor Tayt"},"content":{"rendered":"<p>Y\u00fcksek bel, slim fit tayt, konfor ve \u015f\u0131kl\u0131\u011f\u0131 bir arada sunuyor. \u0130nterlok kuma\u015f yap\u0131s\u0131 sayesinde g\u00fcn boyu rahatl\u0131k sa\u011flayarak, hareket \u00f6zg\u00fcrl\u00fc\u011f\u00fc sunuyor. Diki\u015f detay\u0131 ve bilek boy tasar\u0131m\u0131yla spor aktivitelerinizi destekliyor. Trendler aras\u0131nda yer alan bu tayt, g\u00fcnl\u00fck giyimden spor kombinlere kadar geni\u015f bir kullan\u0131m alan\u0131 sunuyor. Stil \u00d6nerisi Slim fit, spor tayt, rahat ve \u015f\u0131k bir g\u00f6r\u00fcn\u00fcm olu\u015fturmak i\u00e7in ideal bir se\u00e7enektir. Basic bir crop ti\u015f\u00f6rt ve sneaker ile g\u00fcn boyu s\u00fcrecek olan konforlu bir spor g\u00f6r\u00fcn\u00fcm elde edebilirsiniz. So\u011fuk havalarda oversize bir sweatshirt veya ceketle kombinleyerek stilinize katman ekleyebilirsiniz. Tayt\u0131n\u0131z\u0131 spor sonras\u0131 bulu\u015fmalara da uygun hale getirmek i\u00e7in minimal tak\u0131lar ve \u015f\u0131k bir s\u0131rt \u00e7antas\u0131 ile tamamlayabilirsiniz. \u00dcr\u00fcn \u00d6zellikleri Bel Tipi: Y\u00fcksek Bel Fit: Slim Fit Pa\u00e7a: Normal Pa\u00e7a Kuma\u015f: %81 Polyester, %19 Elastan Stil: Tayt Siluet: Diki\u015f Detayl\u0131 Kullan\u0131m Alan\u0131: Spor Giyim Koton&#8217;un \u015f\u0131k ve konforlu spor taytlar\u0131 ile sportif stilinizi tamamlay\u0131n. Koton tayt koleksiyonlar\u0131yla hareket \u00f6zg\u00fcrl\u00fc\u011f\u00fcn\u00fcz\u00fc art\u0131r\u0131n!<\/p>\n","protected":false},"excerpt":{"rendered":"<p>Y\u00fcksek bel, slim fit tayt, konfor ve \u015f\u0131kl\u0131\u011f\u0131 bir arada sunuyor. \u0130nterlok kuma\u015f yap\u0131s\u0131 sayesinde g\u00fcn boyu rahatl\u0131k sa\u011flayarak, hareket \u00f6zg\u00fcrl\u00fc\u011f\u00fc sunuyor. Diki\u015f detay\u0131 ve bilek boy tasar\u0131m\u0131yla spor aktivitelerinizi destekliyor. Trendler aras\u0131nda yer alan bu tayt, g\u00fcnl\u00fck giyimden spor kombinlere kadar geni\u015f bir kullan\u0131m alan\u0131 sunuyor. Stil \u00d6nerisi Slim fit, spor tayt, rahat ve [&hellip;]<\/p>\n","protected":false},"featured_media":214457,"comment_status":"open","ping_status":"closed","template":"","meta":[],"product_brand":[],"product_cat":[6954,6948],"product_tag":[7446,7637,7469,8081,7310,8003],"class_list":{"0":"post-214465","1":"product","2":"type-product","3":"status-publish","4":"has-post-thumbnail","6":"product_cat-alt-vucut-alt-giyim","7":"product_cat-spor-giyim","8":"product_tag-atletik-giyim","9":"product_tag-dikis-detayi","10":"product_tag-interlock-kumas","11":"product_tag-rahat-tayt","12":"product_tag-slim-fit","13":"product_tag-spor-tayt-2","14":"pa_brand-koton","15":"pa_color-murdum","16":"pa_size-l","17":"pa_size-m","18":"pa_size-s","19":"pa_size-xl","20":"pa_size-xs","21":"pa_size-xxl","23":"first","24":"instock","25":"shipping-taxable","26":"purchasable","27":"product-type-variable"},"_links":{"self":[{"href":"https:\/\/mod.wisdar.net\/tr\/wp-json\/wp\/v2\/product\/214465","targetHints":{"allow":["GET"]}}],"collection":[{"href":"https:\/\/mod.wisdar.net\/tr\/wp-json\/wp\/v2\/product"}],"about":[{"href":"https:\/\/mod.wisdar.net\/tr\/wp-json\/wp\/v2\/types\/product"}],"replies":[{"embeddable":true,"href":"https:\/\/mod.wisdar.net\/tr\/wp-json\/wp\/v2\/comments?post=214465"}],"wp:featuredmedia":[{"embeddable":true,"href":"https:\/\/mod.wisdar.net\/tr\/wp-json\/wp\/v2\/media\/214457"}],"wp:attachment":[{"href":"https:\/\/mod.wisdar.net\/tr\/wp-json\/wp\/v2\/media?parent=214465"}],"wp:term":[{"taxonomy":"product_brand","embeddable":true,"href":"https:\/\/mod.wisdar.net\/tr\/wp-json\/wp\/v2\/product_brand?post=214465"},{"taxonomy":"product_cat","embeddable":true,"href":"https:\/\/mod.wisdar.net\/tr\/wp-json\/wp\/v2\/product_cat?post=214465"},{"taxonomy":"product_tag","embeddable":true,"href":"https:\/\/mod.wisdar.net\/tr\/wp-json\/wp\/v2\/product_tag?post=214465"}],"curies":[{"name":"wp","href":"https:\/\/api.w.org\/{rel}","templated":true}]}}